{"id":6942,"date":"2023-10-06T14:07:10","date_gmt":"2023-10-06T17:07:10","guid":{"rendered":"https:\/\/motionup.com.br\/site\/?post_type=product&#038;p=6942"},"modified":"2023-10-06T14:07:11","modified_gmt":"2023-10-06T17:07:11","slug":"o5c500-sensor-de-cores-retangular-alcance-15-19mm-ifm","status":"publish","type":"product","link":"https:\/\/motionup.com.br\/site\/produto\/o5c500-sensor-de-cores-retangular-alcance-15-19mm-ifm\/","title":{"rendered":"O5C500 &#8211; SENSOR DE CORES (RETANGULAR) &#8211; ALCANCE: 15..19mm &#8211; IFM"},"content":{"rendered":"<p>O5C500 &#8211; SENSOR DE CORES (RETANGULAR) &#8211; ALCANCE: 15..19mm &#8211; IFM<\/p>\n<p>Consulte um vendedor e solicite um or\u00e7amento<\/p>\n<p>vendas@motionup.com.br<\/p>\n<p>motionup@motionup.com.br<\/p>\n<hr \/>\n<ul class=\"bulletpoint-list__entries\">\n<li>Detec\u00e7\u00e3o, divis\u00e3o e controle de objetos pelas suas cores<\/li>\n<li>F\u00e1cil ajuste das fun\u00e7\u00f5es do aparelho mediante processo Teach<\/li>\n<li>Detec\u00e7\u00e3o segura de nuances de cores<\/li>\n<li>Alta frequ\u00eancia de comuta\u00e7\u00e3o para processos r\u00e1pidos<\/li>\n<li>Grande variedade de componentes de fixa\u00e7\u00e3o<\/li>\n<\/ul>\n<blockquote><p><strong>CARACTERISTICAS DO PRODUTO<\/strong><\/p><\/blockquote>\n<ul>\n<li>Tipo de luz &#8212;&gt; luz vermelha; luz verde; Luz azul<\/li>\n<li>Inv\u00f3lucro &#8212;&gt; Retangular<\/li>\n<\/ul>\n<blockquote><p><strong>FAIXA DE REGISTRO<\/strong><\/p><\/blockquote>\n<ul>\n<li>Alcance [mm] &#8212;&gt; 15&#8230;19<\/li>\n<li>Largura m\u00e1x. da mancha de luz [mm] &#8212;&gt; 2,5<\/li>\n<li>Altura m\u00e1x. da mancha de luz [mm] &#8212;&gt; 6<\/li>\n<\/ul>\n","protected":false},"excerpt":{"rendered":"<p>O5C500 &#8211; SENSOR DE CORES (RETANGULAR) &#8211; ALCANCE: 15..19mm &#8211; IFM Consulte um vendedor e solicite um or\u00e7amento vendas@motionup.com.br motionup@motionup.com.br Detec\u00e7\u00e3o, divis\u00e3o e controle de objetos pelas suas cores F\u00e1cil ajuste das fun\u00e7\u00f5es do aparelho mediante processo Teach Detec\u00e7\u00e3o segura de nuances de cores Alta frequ\u00eancia de comuta\u00e7\u00e3o para processos r\u00e1pidos Grande variedade de componentes [&hellip;]<\/p>\n","protected":false},"featured_media":6943,"template":"","meta":[],"product_brand":[],"product_cat":[353,56,665],"product_tag":[],"class_list":{"0":"post-6942","1":"product","2":"type-product","3":"status-publish","4":"has-post-thumbnail","6":"product_cat-ifm","7":"product_cat-sensores","8":"product_cat-sensores-distancia","10":"first","11":"onbackorder","12":"shipping-taxable","13":"product-type-simple"},"yoast_head":"<!-- This site is optimized with the Yoast SEO plugin v26.3 - https:\/\/yoast.com\/wordpress\/plugins\/seo\/ -->\n<title>O5C500 - SENSOR DE CORES (RETANGULAR) - ALCANCE: 15..19mm - IFM - Loja Motion Up<\/title>\n<meta name=\"robots\" content=\"index, follow, max-snippet:-1, max-image-preview:large, max-video-preview:-1\" \/>\n<link rel=\"canonical\" href=\"https:\/\/motionup.com.br\/site\/produto\/o5c500-sensor-de-cores-retangular-alcance-15-19mm-ifm\/\" \/>\n<meta property=\"og:locale\" content=\"pt_BR\" \/>\n<meta property=\"og:type\" content=\"article\" \/>\n<meta property=\"og:title\" content=\"O5C500 - SENSOR DE CORES (RETANGULAR) - ALCANCE: 15..19mm - IFM - Loja Motion Up\" \/>\n<meta property=\"og:description\" content=\"O5C500 &#8211; SENSOR DE CORES (RETANGULAR) &#8211; ALCANCE: 15..19mm &#8211; IFM Consulte um vendedor e solicite um or\u00e7amento vendas@motionup.com.br motionup@motionup.com.br Detec\u00e7\u00e3o, divis\u00e3o e controle de objetos pelas suas cores F\u00e1cil ajuste das fun\u00e7\u00f5es do aparelho mediante processo Teach Detec\u00e7\u00e3o segura de nuances de cores Alta frequ\u00eancia de comuta\u00e7\u00e3o para processos r\u00e1pidos Grande variedade de componentes [&hellip;]\" \/>\n<meta property=\"og:url\" content=\"https:\/\/motionup.com.br\/site\/produto\/o5c500-sensor-de-cores-retangular-alcance-15-19mm-ifm\/\" \/>\n<meta property=\"og:site_name\" content=\"Loja Motion Up\" \/>\n<meta property=\"article:publisher\" content=\"https:\/\/m.facebook.com\/fp3motionup\/about\/\" \/>\n<meta property=\"article:modified_time\" content=\"2023-10-06T17:07:11+00:00\" \/>\n<meta property=\"og:image\" content=\"https:\/\/motionup.com.br\/site\/wp-content\/uploads\/2023\/10\/IG6083-22.jpg\" \/>\n\t<meta property=\"og:image:width\" content=\"600\" \/>\n\t<meta property=\"og:image:height\" content=\"600\" \/>\n\t<meta property=\"og:image:type\" content=\"image\/jpeg\" \/>\n<meta name=\"twitter:card\" content=\"summary_large_image\" \/>\n<meta name=\"twitter:label1\" content=\"Est. tempo de leitura\" \/>\n\t<meta name=\"twitter:data1\" content=\"1 minuto\" \/>\n<script type=\"application\/ld+json\" class=\"yoast-schema-graph\">{\"@context\":\"https:\/\/schema.org\",\"@graph\":[{\"@type\":\"WebPage\",\"@id\":\"https:\/\/motionup.com.br\/site\/produto\/o5c500-sensor-de-cores-retangular-alcance-15-19mm-ifm\/\",\"url\":\"https:\/\/motionup.com.br\/site\/produto\/o5c500-sensor-de-cores-retangular-alcance-15-19mm-ifm\/\",\"name\":\"O5C500 - SENSOR DE CORES (RETANGULAR) - ALCANCE: 15..19mm - IFM - Loja Motion Up\",\"isPartOf\":{\"@id\":\"https:\/\/motionup.com.br\/site\/#website\"},\"primaryImageOfPage\":{\"@id\":\"https:\/\/motionup.com.br\/site\/produto\/o5c500-sensor-de-cores-retangular-alcance-15-19mm-ifm\/#primaryimage\"},\"image\":{\"@id\":\"https:\/\/motionup.com.br\/site\/produto\/o5c500-sensor-de-cores-retangular-alcance-15-19mm-ifm\/#primaryimage\"},\"thumbnailUrl\":\"https:\/\/motionup.com.br\/site\/wp-content\/uploads\/2023\/10\/IG6083-22.jpg\",\"datePublished\":\"2023-10-06T17:07:10+00:00\",\"dateModified\":\"2023-10-06T17:07:11+00:00\",\"breadcrumb\":{\"@id\":\"https:\/\/motionup.com.br\/site\/produto\/o5c500-sensor-de-cores-retangular-alcance-15-19mm-ifm\/#breadcrumb\"},\"inLanguage\":\"pt-BR\",\"potentialAction\":[{\"@type\":\"ReadAction\",\"target\":[\"https:\/\/motionup.com.br\/site\/produto\/o5c500-sensor-de-cores-retangular-alcance-15-19mm-ifm\/\"]}]},{\"@type\":\"ImageObject\",\"inLanguage\":\"pt-BR\",\"@id\":\"https:\/\/motionup.com.br\/site\/produto\/o5c500-sensor-de-cores-retangular-alcance-15-19mm-ifm\/#primaryimage\",\"url\":\"https:\/\/motionup.com.br\/site\/wp-content\/uploads\/2023\/10\/IG6083-22.jpg\",\"contentUrl\":\"https:\/\/motionup.com.br\/site\/wp-content\/uploads\/2023\/10\/IG6083-22.jpg\",\"width\":600,\"height\":600},{\"@type\":\"BreadcrumbList\",\"@id\":\"https:\/\/motionup.com.br\/site\/produto\/o5c500-sensor-de-cores-retangular-alcance-15-19mm-ifm\/#breadcrumb\",\"itemListElement\":[{\"@type\":\"ListItem\",\"position\":1,\"name\":\"In\u00edcio\",\"item\":\"https:\/\/motionup.com.br\/site\/\"},{\"@type\":\"ListItem\",\"position\":2,\"name\":\"Produtos\",\"item\":\"https:\/\/motionup.com.br\/site\/produtos\/\"},{\"@type\":\"ListItem\",\"position\":3,\"name\":\"O5C500 &#8211; SENSOR DE CORES (RETANGULAR) &#8211; ALCANCE: 15..19mm &#8211; IFM\"}]},{\"@type\":\"WebSite\",\"@id\":\"https:\/\/motionup.com.br\/site\/#website\",\"url\":\"https:\/\/motionup.com.br\/site\/\",\"name\":\"Motion Up\",\"description\":\"E-commerce Motion Up - Automa\u00e7\u00e3o Industrial\",\"publisher\":{\"@id\":\"https:\/\/motionup.com.br\/site\/#organization\"},\"potentialAction\":[{\"@type\":\"SearchAction\",\"target\":{\"@type\":\"EntryPoint\",\"urlTemplate\":\"https:\/\/motionup.com.br\/site\/?s={search_term_string}\"},\"query-input\":{\"@type\":\"PropertyValueSpecification\",\"valueRequired\":true,\"valueName\":\"search_term_string\"}}],\"inLanguage\":\"pt-BR\"},{\"@type\":\"Organization\",\"@id\":\"https:\/\/motionup.com.br\/site\/#organization\",\"name\":\"Motion Up\",\"url\":\"https:\/\/motionup.com.br\/site\/\",\"logo\":{\"@type\":\"ImageObject\",\"inLanguage\":\"pt-BR\",\"@id\":\"https:\/\/motionup.com.br\/site\/#\/schema\/logo\/image\/\",\"url\":\"https:\/\/motionup.com.br\/site\/wp-content\/uploads\/2025\/05\/MOTIONUP.png\",\"contentUrl\":\"https:\/\/motionup.com.br\/site\/wp-content\/uploads\/2025\/05\/MOTIONUP.png\",\"width\":1200,\"height\":601,\"caption\":\"Motion Up\"},\"image\":{\"@id\":\"https:\/\/motionup.com.br\/site\/#\/schema\/logo\/image\/\"},\"sameAs\":[\"https:\/\/m.facebook.com\/fp3motionup\/about\/\",\"https:\/\/br.linkedin.com\/company\/fpn-controle-e-automao-industrial-ltda\"]}]}<\/script>\n<!-- \/ Yoast SEO plugin. -->","yoast_head_json":{"title":"O5C500 - SENSOR DE CORES (RETANGULAR) - ALCANCE: 15..19mm - IFM - Loja Motion Up","robots":{"index":"index","follow":"follow","max-snippet":"max-snippet:-1","max-image-preview":"max-image-preview:large","max-video-preview":"max-video-preview:-1"},"canonical":"https:\/\/motionup.com.br\/site\/produto\/o5c500-sensor-de-cores-retangular-alcance-15-19mm-ifm\/","og_locale":"pt_BR","og_type":"article","og_title":"O5C500 - SENSOR DE CORES (RETANGULAR) - ALCANCE: 15..19mm - IFM - Loja Motion Up","og_description":"O5C500 &#8211; SENSOR DE CORES (RETANGULAR) &#8211; ALCANCE: 15..19mm &#8211; IFM Consulte um vendedor e solicite um or\u00e7amento vendas@motionup.com.br motionup@motionup.com.br Detec\u00e7\u00e3o, divis\u00e3o e controle de objetos pelas suas cores F\u00e1cil ajuste das fun\u00e7\u00f5es do aparelho mediante processo Teach Detec\u00e7\u00e3o segura de nuances de cores Alta frequ\u00eancia de comuta\u00e7\u00e3o para processos r\u00e1pidos Grande variedade de componentes [&hellip;]","og_url":"https:\/\/motionup.com.br\/site\/produto\/o5c500-sensor-de-cores-retangular-alcance-15-19mm-ifm\/","og_site_name":"Loja Motion Up","article_publisher":"https:\/\/m.facebook.com\/fp3motionup\/about\/","article_modified_time":"2023-10-06T17:07:11+00:00","og_image":[{"width":600,"height":600,"url":"https:\/\/motionup.com.br\/site\/wp-content\/uploads\/2023\/10\/IG6083-22.jpg","type":"image\/jpeg"}],"twitter_card":"summary_large_image","twitter_misc":{"Est. tempo de leitura":"1 minuto"},"schema":{"@context":"https:\/\/schema.org","@graph":[{"@type":"WebPage","@id":"https:\/\/motionup.com.br\/site\/produto\/o5c500-sensor-de-cores-retangular-alcance-15-19mm-ifm\/","url":"https:\/\/motionup.com.br\/site\/produto\/o5c500-sensor-de-cores-retangular-alcance-15-19mm-ifm\/","name":"O5C500 - SENSOR DE CORES (RETANGULAR) - ALCANCE: 15..19mm - IFM - Loja Motion Up","isPartOf":{"@id":"https:\/\/motionup.com.br\/site\/#website"},"primaryImageOfPage":{"@id":"https:\/\/motionup.com.br\/site\/produto\/o5c500-sensor-de-cores-retangular-alcance-15-19mm-ifm\/#primaryimage"},"image":{"@id":"https:\/\/motionup.com.br\/site\/produto\/o5c500-sensor-de-cores-retangular-alcance-15-19mm-ifm\/#primaryimage"},"thumbnailUrl":"https:\/\/motionup.com.br\/site\/wp-content\/uploads\/2023\/10\/IG6083-22.jpg","datePublished":"2023-10-06T17:07:10+00:00","dateModified":"2023-10-06T17:07:11+00:00","breadcrumb":{"@id":"https:\/\/motionup.com.br\/site\/produto\/o5c500-sensor-de-cores-retangular-alcance-15-19mm-ifm\/#breadcrumb"},"inLanguage":"pt-BR","potentialAction":[{"@type":"ReadAction","target":["https:\/\/motionup.com.br\/site\/produto\/o5c500-sensor-de-cores-retangular-alcance-15-19mm-ifm\/"]}]},{"@type":"ImageObject","inLanguage":"pt-BR","@id":"https:\/\/motionup.com.br\/site\/produto\/o5c500-sensor-de-cores-retangular-alcance-15-19mm-ifm\/#primaryimage","url":"https:\/\/motionup.com.br\/site\/wp-content\/uploads\/2023\/10\/IG6083-22.jpg","contentUrl":"https:\/\/motionup.com.br\/site\/wp-content\/uploads\/2023\/10\/IG6083-22.jpg","width":600,"height":600},{"@type":"BreadcrumbList","@id":"https:\/\/motionup.com.br\/site\/produto\/o5c500-sensor-de-cores-retangular-alcance-15-19mm-ifm\/#breadcrumb","itemListElement":[{"@type":"ListItem","position":1,"name":"In\u00edcio","item":"https:\/\/motionup.com.br\/site\/"},{"@type":"ListItem","position":2,"name":"Produtos","item":"https:\/\/motionup.com.br\/site\/produtos\/"},{"@type":"ListItem","position":3,"name":"O5C500 &#8211; SENSOR DE CORES (RETANGULAR) &#8211; ALCANCE: 15..19mm &#8211; IFM"}]},{"@type":"WebSite","@id":"https:\/\/motionup.com.br\/site\/#website","url":"https:\/\/motionup.com.br\/site\/","name":"Motion Up","description":"E-commerce Motion Up - Automa\u00e7\u00e3o Industrial","publisher":{"@id":"https:\/\/motionup.com.br\/site\/#organization"},"potentialAction":[{"@type":"SearchAction","target":{"@type":"EntryPoint","urlTemplate":"https:\/\/motionup.com.br\/site\/?s={search_term_string}"},"query-input":{"@type":"PropertyValueSpecification","valueRequired":true,"valueName":"search_term_string"}}],"inLanguage":"pt-BR"},{"@type":"Organization","@id":"https:\/\/motionup.com.br\/site\/#organization","name":"Motion Up","url":"https:\/\/motionup.com.br\/site\/","logo":{"@type":"ImageObject","inLanguage":"pt-BR","@id":"https:\/\/motionup.com.br\/site\/#\/schema\/logo\/image\/","url":"https:\/\/motionup.com.br\/site\/wp-content\/uploads\/2025\/05\/MOTIONUP.png","contentUrl":"https:\/\/motionup.com.br\/site\/wp-content\/uploads\/2025\/05\/MOTIONUP.png","width":1200,"height":601,"caption":"Motion Up"},"image":{"@id":"https:\/\/motionup.com.br\/site\/#\/schema\/logo\/image\/"},"sameAs":["https:\/\/m.facebook.com\/fp3motionup\/about\/","https:\/\/br.linkedin.com\/company\/fpn-controle-e-automao-industrial-ltda"]}]}},"_links":{"self":[{"href":"https:\/\/motionup.com.br\/site\/wp-json\/wp\/v2\/product\/6942","targetHints":{"allow":["GET"]}}],"collection":[{"href":"https:\/\/motionup.com.br\/site\/wp-json\/wp\/v2\/product"}],"about":[{"href":"https:\/\/motionup.com.br\/site\/wp-json\/wp\/v2\/types\/product"}],"wp:featuredmedia":[{"embeddable":true,"href":"https:\/\/motionup.com.br\/site\/wp-json\/wp\/v2\/media\/6943"}],"wp:attachment":[{"href":"https:\/\/motionup.com.br\/site\/wp-json\/wp\/v2\/media?parent=6942"}],"wp:term":[{"taxonomy":"product_brand","embeddable":true,"href":"https:\/\/motionup.com.br\/site\/wp-json\/wp\/v2\/product_brand?post=6942"},{"taxonomy":"product_cat","embeddable":true,"href":"https:\/\/motionup.com.br\/site\/wp-json\/wp\/v2\/product_cat?post=6942"},{"taxonomy":"product_tag","embeddable":true,"href":"https:\/\/motionup.com.br\/site\/wp-json\/wp\/v2\/product_tag?post=6942"}],"curies":[{"name":"wp","href":"https:\/\/api.w.org\/{rel}","templated":true}]}}