{"id":7014,"date":"2023-10-11T09:12:51","date_gmt":"2023-10-11T12:12:51","guid":{"rendered":"https:\/\/motionup.com.br\/site\/?post_type=product&#038;p=7014"},"modified":"2023-10-11T09:12:52","modified_gmt":"2023-10-11T12:12:52","slug":"e12261-plugavel-macho-4-pinos-m12-reto-ifm","status":"publish","type":"product","link":"https:\/\/motionup.com.br\/site\/produto\/e12261-plugavel-macho-4-pinos-m12-reto-ifm\/","title":{"rendered":"E12261 &#8211; PLUGAVEL (MACHO &#8211; 4 PINOS) &#8211; M12, RETO &#8211; IFM"},"content":{"rendered":"<p>E12261 &#8211; PLUGAVEL (MACHO &#8211; 4 PINOS) &#8211; M12, RETO &#8211; IFM<\/p>\n<p>Consulte um vendedor e solicite um or\u00e7amento<\/p>\n<p>vendas@motionup.com.br<\/p>\n<p>motionup@motionup.com.br<\/p>\n<hr \/>\n<ul class=\"bulletpoint-list__entries\">\n<li>Contatos dourados para conex\u00f5es el\u00e9tricas confi\u00e1veis<\/li>\n<li>Alto grau de prote\u00e7\u00e3o para atender aos requisitos de ambientes industriais duros<\/li>\n<li>Ampla faixa de temperatura operacional<\/li>\n<li>Conex\u00e3o a cabo segura mediante terminais de parafuso<\/li>\n<\/ul>\n<blockquote><p><strong>CONEXAO ELETRICA<\/strong><\/p><\/blockquote>\n<ul>\n<li>terminais parafusados: &#8230;0,75 mm\u00b2; Revestimento do cabo: \u00d8 6&#8230;8 mm<\/li>\n<\/ul>\n<blockquote><p><strong>CONEXAO ELETRICA &#8211; CONECTOR<\/strong><\/p><\/blockquote>\n<ul>\n<li>Conex\u00e3o: 1 x M12, reto; codifica\u00e7\u00e3o: A; Corpo: zinco moldado sob press\u00e3o, niquelado; Bloqueio: lat\u00e3o, niquelado; Contatos: dourado; Cabo de conex\u00e3o blindado: proteg\u00edvel<\/li>\n<\/ul>\n","protected":false},"excerpt":{"rendered":"<p>E12261 &#8211; PLUGAVEL (MACHO &#8211; 4 PINOS) &#8211; M12, RETO &#8211; IFM Consulte um vendedor e solicite um or\u00e7amento vendas@motionup.com.br motionup@motionup.com.br Contatos dourados para conex\u00f5es el\u00e9tricas confi\u00e1veis Alto grau de prote\u00e7\u00e3o para atender aos requisitos de ambientes industriais duros Ampla faixa de temperatura operacional Conex\u00e3o a cabo segura mediante terminais de parafuso CONEXAO ELETRICA terminais [&hellip;]<\/p>\n","protected":false},"featured_media":7015,"template":"","meta":[],"product_brand":[],"product_cat":[96,649,353],"product_tag":[],"class_list":{"0":"post-7014","1":"product","2":"type-product","3":"status-publish","4":"has-post-thumbnail","6":"product_cat-cabos","7":"product_cat-soquetes-confeccionaveis-macho-femea","8":"product_cat-ifm","10":"first","11":"onbackorder","12":"shipping-taxable","13":"product-type-simple"},"yoast_head":"<!-- This site is optimized with the Yoast SEO plugin v27.5 - https:\/\/yoast.com\/product\/yoast-seo-wordpress\/ -->\n<title>E12261 - PLUGAVEL (MACHO - 4 PINOS) - M12, RETO - IFM - Loja Motion Up<\/title>\n<meta name=\"robots\" content=\"index, follow, max-snippet:-1, max-image-preview:large, max-video-preview:-1\" \/>\n<link rel=\"canonical\" href=\"https:\/\/motionup.com.br\/site\/produto\/e12261-plugavel-macho-4-pinos-m12-reto-ifm\/\" \/>\n<meta property=\"og:locale\" content=\"pt_BR\" \/>\n<meta property=\"og:type\" content=\"article\" \/>\n<meta property=\"og:title\" content=\"E12261 - PLUGAVEL (MACHO - 4 PINOS) - M12, RETO - IFM - Loja Motion Up\" \/>\n<meta property=\"og:description\" content=\"E12261 &#8211; PLUGAVEL (MACHO &#8211; 4 PINOS) &#8211; M12, RETO &#8211; IFM Consulte um vendedor e solicite um or\u00e7amento vendas@motionup.com.br motionup@motionup.com.br Contatos dourados para conex\u00f5es el\u00e9tricas confi\u00e1veis Alto grau de prote\u00e7\u00e3o para atender aos requisitos de ambientes industriais duros Ampla faixa de temperatura operacional Conex\u00e3o a cabo segura mediante terminais de parafuso CONEXAO ELETRICA terminais [&hellip;]\" \/>\n<meta property=\"og:url\" content=\"https:\/\/motionup.com.br\/site\/produto\/e12261-plugavel-macho-4-pinos-m12-reto-ifm\/\" \/>\n<meta property=\"og:site_name\" content=\"Loja Motion Up\" \/>\n<meta property=\"article:publisher\" content=\"https:\/\/m.facebook.com\/fp3motionup\/about\/\" \/>\n<meta property=\"article:modified_time\" content=\"2023-10-11T12:12:52+00:00\" \/>\n<meta property=\"og:image\" content=\"https:\/\/motionup.com.br\/site\/wp-content\/uploads\/2023\/10\/IG6083-41.jpg\" \/>\n\t<meta property=\"og:image:width\" content=\"600\" \/>\n\t<meta property=\"og:image:height\" content=\"600\" \/>\n\t<meta property=\"og:image:type\" content=\"image\/jpeg\" \/>\n<meta name=\"twitter:card\" content=\"summary_large_image\" \/>\n<meta name=\"twitter:label1\" content=\"Est. tempo de leitura\" \/>\n\t<meta name=\"twitter:data1\" content=\"1 minuto\" \/>\n<script type=\"application\/ld+json\" class=\"yoast-schema-graph\">{\"@context\":\"https:\\\/\\\/schema.org\",\"@graph\":[{\"@type\":\"WebPage\",\"@id\":\"https:\\\/\\\/motionup.com.br\\\/site\\\/produto\\\/e12261-plugavel-macho-4-pinos-m12-reto-ifm\\\/\",\"url\":\"https:\\\/\\\/motionup.com.br\\\/site\\\/produto\\\/e12261-plugavel-macho-4-pinos-m12-reto-ifm\\\/\",\"name\":\"E12261 - PLUGAVEL (MACHO - 4 PINOS) - M12, RETO - IFM - Loja Motion Up\",\"isPartOf\":{\"@id\":\"https:\\\/\\\/motionup.com.br\\\/site\\\/#website\"},\"primaryImageOfPage\":{\"@id\":\"https:\\\/\\\/motionup.com.br\\\/site\\\/produto\\\/e12261-plugavel-macho-4-pinos-m12-reto-ifm\\\/#primaryimage\"},\"image\":{\"@id\":\"https:\\\/\\\/motionup.com.br\\\/site\\\/produto\\\/e12261-plugavel-macho-4-pinos-m12-reto-ifm\\\/#primaryimage\"},\"thumbnailUrl\":\"https:\\\/\\\/motionup.com.br\\\/site\\\/wp-content\\\/uploads\\\/2023\\\/10\\\/IG6083-41.jpg\",\"datePublished\":\"2023-10-11T12:12:51+00:00\",\"dateModified\":\"2023-10-11T12:12:52+00:00\",\"breadcrumb\":{\"@id\":\"https:\\\/\\\/motionup.com.br\\\/site\\\/produto\\\/e12261-plugavel-macho-4-pinos-m12-reto-ifm\\\/#breadcrumb\"},\"inLanguage\":\"pt-BR\",\"potentialAction\":[{\"@type\":\"ReadAction\",\"target\":[\"https:\\\/\\\/motionup.com.br\\\/site\\\/produto\\\/e12261-plugavel-macho-4-pinos-m12-reto-ifm\\\/\"]}]},{\"@type\":\"ImageObject\",\"inLanguage\":\"pt-BR\",\"@id\":\"https:\\\/\\\/motionup.com.br\\\/site\\\/produto\\\/e12261-plugavel-macho-4-pinos-m12-reto-ifm\\\/#primaryimage\",\"url\":\"https:\\\/\\\/motionup.com.br\\\/site\\\/wp-content\\\/uploads\\\/2023\\\/10\\\/IG6083-41.jpg\",\"contentUrl\":\"https:\\\/\\\/motionup.com.br\\\/site\\\/wp-content\\\/uploads\\\/2023\\\/10\\\/IG6083-41.jpg\",\"width\":600,\"height\":600},{\"@type\":\"BreadcrumbList\",\"@id\":\"https:\\\/\\\/motionup.com.br\\\/site\\\/produto\\\/e12261-plugavel-macho-4-pinos-m12-reto-ifm\\\/#breadcrumb\",\"itemListElement\":[{\"@type\":\"ListItem\",\"position\":1,\"name\":\"In\u00edcio\",\"item\":\"https:\\\/\\\/motionup.com.br\\\/site\\\/\"},{\"@type\":\"ListItem\",\"position\":2,\"name\":\"Produtos\",\"item\":\"https:\\\/\\\/motionup.com.br\\\/site\\\/produtos\\\/\"},{\"@type\":\"ListItem\",\"position\":3,\"name\":\"E12261 &#8211; PLUGAVEL (MACHO &#8211; 4 PINOS) &#8211; M12, RETO &#8211; IFM\"}]},{\"@type\":\"WebSite\",\"@id\":\"https:\\\/\\\/motionup.com.br\\\/site\\\/#website\",\"url\":\"https:\\\/\\\/motionup.com.br\\\/site\\\/\",\"name\":\"Motion Up\",\"description\":\"E-commerce Motion Up - Automa\u00e7\u00e3o Industrial\",\"publisher\":{\"@id\":\"https:\\\/\\\/motionup.com.br\\\/site\\\/#organization\"},\"potentialAction\":[{\"@type\":\"SearchAction\",\"target\":{\"@type\":\"EntryPoint\",\"urlTemplate\":\"https:\\\/\\\/motionup.com.br\\\/site\\\/?s={search_term_string}\"},\"query-input\":{\"@type\":\"PropertyValueSpecification\",\"valueRequired\":true,\"valueName\":\"search_term_string\"}}],\"inLanguage\":\"pt-BR\"},{\"@type\":\"Organization\",\"@id\":\"https:\\\/\\\/motionup.com.br\\\/site\\\/#organization\",\"name\":\"Motion Up\",\"url\":\"https:\\\/\\\/motionup.com.br\\\/site\\\/\",\"logo\":{\"@type\":\"ImageObject\",\"inLanguage\":\"pt-BR\",\"@id\":\"https:\\\/\\\/motionup.com.br\\\/site\\\/#\\\/schema\\\/logo\\\/image\\\/\",\"url\":\"https:\\\/\\\/motionup.com.br\\\/site\\\/wp-content\\\/uploads\\\/2025\\\/05\\\/MOTIONUP.png\",\"contentUrl\":\"https:\\\/\\\/motionup.com.br\\\/site\\\/wp-content\\\/uploads\\\/2025\\\/05\\\/MOTIONUP.png\",\"width\":1200,\"height\":601,\"caption\":\"Motion Up\"},\"image\":{\"@id\":\"https:\\\/\\\/motionup.com.br\\\/site\\\/#\\\/schema\\\/logo\\\/image\\\/\"},\"sameAs\":[\"https:\\\/\\\/m.facebook.com\\\/fp3motionup\\\/about\\\/\",\"https:\\\/\\\/br.linkedin.com\\\/company\\\/fpn-controle-e-automao-industrial-ltda\"]}]}<\/script>\n<!-- \/ Yoast SEO plugin. -->","yoast_head_json":{"title":"E12261 - PLUGAVEL (MACHO - 4 PINOS) - M12, RETO - IFM - Loja Motion Up","robots":{"index":"index","follow":"follow","max-snippet":"max-snippet:-1","max-image-preview":"max-image-preview:large","max-video-preview":"max-video-preview:-1"},"canonical":"https:\/\/motionup.com.br\/site\/produto\/e12261-plugavel-macho-4-pinos-m12-reto-ifm\/","og_locale":"pt_BR","og_type":"article","og_title":"E12261 - PLUGAVEL (MACHO - 4 PINOS) - M12, RETO - IFM - Loja Motion Up","og_description":"E12261 &#8211; PLUGAVEL (MACHO &#8211; 4 PINOS) &#8211; M12, RETO &#8211; IFM Consulte um vendedor e solicite um or\u00e7amento vendas@motionup.com.br motionup@motionup.com.br Contatos dourados para conex\u00f5es el\u00e9tricas confi\u00e1veis Alto grau de prote\u00e7\u00e3o para atender aos requisitos de ambientes industriais duros Ampla faixa de temperatura operacional Conex\u00e3o a cabo segura mediante terminais de parafuso CONEXAO ELETRICA terminais [&hellip;]","og_url":"https:\/\/motionup.com.br\/site\/produto\/e12261-plugavel-macho-4-pinos-m12-reto-ifm\/","og_site_name":"Loja Motion Up","article_publisher":"https:\/\/m.facebook.com\/fp3motionup\/about\/","article_modified_time":"2023-10-11T12:12:52+00:00","og_image":[{"width":600,"height":600,"url":"https:\/\/motionup.com.br\/site\/wp-content\/uploads\/2023\/10\/IG6083-41.jpg","type":"image\/jpeg"}],"twitter_card":"summary_large_image","twitter_misc":{"Est. tempo de leitura":"1 minuto"},"schema":{"@context":"https:\/\/schema.org","@graph":[{"@type":"WebPage","@id":"https:\/\/motionup.com.br\/site\/produto\/e12261-plugavel-macho-4-pinos-m12-reto-ifm\/","url":"https:\/\/motionup.com.br\/site\/produto\/e12261-plugavel-macho-4-pinos-m12-reto-ifm\/","name":"E12261 - PLUGAVEL (MACHO - 4 PINOS) - M12, RETO - IFM - Loja Motion Up","isPartOf":{"@id":"https:\/\/motionup.com.br\/site\/#website"},"primaryImageOfPage":{"@id":"https:\/\/motionup.com.br\/site\/produto\/e12261-plugavel-macho-4-pinos-m12-reto-ifm\/#primaryimage"},"image":{"@id":"https:\/\/motionup.com.br\/site\/produto\/e12261-plugavel-macho-4-pinos-m12-reto-ifm\/#primaryimage"},"thumbnailUrl":"https:\/\/motionup.com.br\/site\/wp-content\/uploads\/2023\/10\/IG6083-41.jpg","datePublished":"2023-10-11T12:12:51+00:00","dateModified":"2023-10-11T12:12:52+00:00","breadcrumb":{"@id":"https:\/\/motionup.com.br\/site\/produto\/e12261-plugavel-macho-4-pinos-m12-reto-ifm\/#breadcrumb"},"inLanguage":"pt-BR","potentialAction":[{"@type":"ReadAction","target":["https:\/\/motionup.com.br\/site\/produto\/e12261-plugavel-macho-4-pinos-m12-reto-ifm\/"]}]},{"@type":"ImageObject","inLanguage":"pt-BR","@id":"https:\/\/motionup.com.br\/site\/produto\/e12261-plugavel-macho-4-pinos-m12-reto-ifm\/#primaryimage","url":"https:\/\/motionup.com.br\/site\/wp-content\/uploads\/2023\/10\/IG6083-41.jpg","contentUrl":"https:\/\/motionup.com.br\/site\/wp-content\/uploads\/2023\/10\/IG6083-41.jpg","width":600,"height":600},{"@type":"BreadcrumbList","@id":"https:\/\/motionup.com.br\/site\/produto\/e12261-plugavel-macho-4-pinos-m12-reto-ifm\/#breadcrumb","itemListElement":[{"@type":"ListItem","position":1,"name":"In\u00edcio","item":"https:\/\/motionup.com.br\/site\/"},{"@type":"ListItem","position":2,"name":"Produtos","item":"https:\/\/motionup.com.br\/site\/produtos\/"},{"@type":"ListItem","position":3,"name":"E12261 &#8211; PLUGAVEL (MACHO &#8211; 4 PINOS) &#8211; M12, RETO &#8211; IFM"}]},{"@type":"WebSite","@id":"https:\/\/motionup.com.br\/site\/#website","url":"https:\/\/motionup.com.br\/site\/","name":"Motion Up","description":"E-commerce Motion Up - Automa\u00e7\u00e3o Industrial","publisher":{"@id":"https:\/\/motionup.com.br\/site\/#organization"},"potentialAction":[{"@type":"SearchAction","target":{"@type":"EntryPoint","urlTemplate":"https:\/\/motionup.com.br\/site\/?s={search_term_string}"},"query-input":{"@type":"PropertyValueSpecification","valueRequired":true,"valueName":"search_term_string"}}],"inLanguage":"pt-BR"},{"@type":"Organization","@id":"https:\/\/motionup.com.br\/site\/#organization","name":"Motion Up","url":"https:\/\/motionup.com.br\/site\/","logo":{"@type":"ImageObject","inLanguage":"pt-BR","@id":"https:\/\/motionup.com.br\/site\/#\/schema\/logo\/image\/","url":"https:\/\/motionup.com.br\/site\/wp-content\/uploads\/2025\/05\/MOTIONUP.png","contentUrl":"https:\/\/motionup.com.br\/site\/wp-content\/uploads\/2025\/05\/MOTIONUP.png","width":1200,"height":601,"caption":"Motion Up"},"image":{"@id":"https:\/\/motionup.com.br\/site\/#\/schema\/logo\/image\/"},"sameAs":["https:\/\/m.facebook.com\/fp3motionup\/about\/","https:\/\/br.linkedin.com\/company\/fpn-controle-e-automao-industrial-ltda"]}]}},"_links":{"self":[{"href":"https:\/\/motionup.com.br\/site\/wp-json\/wp\/v2\/product\/7014","targetHints":{"allow":["GET"]}}],"collection":[{"href":"https:\/\/motionup.com.br\/site\/wp-json\/wp\/v2\/product"}],"about":[{"href":"https:\/\/motionup.com.br\/site\/wp-json\/wp\/v2\/types\/product"}],"wp:featuredmedia":[{"embeddable":true,"href":"https:\/\/motionup.com.br\/site\/wp-json\/wp\/v2\/media\/7015"}],"wp:attachment":[{"href":"https:\/\/motionup.com.br\/site\/wp-json\/wp\/v2\/media?parent=7014"}],"wp:term":[{"taxonomy":"product_brand","embeddable":true,"href":"https:\/\/motionup.com.br\/site\/wp-json\/wp\/v2\/product_brand?post=7014"},{"taxonomy":"product_cat","embeddable":true,"href":"https:\/\/motionup.com.br\/site\/wp-json\/wp\/v2\/product_cat?post=7014"},{"taxonomy":"product_tag","embeddable":true,"href":"https:\/\/motionup.com.br\/site\/wp-json\/wp\/v2\/product_tag?post=7014"}],"curies":[{"name":"wp","href":"https:\/\/api.w.org\/{rel}","templated":true}]}}