{"id":7049,"date":"2023-10-11T15:29:02","date_gmt":"2023-10-11T18:29:02","guid":{"rendered":"https:\/\/motionup.com.br\/site\/?post_type=product&#038;p=7049"},"modified":"2023-10-11T15:29:03","modified_gmt":"2023-10-11T18:29:03","slug":"ogp701-sensor-retroreflexivo-pnp-laser-alcance-02-2-refletor-prismatico-o-80-e20005-ifm","status":"publish","type":"product","link":"https:\/\/motionup.com.br\/site\/produto\/ogp701-sensor-retroreflexivo-pnp-laser-alcance-02-2-refletor-prismatico-o-80-e20005-ifm\/","title":{"rendered":"OGP701 &#8211; SENSOR RETROREFLEXIVO PNP (LASER) &#8211; ALCANCE: 0,2&#8230;2; (REFLETOR PRISMATICO \u00d8 80 E20005) &#8211; IFM"},"content":{"rendered":"<p>OGP701 &#8211; SENSOR RETROREFLEXIVO PNP (LASER) &#8211; ALCANCE: 0,2&#8230;2; (REFLETOR PRISMATICO \u00d8 80 E20005) &#8211; IFM<\/p>\n<p>Consulte um vendedor e solicite um or\u00e7amento<\/p>\n<p>vendas@motionup.com.br<\/p>\n<p>motionup@motionup.com.brFrequ\u00eancia de comuta\u00e7\u00e3o DC [Hz]<\/p>\n<hr \/>\n<ul class=\"bulletpoint-list__entries\">\n<li>Detec\u00e7\u00e3o confi\u00e1vel de objetos muito pequenos<\/li>\n<li>Inv\u00f3lucro robusto de a\u00e7o inoxid\u00e1vel para aplica\u00e7\u00e3o em ambiente industrial duro<\/li>\n<li>Classe de prote\u00e7\u00e3o a laser 1 para atender aos requisitos da ind\u00fastria automobil\u00edstica<\/li>\n<li>Alinhamento f\u00e1cil gra\u00e7as a ponto de luz laser vis\u00edvel<\/li>\n<li>Muito boa rela\u00e7\u00e3o pre\u00e7o-desempenho<\/li>\n<\/ul>\n<blockquote><p><strong>CARACTERISTICAS DO PRODUTO<\/strong><\/p><\/blockquote>\n<ul>\n<li>Tipo de luz \u2014&gt; luz vermelha<\/li>\n<li>Classe de prote\u00e7\u00e3o do laser &#8212;&gt; 1<\/li>\n<li>Inv\u00f3lucro \u2014&gt; forma construtiva de roscas<\/li>\n<\/ul>\n<blockquote><p><strong>SAIDAS<\/strong><\/p><\/blockquote>\n<ul>\n<li>Fun\u00e7\u00e3o el\u00e9trica &#8212;&gt; PNP<\/li>\n<li>Sa\u00edda &#8212;&gt; Comuta\u00e7\u00e3o de modo Claro\/Escuro; (program\u00e1vel)<\/li>\n<li>Queda de tens\u00e3o m\u00e1x. da sa\u00edda de comuta\u00e7\u00e3o DC [V] &#8212;&gt; 2,5<\/li>\n<li>Intensidade de corrente m\u00e1xima constante da sa\u00edda de comuta\u00e7\u00e3o DC [mA] &#8212;&gt; 200<\/li>\n<li>Frequ\u00eancia de comuta\u00e7\u00e3o DC [Hz] &#8212;&gt; 2000<\/li>\n<li>Prote\u00e7\u00e3o contra curto-circuitos &#8212;&gt; sim<\/li>\n<li>Vers\u00e3o da prote\u00e7\u00e3o contra curto-circuito &#8212;&gt; por impulso<\/li>\n<li>Prote\u00e7\u00e3o contra sobrecarga &#8212;&gt; sim<\/li>\n<\/ul>\n<blockquote><p><strong>FAIXA DE REGISTRO<\/strong><\/p><\/blockquote>\n<ul>\n<li>Alcance sobre refletor prism\u00e1tico [m] &#8212;&gt; 0,2&#8230;2; (Refletor prism\u00e1tico \u00d8 80 E20005)<\/li>\n<li>Ajuste de f\u00e1brica &#8212;&gt; obscurecimento<\/li>\n<li>Alcance\/alcance de detec\u00e7\u00e3o ajust\u00e1vel &#8212;&gt; sim<\/li>\n<li>Di\u00e2metro do menor objeto reconhec\u00edvel [mm] &#8212;&gt; 1,5; (1 m; 2 m: 2)<\/li>\n<li>Di\u00e2metro m\u00e1x. da mancha de luz [mm] &#8212;&gt; 5<\/li>\n<li>Dimens\u00f5es da mancha de luz valem para &#8212;&gt;\u00e0 faixa m\u00e1xima<\/li>\n<li>Filtro polarizador dispon\u00edvel &#8212;&gt; sim<\/li>\n<\/ul>\n","protected":false},"excerpt":{"rendered":"<p>OGP701 &#8211; SENSOR RETROREFLEXIVO PNP (LASER) &#8211; ALCANCE: 0,2&#8230;2; (REFLETOR PRISMATICO \u00d8 80 E20005) &#8211; IFM Consulte um vendedor e solicite um or\u00e7amento vendas@motionup.com.br motionup@motionup.com.brFrequ\u00eancia de comuta\u00e7\u00e3o DC [Hz] Detec\u00e7\u00e3o confi\u00e1vel de objetos muito pequenos Inv\u00f3lucro robusto de a\u00e7o inoxid\u00e1vel para aplica\u00e7\u00e3o em ambiente industrial duro Classe de prote\u00e7\u00e3o a laser 1 para atender aos [&hellip;]<\/p>\n","protected":false},"featured_media":7050,"template":"","meta":[],"product_brand":[],"product_cat":[353,56,666],"product_tag":[],"class_list":{"0":"post-7049","1":"product","2":"type-product","3":"status-publish","4":"has-post-thumbnail","6":"product_cat-ifm","7":"product_cat-sensores","8":"product_cat-sensores-retroreflexiveis","10":"first","11":"onbackorder","12":"shipping-taxable","13":"product-type-simple"},"yoast_head":"<!-- This site is optimized with the Yoast SEO plugin v26.3 - https:\/\/yoast.com\/wordpress\/plugins\/seo\/ -->\n<title>OGP701 - SENSOR RETROREFLEXIVO PNP (LASER) - ALCANCE: 0,2...2; (REFLETOR PRISMATICO \u00d8 80 E20005) - IFM - Loja Motion Up<\/title>\n<meta name=\"robots\" content=\"index, follow, max-snippet:-1, max-image-preview:large, max-video-preview:-1\" \/>\n<link rel=\"canonical\" href=\"https:\/\/motionup.com.br\/site\/produto\/ogp701-sensor-retroreflexivo-pnp-laser-alcance-02-2-refletor-prismatico-o-80-e20005-ifm\/\" \/>\n<meta property=\"og:locale\" content=\"pt_BR\" \/>\n<meta property=\"og:type\" content=\"article\" \/>\n<meta property=\"og:title\" content=\"OGP701 - SENSOR RETROREFLEXIVO PNP (LASER) - ALCANCE: 0,2...2; (REFLETOR PRISMATICO \u00d8 80 E20005) - IFM - Loja Motion Up\" \/>\n<meta property=\"og:description\" content=\"OGP701 &#8211; SENSOR RETROREFLEXIVO PNP (LASER) &#8211; ALCANCE: 0,2&#8230;2; (REFLETOR PRISMATICO \u00d8 80 E20005) &#8211; IFM Consulte um vendedor e solicite um or\u00e7amento vendas@motionup.com.br motionup@motionup.com.brFrequ\u00eancia de comuta\u00e7\u00e3o DC [Hz] Detec\u00e7\u00e3o confi\u00e1vel de objetos muito pequenos Inv\u00f3lucro robusto de a\u00e7o inoxid\u00e1vel para aplica\u00e7\u00e3o em ambiente industrial duro Classe de prote\u00e7\u00e3o a laser 1 para atender aos [&hellip;]\" \/>\n<meta property=\"og:url\" content=\"https:\/\/motionup.com.br\/site\/produto\/ogp701-sensor-retroreflexivo-pnp-laser-alcance-02-2-refletor-prismatico-o-80-e20005-ifm\/\" \/>\n<meta property=\"og:site_name\" content=\"Loja Motion Up\" \/>\n<meta property=\"article:publisher\" content=\"https:\/\/m.facebook.com\/fp3motionup\/about\/\" \/>\n<meta property=\"article:modified_time\" content=\"2023-10-11T18:29:03+00:00\" \/>\n<meta property=\"og:image\" content=\"https:\/\/motionup.com.br\/site\/wp-content\/uploads\/2023\/10\/IG6083-51.jpg\" \/>\n\t<meta property=\"og:image:width\" content=\"600\" \/>\n\t<meta property=\"og:image:height\" content=\"600\" \/>\n\t<meta property=\"og:image:type\" content=\"image\/jpeg\" \/>\n<meta name=\"twitter:card\" content=\"summary_large_image\" \/>\n<meta name=\"twitter:label1\" content=\"Est. tempo de leitura\" \/>\n\t<meta name=\"twitter:data1\" content=\"1 minuto\" \/>\n<script type=\"application\/ld+json\" class=\"yoast-schema-graph\">{\"@context\":\"https:\/\/schema.org\",\"@graph\":[{\"@type\":\"WebPage\",\"@id\":\"https:\/\/motionup.com.br\/site\/produto\/ogp701-sensor-retroreflexivo-pnp-laser-alcance-02-2-refletor-prismatico-o-80-e20005-ifm\/\",\"url\":\"https:\/\/motionup.com.br\/site\/produto\/ogp701-sensor-retroreflexivo-pnp-laser-alcance-02-2-refletor-prismatico-o-80-e20005-ifm\/\",\"name\":\"OGP701 - SENSOR RETROREFLEXIVO PNP (LASER) - ALCANCE: 0,2...2; (REFLETOR PRISMATICO \u00d8 80 E20005) - IFM - Loja Motion Up\",\"isPartOf\":{\"@id\":\"https:\/\/motionup.com.br\/site\/#website\"},\"primaryImageOfPage\":{\"@id\":\"https:\/\/motionup.com.br\/site\/produto\/ogp701-sensor-retroreflexivo-pnp-laser-alcance-02-2-refletor-prismatico-o-80-e20005-ifm\/#primaryimage\"},\"image\":{\"@id\":\"https:\/\/motionup.com.br\/site\/produto\/ogp701-sensor-retroreflexivo-pnp-laser-alcance-02-2-refletor-prismatico-o-80-e20005-ifm\/#primaryimage\"},\"thumbnailUrl\":\"https:\/\/motionup.com.br\/site\/wp-content\/uploads\/2023\/10\/IG6083-51.jpg\",\"datePublished\":\"2023-10-11T18:29:02+00:00\",\"dateModified\":\"2023-10-11T18:29:03+00:00\",\"breadcrumb\":{\"@id\":\"https:\/\/motionup.com.br\/site\/produto\/ogp701-sensor-retroreflexivo-pnp-laser-alcance-02-2-refletor-prismatico-o-80-e20005-ifm\/#breadcrumb\"},\"inLanguage\":\"pt-BR\",\"potentialAction\":[{\"@type\":\"ReadAction\",\"target\":[\"https:\/\/motionup.com.br\/site\/produto\/ogp701-sensor-retroreflexivo-pnp-laser-alcance-02-2-refletor-prismatico-o-80-e20005-ifm\/\"]}]},{\"@type\":\"ImageObject\",\"inLanguage\":\"pt-BR\",\"@id\":\"https:\/\/motionup.com.br\/site\/produto\/ogp701-sensor-retroreflexivo-pnp-laser-alcance-02-2-refletor-prismatico-o-80-e20005-ifm\/#primaryimage\",\"url\":\"https:\/\/motionup.com.br\/site\/wp-content\/uploads\/2023\/10\/IG6083-51.jpg\",\"contentUrl\":\"https:\/\/motionup.com.br\/site\/wp-content\/uploads\/2023\/10\/IG6083-51.jpg\",\"width\":600,\"height\":600},{\"@type\":\"BreadcrumbList\",\"@id\":\"https:\/\/motionup.com.br\/site\/produto\/ogp701-sensor-retroreflexivo-pnp-laser-alcance-02-2-refletor-prismatico-o-80-e20005-ifm\/#breadcrumb\",\"itemListElement\":[{\"@type\":\"ListItem\",\"position\":1,\"name\":\"In\u00edcio\",\"item\":\"https:\/\/motionup.com.br\/site\/\"},{\"@type\":\"ListItem\",\"position\":2,\"name\":\"Produtos\",\"item\":\"https:\/\/motionup.com.br\/site\/produtos\/\"},{\"@type\":\"ListItem\",\"position\":3,\"name\":\"OGP701 &#8211; SENSOR RETROREFLEXIVO PNP (LASER) &#8211; ALCANCE: 0,2&#8230;2; (REFLETOR PRISMATICO \u00d8 80 E20005) &#8211; IFM\"}]},{\"@type\":\"WebSite\",\"@id\":\"https:\/\/motionup.com.br\/site\/#website\",\"url\":\"https:\/\/motionup.com.br\/site\/\",\"name\":\"Motion Up\",\"description\":\"E-commerce Motion Up - Automa\u00e7\u00e3o Industrial\",\"publisher\":{\"@id\":\"https:\/\/motionup.com.br\/site\/#organization\"},\"potentialAction\":[{\"@type\":\"SearchAction\",\"target\":{\"@type\":\"EntryPoint\",\"urlTemplate\":\"https:\/\/motionup.com.br\/site\/?s={search_term_string}\"},\"query-input\":{\"@type\":\"PropertyValueSpecification\",\"valueRequired\":true,\"valueName\":\"search_term_string\"}}],\"inLanguage\":\"pt-BR\"},{\"@type\":\"Organization\",\"@id\":\"https:\/\/motionup.com.br\/site\/#organization\",\"name\":\"Motion Up\",\"url\":\"https:\/\/motionup.com.br\/site\/\",\"logo\":{\"@type\":\"ImageObject\",\"inLanguage\":\"pt-BR\",\"@id\":\"https:\/\/motionup.com.br\/site\/#\/schema\/logo\/image\/\",\"url\":\"https:\/\/motionup.com.br\/site\/wp-content\/uploads\/2025\/05\/MOTIONUP.png\",\"contentUrl\":\"https:\/\/motionup.com.br\/site\/wp-content\/uploads\/2025\/05\/MOTIONUP.png\",\"width\":1200,\"height\":601,\"caption\":\"Motion Up\"},\"image\":{\"@id\":\"https:\/\/motionup.com.br\/site\/#\/schema\/logo\/image\/\"},\"sameAs\":[\"https:\/\/m.facebook.com\/fp3motionup\/about\/\",\"https:\/\/br.linkedin.com\/company\/fpn-controle-e-automao-industrial-ltda\"]}]}<\/script>\n<!-- \/ Yoast SEO plugin. -->","yoast_head_json":{"title":"OGP701 - SENSOR RETROREFLEXIVO PNP (LASER) - ALCANCE: 0,2...2; (REFLETOR PRISMATICO \u00d8 80 E20005) - IFM - Loja Motion Up","robots":{"index":"index","follow":"follow","max-snippet":"max-snippet:-1","max-image-preview":"max-image-preview:large","max-video-preview":"max-video-preview:-1"},"canonical":"https:\/\/motionup.com.br\/site\/produto\/ogp701-sensor-retroreflexivo-pnp-laser-alcance-02-2-refletor-prismatico-o-80-e20005-ifm\/","og_locale":"pt_BR","og_type":"article","og_title":"OGP701 - SENSOR RETROREFLEXIVO PNP (LASER) - ALCANCE: 0,2...2; (REFLETOR PRISMATICO \u00d8 80 E20005) - IFM - Loja Motion Up","og_description":"OGP701 &#8211; SENSOR RETROREFLEXIVO PNP (LASER) &#8211; ALCANCE: 0,2&#8230;2; (REFLETOR PRISMATICO \u00d8 80 E20005) &#8211; IFM Consulte um vendedor e solicite um or\u00e7amento vendas@motionup.com.br motionup@motionup.com.brFrequ\u00eancia de comuta\u00e7\u00e3o DC [Hz] Detec\u00e7\u00e3o confi\u00e1vel de objetos muito pequenos Inv\u00f3lucro robusto de a\u00e7o inoxid\u00e1vel para aplica\u00e7\u00e3o em ambiente industrial duro Classe de prote\u00e7\u00e3o a laser 1 para atender aos [&hellip;]","og_url":"https:\/\/motionup.com.br\/site\/produto\/ogp701-sensor-retroreflexivo-pnp-laser-alcance-02-2-refletor-prismatico-o-80-e20005-ifm\/","og_site_name":"Loja Motion Up","article_publisher":"https:\/\/m.facebook.com\/fp3motionup\/about\/","article_modified_time":"2023-10-11T18:29:03+00:00","og_image":[{"width":600,"height":600,"url":"https:\/\/motionup.com.br\/site\/wp-content\/uploads\/2023\/10\/IG6083-51.jpg","type":"image\/jpeg"}],"twitter_card":"summary_large_image","twitter_misc":{"Est. tempo de leitura":"1 minuto"},"schema":{"@context":"https:\/\/schema.org","@graph":[{"@type":"WebPage","@id":"https:\/\/motionup.com.br\/site\/produto\/ogp701-sensor-retroreflexivo-pnp-laser-alcance-02-2-refletor-prismatico-o-80-e20005-ifm\/","url":"https:\/\/motionup.com.br\/site\/produto\/ogp701-sensor-retroreflexivo-pnp-laser-alcance-02-2-refletor-prismatico-o-80-e20005-ifm\/","name":"OGP701 - SENSOR RETROREFLEXIVO PNP (LASER) - ALCANCE: 0,2...2; (REFLETOR PRISMATICO \u00d8 80 E20005) - IFM - Loja Motion Up","isPartOf":{"@id":"https:\/\/motionup.com.br\/site\/#website"},"primaryImageOfPage":{"@id":"https:\/\/motionup.com.br\/site\/produto\/ogp701-sensor-retroreflexivo-pnp-laser-alcance-02-2-refletor-prismatico-o-80-e20005-ifm\/#primaryimage"},"image":{"@id":"https:\/\/motionup.com.br\/site\/produto\/ogp701-sensor-retroreflexivo-pnp-laser-alcance-02-2-refletor-prismatico-o-80-e20005-ifm\/#primaryimage"},"thumbnailUrl":"https:\/\/motionup.com.br\/site\/wp-content\/uploads\/2023\/10\/IG6083-51.jpg","datePublished":"2023-10-11T18:29:02+00:00","dateModified":"2023-10-11T18:29:03+00:00","breadcrumb":{"@id":"https:\/\/motionup.com.br\/site\/produto\/ogp701-sensor-retroreflexivo-pnp-laser-alcance-02-2-refletor-prismatico-o-80-e20005-ifm\/#breadcrumb"},"inLanguage":"pt-BR","potentialAction":[{"@type":"ReadAction","target":["https:\/\/motionup.com.br\/site\/produto\/ogp701-sensor-retroreflexivo-pnp-laser-alcance-02-2-refletor-prismatico-o-80-e20005-ifm\/"]}]},{"@type":"ImageObject","inLanguage":"pt-BR","@id":"https:\/\/motionup.com.br\/site\/produto\/ogp701-sensor-retroreflexivo-pnp-laser-alcance-02-2-refletor-prismatico-o-80-e20005-ifm\/#primaryimage","url":"https:\/\/motionup.com.br\/site\/wp-content\/uploads\/2023\/10\/IG6083-51.jpg","contentUrl":"https:\/\/motionup.com.br\/site\/wp-content\/uploads\/2023\/10\/IG6083-51.jpg","width":600,"height":600},{"@type":"BreadcrumbList","@id":"https:\/\/motionup.com.br\/site\/produto\/ogp701-sensor-retroreflexivo-pnp-laser-alcance-02-2-refletor-prismatico-o-80-e20005-ifm\/#breadcrumb","itemListElement":[{"@type":"ListItem","position":1,"name":"In\u00edcio","item":"https:\/\/motionup.com.br\/site\/"},{"@type":"ListItem","position":2,"name":"Produtos","item":"https:\/\/motionup.com.br\/site\/produtos\/"},{"@type":"ListItem","position":3,"name":"OGP701 &#8211; SENSOR RETROREFLEXIVO PNP (LASER) &#8211; ALCANCE: 0,2&#8230;2; (REFLETOR PRISMATICO \u00d8 80 E20005) &#8211; IFM"}]},{"@type":"WebSite","@id":"https:\/\/motionup.com.br\/site\/#website","url":"https:\/\/motionup.com.br\/site\/","name":"Motion Up","description":"E-commerce Motion Up - Automa\u00e7\u00e3o Industrial","publisher":{"@id":"https:\/\/motionup.com.br\/site\/#organization"},"potentialAction":[{"@type":"SearchAction","target":{"@type":"EntryPoint","urlTemplate":"https:\/\/motionup.com.br\/site\/?s={search_term_string}"},"query-input":{"@type":"PropertyValueSpecification","valueRequired":true,"valueName":"search_term_string"}}],"inLanguage":"pt-BR"},{"@type":"Organization","@id":"https:\/\/motionup.com.br\/site\/#organization","name":"Motion Up","url":"https:\/\/motionup.com.br\/site\/","logo":{"@type":"ImageObject","inLanguage":"pt-BR","@id":"https:\/\/motionup.com.br\/site\/#\/schema\/logo\/image\/","url":"https:\/\/motionup.com.br\/site\/wp-content\/uploads\/2025\/05\/MOTIONUP.png","contentUrl":"https:\/\/motionup.com.br\/site\/wp-content\/uploads\/2025\/05\/MOTIONUP.png","width":1200,"height":601,"caption":"Motion Up"},"image":{"@id":"https:\/\/motionup.com.br\/site\/#\/schema\/logo\/image\/"},"sameAs":["https:\/\/m.facebook.com\/fp3motionup\/about\/","https:\/\/br.linkedin.com\/company\/fpn-controle-e-automao-industrial-ltda"]}]}},"_links":{"self":[{"href":"https:\/\/motionup.com.br\/site\/wp-json\/wp\/v2\/product\/7049","targetHints":{"allow":["GET"]}}],"collection":[{"href":"https:\/\/motionup.com.br\/site\/wp-json\/wp\/v2\/product"}],"about":[{"href":"https:\/\/motionup.com.br\/site\/wp-json\/wp\/v2\/types\/product"}],"wp:featuredmedia":[{"embeddable":true,"href":"https:\/\/motionup.com.br\/site\/wp-json\/wp\/v2\/media\/7050"}],"wp:attachment":[{"href":"https:\/\/motionup.com.br\/site\/wp-json\/wp\/v2\/media?parent=7049"}],"wp:term":[{"taxonomy":"product_brand","embeddable":true,"href":"https:\/\/motionup.com.br\/site\/wp-json\/wp\/v2\/product_brand?post=7049"},{"taxonomy":"product_cat","embeddable":true,"href":"https:\/\/motionup.com.br\/site\/wp-json\/wp\/v2\/product_cat?post=7049"},{"taxonomy":"product_tag","embeddable":true,"href":"https:\/\/motionup.com.br\/site\/wp-json\/wp\/v2\/product_tag?post=7049"}],"curies":[{"name":"wp","href":"https:\/\/api.w.org\/{rel}","templated":true}]}}