{"id":7122,"date":"2023-10-18T09:58:51","date_gmt":"2023-10-18T12:58:51","guid":{"rendered":"https:\/\/motionup.com.br\/site\/?post_type=product&#038;p=7122"},"modified":"2023-10-18T09:59:21","modified_gmt":"2023-10-18T12:59:21","slug":"pg2455-sensor-de-pressao-exibicao-analogica-alcance-1-4bar-resistencia-30bar-ifm","status":"publish","type":"product","link":"https:\/\/motionup.com.br\/site\/produto\/pg2455-sensor-de-pressao-exibicao-analogica-alcance-1-4bar-resistencia-30bar-ifm\/","title":{"rendered":"PG2455 &#8211; SENSOR DE PRESSAO (EXIBI\u00c7AO ANALOGICA) &#8211; ALCANCE: -1&#8230;4bar RESISTENCIA: 30bar &#8211; IFM"},"content":{"rendered":"<p>PG2455 &#8211; SENSOR DE PRESSAO (EXIBI\u00c7AO ANALOGICA) &#8211; ALCANCE: -1&#8230;4bar RESISTENCIA: 30bar &#8211; IFM<\/p>\n<p>Consulte um vendedor e solicite um or\u00e7amento<\/p>\n<p>vendas@motionup.com.br<\/p>\n<p>motionup@motionup.com.br<\/p>\n<hr \/>\n<ul class=\"bulletpoint-list__entries\">\n<li>Indicador anal\u00f3gico, interruptor e transmissor de press\u00e3o em um aparelho<\/li>\n<li>Muito boa legibilidade tamb\u00e9m \u00e0 dist\u00e2ncia<\/li>\n<li>Display rotativo com barra LED para indica\u00e7\u00e3o dos pontos de comuta\u00e7\u00e3o<\/li>\n<li>Sa\u00edda de comuta\u00e7\u00e3o program\u00e1vel e sa\u00edda anal\u00f3gica gradu\u00e1vel<\/li>\n<li>Inv\u00f3lucro robusto de a\u00e7o inoxid\u00e1vel para aplica\u00e7\u00e3o em ambiente industrial duro<\/li>\n<\/ul>\n<blockquote><p><strong>CARACTERISTICAS DO PRODUTO<\/strong><\/p><\/blockquote>\n<ul>\n<li>Quantidade de entradas e sa\u00eddas &#8212;&gt; Quantidade de sa\u00eddas digitais: 1; Quantidade de sa\u00eddas anal\u00f3gicas: 1<\/li>\n<li>Alcance de medi\u00e7\u00e3o &#8212;&gt; -1&#8230;4 bar \/ -14,5&#8230;58 psi<\/li>\n<li>Conex\u00e3o de processo &#8212;&gt; conex\u00e3o da rosca G 1\/2 rosca externa<\/li>\n<\/ul>\n<blockquote><p><strong>ENTRADAS\/SAIDAS<\/strong><\/p><\/blockquote>\n<ul>\n<li>Quantidade de entradas e sa\u00eddas &#8212;&gt; Quantidade de sa\u00eddas digitais: 1; Quantidade de sa\u00eddas anal\u00f3gicas: 1<\/li>\n<\/ul>\n","protected":false},"excerpt":{"rendered":"<p>PG2455 &#8211; SENSOR DE PRESSAO (EXIBI\u00c7AO ANALOGICA) &#8211; ALCANCE: -1&#8230;4bar RESISTENCIA: 30bar &#8211; IFM Consulte um vendedor e solicite um or\u00e7amento vendas@motionup.com.br motionup@motionup.com.br Indicador anal\u00f3gico, interruptor e transmissor de press\u00e3o em um aparelho Muito boa legibilidade tamb\u00e9m \u00e0 dist\u00e2ncia Display rotativo com barra LED para indica\u00e7\u00e3o dos pontos de comuta\u00e7\u00e3o Sa\u00edda de comuta\u00e7\u00e3o program\u00e1vel e [&hellip;]<\/p>\n","protected":false},"featured_media":7123,"template":"","meta":[],"product_brand":[],"product_cat":[353,56,655],"product_tag":[],"class_list":{"0":"post-7122","1":"product","2":"type-product","3":"status-publish","4":"has-post-thumbnail","6":"product_cat-ifm","7":"product_cat-sensores","8":"product_cat-sensores-pressao","10":"first","11":"onbackorder","12":"shipping-taxable","13":"product-type-simple"},"yoast_head":"<!-- This site is optimized with the Yoast SEO plugin v26.3 - https:\/\/yoast.com\/wordpress\/plugins\/seo\/ -->\n<title>PG2455 - SENSOR DE PRESSAO (EXIBI\u00c7AO ANALOGICA) - ALCANCE: -1...4bar RESISTENCIA: 30bar - IFM - Loja Motion Up<\/title>\n<meta name=\"robots\" content=\"index, follow, max-snippet:-1, max-image-preview:large, max-video-preview:-1\" \/>\n<link rel=\"canonical\" href=\"https:\/\/motionup.com.br\/site\/produto\/pg2455-sensor-de-pressao-exibicao-analogica-alcance-1-4bar-resistencia-30bar-ifm\/\" \/>\n<meta property=\"og:locale\" content=\"pt_BR\" \/>\n<meta property=\"og:type\" content=\"article\" \/>\n<meta property=\"og:title\" content=\"PG2455 - SENSOR DE PRESSAO (EXIBI\u00c7AO ANALOGICA) - ALCANCE: -1...4bar RESISTENCIA: 30bar - IFM - Loja Motion Up\" \/>\n<meta property=\"og:description\" content=\"PG2455 &#8211; SENSOR DE PRESSAO (EXIBI\u00c7AO ANALOGICA) &#8211; ALCANCE: -1&#8230;4bar RESISTENCIA: 30bar &#8211; IFM Consulte um vendedor e solicite um or\u00e7amento vendas@motionup.com.br motionup@motionup.com.br Indicador anal\u00f3gico, interruptor e transmissor de press\u00e3o em um aparelho Muito boa legibilidade tamb\u00e9m \u00e0 dist\u00e2ncia Display rotativo com barra LED para indica\u00e7\u00e3o dos pontos de comuta\u00e7\u00e3o Sa\u00edda de comuta\u00e7\u00e3o program\u00e1vel e [&hellip;]\" \/>\n<meta property=\"og:url\" content=\"https:\/\/motionup.com.br\/site\/produto\/pg2455-sensor-de-pressao-exibicao-analogica-alcance-1-4bar-resistencia-30bar-ifm\/\" \/>\n<meta property=\"og:site_name\" content=\"Loja Motion Up\" \/>\n<meta property=\"article:publisher\" content=\"https:\/\/m.facebook.com\/fp3motionup\/about\/\" \/>\n<meta property=\"article:modified_time\" content=\"2023-10-18T12:59:21+00:00\" \/>\n<meta property=\"og:image\" content=\"https:\/\/motionup.com.br\/site\/wp-content\/uploads\/2023\/10\/OGT100-20.jpg\" \/>\n\t<meta property=\"og:image:width\" content=\"600\" \/>\n\t<meta property=\"og:image:height\" content=\"600\" \/>\n\t<meta property=\"og:image:type\" content=\"image\/jpeg\" \/>\n<meta name=\"twitter:card\" content=\"summary_large_image\" \/>\n<meta name=\"twitter:label1\" content=\"Est. tempo de leitura\" \/>\n\t<meta name=\"twitter:data1\" content=\"1 minuto\" \/>\n<script type=\"application\/ld+json\" class=\"yoast-schema-graph\">{\"@context\":\"https:\/\/schema.org\",\"@graph\":[{\"@type\":\"WebPage\",\"@id\":\"https:\/\/motionup.com.br\/site\/produto\/pg2455-sensor-de-pressao-exibicao-analogica-alcance-1-4bar-resistencia-30bar-ifm\/\",\"url\":\"https:\/\/motionup.com.br\/site\/produto\/pg2455-sensor-de-pressao-exibicao-analogica-alcance-1-4bar-resistencia-30bar-ifm\/\",\"name\":\"PG2455 - SENSOR DE PRESSAO (EXIBI\u00c7AO ANALOGICA) - ALCANCE: -1...4bar RESISTENCIA: 30bar - IFM - Loja Motion Up\",\"isPartOf\":{\"@id\":\"https:\/\/motionup.com.br\/site\/#website\"},\"primaryImageOfPage\":{\"@id\":\"https:\/\/motionup.com.br\/site\/produto\/pg2455-sensor-de-pressao-exibicao-analogica-alcance-1-4bar-resistencia-30bar-ifm\/#primaryimage\"},\"image\":{\"@id\":\"https:\/\/motionup.com.br\/site\/produto\/pg2455-sensor-de-pressao-exibicao-analogica-alcance-1-4bar-resistencia-30bar-ifm\/#primaryimage\"},\"thumbnailUrl\":\"https:\/\/motionup.com.br\/site\/wp-content\/uploads\/2023\/10\/OGT100-20.jpg\",\"datePublished\":\"2023-10-18T12:58:51+00:00\",\"dateModified\":\"2023-10-18T12:59:21+00:00\",\"breadcrumb\":{\"@id\":\"https:\/\/motionup.com.br\/site\/produto\/pg2455-sensor-de-pressao-exibicao-analogica-alcance-1-4bar-resistencia-30bar-ifm\/#breadcrumb\"},\"inLanguage\":\"pt-BR\",\"potentialAction\":[{\"@type\":\"ReadAction\",\"target\":[\"https:\/\/motionup.com.br\/site\/produto\/pg2455-sensor-de-pressao-exibicao-analogica-alcance-1-4bar-resistencia-30bar-ifm\/\"]}]},{\"@type\":\"ImageObject\",\"inLanguage\":\"pt-BR\",\"@id\":\"https:\/\/motionup.com.br\/site\/produto\/pg2455-sensor-de-pressao-exibicao-analogica-alcance-1-4bar-resistencia-30bar-ifm\/#primaryimage\",\"url\":\"https:\/\/motionup.com.br\/site\/wp-content\/uploads\/2023\/10\/OGT100-20.jpg\",\"contentUrl\":\"https:\/\/motionup.com.br\/site\/wp-content\/uploads\/2023\/10\/OGT100-20.jpg\",\"width\":600,\"height\":600},{\"@type\":\"BreadcrumbList\",\"@id\":\"https:\/\/motionup.com.br\/site\/produto\/pg2455-sensor-de-pressao-exibicao-analogica-alcance-1-4bar-resistencia-30bar-ifm\/#breadcrumb\",\"itemListElement\":[{\"@type\":\"ListItem\",\"position\":1,\"name\":\"In\u00edcio\",\"item\":\"https:\/\/motionup.com.br\/site\/\"},{\"@type\":\"ListItem\",\"position\":2,\"name\":\"Produtos\",\"item\":\"https:\/\/motionup.com.br\/site\/produtos\/\"},{\"@type\":\"ListItem\",\"position\":3,\"name\":\"PG2455 &#8211; SENSOR DE PRESSAO (EXIBI\u00c7AO ANALOGICA) &#8211; ALCANCE: -1&#8230;4bar RESISTENCIA: 30bar &#8211; IFM\"}]},{\"@type\":\"WebSite\",\"@id\":\"https:\/\/motionup.com.br\/site\/#website\",\"url\":\"https:\/\/motionup.com.br\/site\/\",\"name\":\"Motion Up\",\"description\":\"E-commerce Motion Up - Automa\u00e7\u00e3o Industrial\",\"publisher\":{\"@id\":\"https:\/\/motionup.com.br\/site\/#organization\"},\"potentialAction\":[{\"@type\":\"SearchAction\",\"target\":{\"@type\":\"EntryPoint\",\"urlTemplate\":\"https:\/\/motionup.com.br\/site\/?s={search_term_string}\"},\"query-input\":{\"@type\":\"PropertyValueSpecification\",\"valueRequired\":true,\"valueName\":\"search_term_string\"}}],\"inLanguage\":\"pt-BR\"},{\"@type\":\"Organization\",\"@id\":\"https:\/\/motionup.com.br\/site\/#organization\",\"name\":\"Motion Up\",\"url\":\"https:\/\/motionup.com.br\/site\/\",\"logo\":{\"@type\":\"ImageObject\",\"inLanguage\":\"pt-BR\",\"@id\":\"https:\/\/motionup.com.br\/site\/#\/schema\/logo\/image\/\",\"url\":\"https:\/\/motionup.com.br\/site\/wp-content\/uploads\/2025\/05\/MOTIONUP.png\",\"contentUrl\":\"https:\/\/motionup.com.br\/site\/wp-content\/uploads\/2025\/05\/MOTIONUP.png\",\"width\":1200,\"height\":601,\"caption\":\"Motion Up\"},\"image\":{\"@id\":\"https:\/\/motionup.com.br\/site\/#\/schema\/logo\/image\/\"},\"sameAs\":[\"https:\/\/m.facebook.com\/fp3motionup\/about\/\",\"https:\/\/br.linkedin.com\/company\/fpn-controle-e-automao-industrial-ltda\"]}]}<\/script>\n<!-- \/ Yoast SEO plugin. -->","yoast_head_json":{"title":"PG2455 - SENSOR DE PRESSAO (EXIBI\u00c7AO ANALOGICA) - ALCANCE: -1...4bar RESISTENCIA: 30bar - IFM - Loja Motion Up","robots":{"index":"index","follow":"follow","max-snippet":"max-snippet:-1","max-image-preview":"max-image-preview:large","max-video-preview":"max-video-preview:-1"},"canonical":"https:\/\/motionup.com.br\/site\/produto\/pg2455-sensor-de-pressao-exibicao-analogica-alcance-1-4bar-resistencia-30bar-ifm\/","og_locale":"pt_BR","og_type":"article","og_title":"PG2455 - SENSOR DE PRESSAO (EXIBI\u00c7AO ANALOGICA) - ALCANCE: -1...4bar RESISTENCIA: 30bar - IFM - Loja Motion Up","og_description":"PG2455 &#8211; SENSOR DE PRESSAO (EXIBI\u00c7AO ANALOGICA) &#8211; ALCANCE: -1&#8230;4bar RESISTENCIA: 30bar &#8211; IFM Consulte um vendedor e solicite um or\u00e7amento vendas@motionup.com.br motionup@motionup.com.br Indicador anal\u00f3gico, interruptor e transmissor de press\u00e3o em um aparelho Muito boa legibilidade tamb\u00e9m \u00e0 dist\u00e2ncia Display rotativo com barra LED para indica\u00e7\u00e3o dos pontos de comuta\u00e7\u00e3o Sa\u00edda de comuta\u00e7\u00e3o program\u00e1vel e [&hellip;]","og_url":"https:\/\/motionup.com.br\/site\/produto\/pg2455-sensor-de-pressao-exibicao-analogica-alcance-1-4bar-resistencia-30bar-ifm\/","og_site_name":"Loja Motion Up","article_publisher":"https:\/\/m.facebook.com\/fp3motionup\/about\/","article_modified_time":"2023-10-18T12:59:21+00:00","og_image":[{"width":600,"height":600,"url":"https:\/\/motionup.com.br\/site\/wp-content\/uploads\/2023\/10\/OGT100-20.jpg","type":"image\/jpeg"}],"twitter_card":"summary_large_image","twitter_misc":{"Est. tempo de leitura":"1 minuto"},"schema":{"@context":"https:\/\/schema.org","@graph":[{"@type":"WebPage","@id":"https:\/\/motionup.com.br\/site\/produto\/pg2455-sensor-de-pressao-exibicao-analogica-alcance-1-4bar-resistencia-30bar-ifm\/","url":"https:\/\/motionup.com.br\/site\/produto\/pg2455-sensor-de-pressao-exibicao-analogica-alcance-1-4bar-resistencia-30bar-ifm\/","name":"PG2455 - SENSOR DE PRESSAO (EXIBI\u00c7AO ANALOGICA) - ALCANCE: -1...4bar RESISTENCIA: 30bar - IFM - Loja Motion Up","isPartOf":{"@id":"https:\/\/motionup.com.br\/site\/#website"},"primaryImageOfPage":{"@id":"https:\/\/motionup.com.br\/site\/produto\/pg2455-sensor-de-pressao-exibicao-analogica-alcance-1-4bar-resistencia-30bar-ifm\/#primaryimage"},"image":{"@id":"https:\/\/motionup.com.br\/site\/produto\/pg2455-sensor-de-pressao-exibicao-analogica-alcance-1-4bar-resistencia-30bar-ifm\/#primaryimage"},"thumbnailUrl":"https:\/\/motionup.com.br\/site\/wp-content\/uploads\/2023\/10\/OGT100-20.jpg","datePublished":"2023-10-18T12:58:51+00:00","dateModified":"2023-10-18T12:59:21+00:00","breadcrumb":{"@id":"https:\/\/motionup.com.br\/site\/produto\/pg2455-sensor-de-pressao-exibicao-analogica-alcance-1-4bar-resistencia-30bar-ifm\/#breadcrumb"},"inLanguage":"pt-BR","potentialAction":[{"@type":"ReadAction","target":["https:\/\/motionup.com.br\/site\/produto\/pg2455-sensor-de-pressao-exibicao-analogica-alcance-1-4bar-resistencia-30bar-ifm\/"]}]},{"@type":"ImageObject","inLanguage":"pt-BR","@id":"https:\/\/motionup.com.br\/site\/produto\/pg2455-sensor-de-pressao-exibicao-analogica-alcance-1-4bar-resistencia-30bar-ifm\/#primaryimage","url":"https:\/\/motionup.com.br\/site\/wp-content\/uploads\/2023\/10\/OGT100-20.jpg","contentUrl":"https:\/\/motionup.com.br\/site\/wp-content\/uploads\/2023\/10\/OGT100-20.jpg","width":600,"height":600},{"@type":"BreadcrumbList","@id":"https:\/\/motionup.com.br\/site\/produto\/pg2455-sensor-de-pressao-exibicao-analogica-alcance-1-4bar-resistencia-30bar-ifm\/#breadcrumb","itemListElement":[{"@type":"ListItem","position":1,"name":"In\u00edcio","item":"https:\/\/motionup.com.br\/site\/"},{"@type":"ListItem","position":2,"name":"Produtos","item":"https:\/\/motionup.com.br\/site\/produtos\/"},{"@type":"ListItem","position":3,"name":"PG2455 &#8211; SENSOR DE PRESSAO (EXIBI\u00c7AO ANALOGICA) &#8211; ALCANCE: -1&#8230;4bar RESISTENCIA: 30bar &#8211; IFM"}]},{"@type":"WebSite","@id":"https:\/\/motionup.com.br\/site\/#website","url":"https:\/\/motionup.com.br\/site\/","name":"Motion Up","description":"E-commerce Motion Up - Automa\u00e7\u00e3o Industrial","publisher":{"@id":"https:\/\/motionup.com.br\/site\/#organization"},"potentialAction":[{"@type":"SearchAction","target":{"@type":"EntryPoint","urlTemplate":"https:\/\/motionup.com.br\/site\/?s={search_term_string}"},"query-input":{"@type":"PropertyValueSpecification","valueRequired":true,"valueName":"search_term_string"}}],"inLanguage":"pt-BR"},{"@type":"Organization","@id":"https:\/\/motionup.com.br\/site\/#organization","name":"Motion Up","url":"https:\/\/motionup.com.br\/site\/","logo":{"@type":"ImageObject","inLanguage":"pt-BR","@id":"https:\/\/motionup.com.br\/site\/#\/schema\/logo\/image\/","url":"https:\/\/motionup.com.br\/site\/wp-content\/uploads\/2025\/05\/MOTIONUP.png","contentUrl":"https:\/\/motionup.com.br\/site\/wp-content\/uploads\/2025\/05\/MOTIONUP.png","width":1200,"height":601,"caption":"Motion Up"},"image":{"@id":"https:\/\/motionup.com.br\/site\/#\/schema\/logo\/image\/"},"sameAs":["https:\/\/m.facebook.com\/fp3motionup\/about\/","https:\/\/br.linkedin.com\/company\/fpn-controle-e-automao-industrial-ltda"]}]}},"_links":{"self":[{"href":"https:\/\/motionup.com.br\/site\/wp-json\/wp\/v2\/product\/7122","targetHints":{"allow":["GET"]}}],"collection":[{"href":"https:\/\/motionup.com.br\/site\/wp-json\/wp\/v2\/product"}],"about":[{"href":"https:\/\/motionup.com.br\/site\/wp-json\/wp\/v2\/types\/product"}],"wp:featuredmedia":[{"embeddable":true,"href":"https:\/\/motionup.com.br\/site\/wp-json\/wp\/v2\/media\/7123"}],"wp:attachment":[{"href":"https:\/\/motionup.com.br\/site\/wp-json\/wp\/v2\/media?parent=7122"}],"wp:term":[{"taxonomy":"product_brand","embeddable":true,"href":"https:\/\/motionup.com.br\/site\/wp-json\/wp\/v2\/product_brand?post=7122"},{"taxonomy":"product_cat","embeddable":true,"href":"https:\/\/motionup.com.br\/site\/wp-json\/wp\/v2\/product_cat?post=7122"},{"taxonomy":"product_tag","embeddable":true,"href":"https:\/\/motionup.com.br\/site\/wp-json\/wp\/v2\/product_tag?post=7122"}],"curies":[{"name":"wp","href":"https:\/\/api.w.org\/{rel}","templated":true}]}}