{"id":7167,"date":"2023-10-19T11:04:23","date_gmt":"2023-10-19T14:04:23","guid":{"rendered":"https:\/\/motionup.com.br\/site\/?post_type=product&#038;p=7167"},"modified":"2023-10-19T16:28:06","modified_gmt":"2023-10-19T19:28:06","slug":"pk5521-interruptor-de-pressao-ajuste-indutivo-do-ponto-de-comutacao-alcance-0-250bar-ifm","status":"publish","type":"product","link":"https:\/\/motionup.com.br\/site\/produto\/pk5521-interruptor-de-pressao-ajuste-indutivo-do-ponto-de-comutacao-alcance-0-250bar-ifm\/","title":{"rendered":"PK5521 &#8211; INTERRUPTOR DE PRESSAO (AJUSTE INDUTIVO DO PONTO DE COMUTA\u00c7\u00c3O) &#8211; ALCANCE: 0&#8230;250bar; SAIDAS DIGITAIS: 1 &#8211; IFM"},"content":{"rendered":"<p>PK5521 &#8211; INTERRUPTOR DE PRESSAO (AJUSTE INDUTIVO DO PONTO DE COMUTA\u00c7\u00c3O) &#8211; ALCANCE: 0&#8230;250bar; SAIDAS DIGITAIS: 1 &#8211; IFM<\/p>\n<p>Consulte um vendedor e solicite um or\u00e7amento<\/p>\n<p>vendas@motionup.com.br<\/p>\n<p>motionup@motionup.com.br<\/p>\n<hr \/>\n<ul class=\"bulletpoint-list__entries\">\n<li>F\u00e1cil ajuste do ponto de comuta\u00e7\u00e3o mediante anel de ajuste<\/li>\n<li>Estabilidade bastante duradoura gra\u00e7as \u00e0 robusta c\u00e9lula de medi\u00e7\u00e3o de a\u00e7o inoxid\u00e1vel com alta resist\u00eancia \u00e0 press\u00e3o admiss\u00edvel<\/li>\n<li>Bloqueio mec\u00e2nico impede um desajuste acidental<\/li>\n<li>Expectativa de vida de mais de 50 milh\u00f5es de ciclos de press\u00e3o<\/li>\n<li>Para aplica\u00e7\u00e3o na tecnologia hidr\u00e1ulica, pneum\u00e1tica, de climatiza\u00e7\u00e3o e de refrigera\u00e7\u00e3o<\/li>\n<\/ul>\n<blockquote><p><strong>CARACTERISTICAS DO PRODUTO<\/strong><\/p><\/blockquote>\n<ul>\n<li>Quantidade de entradas e sa\u00eddas &#8212;&gt; Quantidade de sa\u00eddas digitais: 1<\/li>\n<li>Alcance de medi\u00e7\u00e3o &#8212;&gt; 0&#8230;250 bar \/ 0&#8230;3625 psi<\/li>\n<li>Conex\u00e3o de processo &#8212;&gt; conex\u00e3o da rosca G 1\/4 rosca externa Rosca interna:M5<\/li>\n<\/ul>\n<blockquote><p><strong>CAMPO DE APLICA\u00c7\u00c3O<\/strong><\/p><\/blockquote>\n<ul>\n<li>Aplica\u00e7\u00e3o &#8212;&gt; para aplica\u00e7\u00f5es industriais<\/li>\n<li>Subst\u00e2ncias &#8212;&gt; fluidos l\u00edquidos e gasosos<\/li>\n<li>Temperatura do flu\u00eddo [\u00b0C] &#8212;&gt; -25&#8230;80<\/li>\n<li>Min. Berstdruck &#8212;&gt; 1000 bar \/ 14500 psi<\/li>\n<li>Resist\u00eancia \u00e0 press\u00e3o &#8212;&gt; 400 bar \/ 5800 psi<\/li>\n<li>Tipo de press\u00e3o &#8212;&gt; press\u00e3o relativa<\/li>\n<\/ul>\n","protected":false},"excerpt":{"rendered":"<p>PK5521 &#8211; INTERRUPTOR DE PRESSAO (AJUSTE INDUTIVO DO PONTO DE COMUTA\u00c7\u00c3O) &#8211; ALCANCE: 0&#8230;250bar; SAIDAS DIGITAIS: 1 &#8211; IFM Consulte um vendedor e solicite um or\u00e7amento vendas@motionup.com.br motionup@motionup.com.br F\u00e1cil ajuste do ponto de comuta\u00e7\u00e3o mediante anel de ajuste Estabilidade bastante duradoura gra\u00e7as \u00e0 robusta c\u00e9lula de medi\u00e7\u00e3o de a\u00e7o inoxid\u00e1vel com alta resist\u00eancia \u00e0 press\u00e3o [&hellip;]<\/p>\n","protected":false},"featured_media":7168,"template":"","meta":[],"product_brand":[],"product_cat":[353,56,655],"product_tag":[],"class_list":{"0":"post-7167","1":"product","2":"type-product","3":"status-publish","4":"has-post-thumbnail","6":"product_cat-ifm","7":"product_cat-sensores","8":"product_cat-sensores-pressao","10":"first","11":"onbackorder","12":"shipping-taxable","13":"product-type-simple"},"yoast_head":"<!-- This site is optimized with the Yoast SEO plugin v27.5 - https:\/\/yoast.com\/product\/yoast-seo-wordpress\/ -->\n<title>PK5521 - INTERRUPTOR DE PRESSAO (AJUSTE INDUTIVO DO PONTO DE COMUTA\u00c7\u00c3O) - ALCANCE: 0...250bar; SAIDAS DIGITAIS: 1 - IFM - Loja Motion Up<\/title>\n<meta name=\"robots\" content=\"index, follow, max-snippet:-1, max-image-preview:large, max-video-preview:-1\" \/>\n<link rel=\"canonical\" href=\"https:\/\/motionup.com.br\/site\/produto\/pk5521-interruptor-de-pressao-ajuste-indutivo-do-ponto-de-comutacao-alcance-0-250bar-ifm\/\" \/>\n<meta property=\"og:locale\" content=\"pt_BR\" \/>\n<meta property=\"og:type\" content=\"article\" \/>\n<meta property=\"og:title\" content=\"PK5521 - INTERRUPTOR DE PRESSAO (AJUSTE INDUTIVO DO PONTO DE COMUTA\u00c7\u00c3O) - ALCANCE: 0...250bar; SAIDAS DIGITAIS: 1 - IFM - Loja Motion Up\" \/>\n<meta property=\"og:description\" content=\"PK5521 &#8211; INTERRUPTOR DE PRESSAO (AJUSTE INDUTIVO DO PONTO DE COMUTA\u00c7\u00c3O) &#8211; ALCANCE: 0&#8230;250bar; SAIDAS DIGITAIS: 1 &#8211; IFM Consulte um vendedor e solicite um or\u00e7amento vendas@motionup.com.br motionup@motionup.com.br F\u00e1cil ajuste do ponto de comuta\u00e7\u00e3o mediante anel de ajuste Estabilidade bastante duradoura gra\u00e7as \u00e0 robusta c\u00e9lula de medi\u00e7\u00e3o de a\u00e7o inoxid\u00e1vel com alta resist\u00eancia \u00e0 press\u00e3o [&hellip;]\" \/>\n<meta property=\"og:url\" content=\"https:\/\/motionup.com.br\/site\/produto\/pk5521-interruptor-de-pressao-ajuste-indutivo-do-ponto-de-comutacao-alcance-0-250bar-ifm\/\" \/>\n<meta property=\"og:site_name\" content=\"Loja Motion Up\" \/>\n<meta property=\"article:publisher\" content=\"https:\/\/m.facebook.com\/fp3motionup\/about\/\" \/>\n<meta property=\"article:modified_time\" content=\"2023-10-19T19:28:06+00:00\" \/>\n<meta property=\"og:image\" content=\"https:\/\/motionup.com.br\/site\/wp-content\/uploads\/2023\/10\/OGT100-33.jpg\" \/>\n\t<meta property=\"og:image:width\" content=\"600\" \/>\n\t<meta property=\"og:image:height\" content=\"600\" \/>\n\t<meta property=\"og:image:type\" content=\"image\/jpeg\" \/>\n<meta name=\"twitter:card\" content=\"summary_large_image\" \/>\n<meta name=\"twitter:label1\" content=\"Est. tempo de leitura\" \/>\n\t<meta name=\"twitter:data1\" content=\"1 minuto\" \/>\n<script type=\"application\/ld+json\" class=\"yoast-schema-graph\">{\"@context\":\"https:\\\/\\\/schema.org\",\"@graph\":[{\"@type\":\"WebPage\",\"@id\":\"https:\\\/\\\/motionup.com.br\\\/site\\\/produto\\\/pk5521-interruptor-de-pressao-ajuste-indutivo-do-ponto-de-comutacao-alcance-0-250bar-ifm\\\/\",\"url\":\"https:\\\/\\\/motionup.com.br\\\/site\\\/produto\\\/pk5521-interruptor-de-pressao-ajuste-indutivo-do-ponto-de-comutacao-alcance-0-250bar-ifm\\\/\",\"name\":\"PK5521 - INTERRUPTOR DE PRESSAO (AJUSTE INDUTIVO DO PONTO DE COMUTA\u00c7\u00c3O) - ALCANCE: 0...250bar; SAIDAS DIGITAIS: 1 - IFM - Loja Motion Up\",\"isPartOf\":{\"@id\":\"https:\\\/\\\/motionup.com.br\\\/site\\\/#website\"},\"primaryImageOfPage\":{\"@id\":\"https:\\\/\\\/motionup.com.br\\\/site\\\/produto\\\/pk5521-interruptor-de-pressao-ajuste-indutivo-do-ponto-de-comutacao-alcance-0-250bar-ifm\\\/#primaryimage\"},\"image\":{\"@id\":\"https:\\\/\\\/motionup.com.br\\\/site\\\/produto\\\/pk5521-interruptor-de-pressao-ajuste-indutivo-do-ponto-de-comutacao-alcance-0-250bar-ifm\\\/#primaryimage\"},\"thumbnailUrl\":\"https:\\\/\\\/motionup.com.br\\\/site\\\/wp-content\\\/uploads\\\/2023\\\/10\\\/OGT100-33.jpg\",\"datePublished\":\"2023-10-19T14:04:23+00:00\",\"dateModified\":\"2023-10-19T19:28:06+00:00\",\"breadcrumb\":{\"@id\":\"https:\\\/\\\/motionup.com.br\\\/site\\\/produto\\\/pk5521-interruptor-de-pressao-ajuste-indutivo-do-ponto-de-comutacao-alcance-0-250bar-ifm\\\/#breadcrumb\"},\"inLanguage\":\"pt-BR\",\"potentialAction\":[{\"@type\":\"ReadAction\",\"target\":[\"https:\\\/\\\/motionup.com.br\\\/site\\\/produto\\\/pk5521-interruptor-de-pressao-ajuste-indutivo-do-ponto-de-comutacao-alcance-0-250bar-ifm\\\/\"]}]},{\"@type\":\"ImageObject\",\"inLanguage\":\"pt-BR\",\"@id\":\"https:\\\/\\\/motionup.com.br\\\/site\\\/produto\\\/pk5521-interruptor-de-pressao-ajuste-indutivo-do-ponto-de-comutacao-alcance-0-250bar-ifm\\\/#primaryimage\",\"url\":\"https:\\\/\\\/motionup.com.br\\\/site\\\/wp-content\\\/uploads\\\/2023\\\/10\\\/OGT100-33.jpg\",\"contentUrl\":\"https:\\\/\\\/motionup.com.br\\\/site\\\/wp-content\\\/uploads\\\/2023\\\/10\\\/OGT100-33.jpg\",\"width\":600,\"height\":600},{\"@type\":\"BreadcrumbList\",\"@id\":\"https:\\\/\\\/motionup.com.br\\\/site\\\/produto\\\/pk5521-interruptor-de-pressao-ajuste-indutivo-do-ponto-de-comutacao-alcance-0-250bar-ifm\\\/#breadcrumb\",\"itemListElement\":[{\"@type\":\"ListItem\",\"position\":1,\"name\":\"In\u00edcio\",\"item\":\"https:\\\/\\\/motionup.com.br\\\/site\\\/\"},{\"@type\":\"ListItem\",\"position\":2,\"name\":\"Produtos\",\"item\":\"https:\\\/\\\/motionup.com.br\\\/site\\\/produtos\\\/\"},{\"@type\":\"ListItem\",\"position\":3,\"name\":\"PK5521 &#8211; INTERRUPTOR DE PRESSAO (AJUSTE INDUTIVO DO PONTO DE COMUTA\u00c7\u00c3O) &#8211; ALCANCE: 0&#8230;250bar; SAIDAS DIGITAIS: 1 &#8211; IFM\"}]},{\"@type\":\"WebSite\",\"@id\":\"https:\\\/\\\/motionup.com.br\\\/site\\\/#website\",\"url\":\"https:\\\/\\\/motionup.com.br\\\/site\\\/\",\"name\":\"Motion Up\",\"description\":\"E-commerce Motion Up - Automa\u00e7\u00e3o Industrial\",\"publisher\":{\"@id\":\"https:\\\/\\\/motionup.com.br\\\/site\\\/#organization\"},\"potentialAction\":[{\"@type\":\"SearchAction\",\"target\":{\"@type\":\"EntryPoint\",\"urlTemplate\":\"https:\\\/\\\/motionup.com.br\\\/site\\\/?s={search_term_string}\"},\"query-input\":{\"@type\":\"PropertyValueSpecification\",\"valueRequired\":true,\"valueName\":\"search_term_string\"}}],\"inLanguage\":\"pt-BR\"},{\"@type\":\"Organization\",\"@id\":\"https:\\\/\\\/motionup.com.br\\\/site\\\/#organization\",\"name\":\"Motion Up\",\"url\":\"https:\\\/\\\/motionup.com.br\\\/site\\\/\",\"logo\":{\"@type\":\"ImageObject\",\"inLanguage\":\"pt-BR\",\"@id\":\"https:\\\/\\\/motionup.com.br\\\/site\\\/#\\\/schema\\\/logo\\\/image\\\/\",\"url\":\"https:\\\/\\\/motionup.com.br\\\/site\\\/wp-content\\\/uploads\\\/2025\\\/05\\\/MOTIONUP.png\",\"contentUrl\":\"https:\\\/\\\/motionup.com.br\\\/site\\\/wp-content\\\/uploads\\\/2025\\\/05\\\/MOTIONUP.png\",\"width\":1200,\"height\":601,\"caption\":\"Motion Up\"},\"image\":{\"@id\":\"https:\\\/\\\/motionup.com.br\\\/site\\\/#\\\/schema\\\/logo\\\/image\\\/\"},\"sameAs\":[\"https:\\\/\\\/m.facebook.com\\\/fp3motionup\\\/about\\\/\",\"https:\\\/\\\/br.linkedin.com\\\/company\\\/fpn-controle-e-automao-industrial-ltda\"]}]}<\/script>\n<!-- \/ Yoast SEO plugin. -->","yoast_head_json":{"title":"PK5521 - INTERRUPTOR DE PRESSAO (AJUSTE INDUTIVO DO PONTO DE COMUTA\u00c7\u00c3O) - ALCANCE: 0...250bar; SAIDAS DIGITAIS: 1 - IFM - Loja Motion Up","robots":{"index":"index","follow":"follow","max-snippet":"max-snippet:-1","max-image-preview":"max-image-preview:large","max-video-preview":"max-video-preview:-1"},"canonical":"https:\/\/motionup.com.br\/site\/produto\/pk5521-interruptor-de-pressao-ajuste-indutivo-do-ponto-de-comutacao-alcance-0-250bar-ifm\/","og_locale":"pt_BR","og_type":"article","og_title":"PK5521 - INTERRUPTOR DE PRESSAO (AJUSTE INDUTIVO DO PONTO DE COMUTA\u00c7\u00c3O) - ALCANCE: 0...250bar; SAIDAS DIGITAIS: 1 - IFM - Loja Motion Up","og_description":"PK5521 &#8211; INTERRUPTOR DE PRESSAO (AJUSTE INDUTIVO DO PONTO DE COMUTA\u00c7\u00c3O) &#8211; ALCANCE: 0&#8230;250bar; SAIDAS DIGITAIS: 1 &#8211; IFM Consulte um vendedor e solicite um or\u00e7amento vendas@motionup.com.br motionup@motionup.com.br F\u00e1cil ajuste do ponto de comuta\u00e7\u00e3o mediante anel de ajuste Estabilidade bastante duradoura gra\u00e7as \u00e0 robusta c\u00e9lula de medi\u00e7\u00e3o de a\u00e7o inoxid\u00e1vel com alta resist\u00eancia \u00e0 press\u00e3o [&hellip;]","og_url":"https:\/\/motionup.com.br\/site\/produto\/pk5521-interruptor-de-pressao-ajuste-indutivo-do-ponto-de-comutacao-alcance-0-250bar-ifm\/","og_site_name":"Loja Motion Up","article_publisher":"https:\/\/m.facebook.com\/fp3motionup\/about\/","article_modified_time":"2023-10-19T19:28:06+00:00","og_image":[{"width":600,"height":600,"url":"https:\/\/motionup.com.br\/site\/wp-content\/uploads\/2023\/10\/OGT100-33.jpg","type":"image\/jpeg"}],"twitter_card":"summary_large_image","twitter_misc":{"Est. tempo de leitura":"1 minuto"},"schema":{"@context":"https:\/\/schema.org","@graph":[{"@type":"WebPage","@id":"https:\/\/motionup.com.br\/site\/produto\/pk5521-interruptor-de-pressao-ajuste-indutivo-do-ponto-de-comutacao-alcance-0-250bar-ifm\/","url":"https:\/\/motionup.com.br\/site\/produto\/pk5521-interruptor-de-pressao-ajuste-indutivo-do-ponto-de-comutacao-alcance-0-250bar-ifm\/","name":"PK5521 - INTERRUPTOR DE PRESSAO (AJUSTE INDUTIVO DO PONTO DE COMUTA\u00c7\u00c3O) - ALCANCE: 0...250bar; SAIDAS DIGITAIS: 1 - IFM - Loja Motion Up","isPartOf":{"@id":"https:\/\/motionup.com.br\/site\/#website"},"primaryImageOfPage":{"@id":"https:\/\/motionup.com.br\/site\/produto\/pk5521-interruptor-de-pressao-ajuste-indutivo-do-ponto-de-comutacao-alcance-0-250bar-ifm\/#primaryimage"},"image":{"@id":"https:\/\/motionup.com.br\/site\/produto\/pk5521-interruptor-de-pressao-ajuste-indutivo-do-ponto-de-comutacao-alcance-0-250bar-ifm\/#primaryimage"},"thumbnailUrl":"https:\/\/motionup.com.br\/site\/wp-content\/uploads\/2023\/10\/OGT100-33.jpg","datePublished":"2023-10-19T14:04:23+00:00","dateModified":"2023-10-19T19:28:06+00:00","breadcrumb":{"@id":"https:\/\/motionup.com.br\/site\/produto\/pk5521-interruptor-de-pressao-ajuste-indutivo-do-ponto-de-comutacao-alcance-0-250bar-ifm\/#breadcrumb"},"inLanguage":"pt-BR","potentialAction":[{"@type":"ReadAction","target":["https:\/\/motionup.com.br\/site\/produto\/pk5521-interruptor-de-pressao-ajuste-indutivo-do-ponto-de-comutacao-alcance-0-250bar-ifm\/"]}]},{"@type":"ImageObject","inLanguage":"pt-BR","@id":"https:\/\/motionup.com.br\/site\/produto\/pk5521-interruptor-de-pressao-ajuste-indutivo-do-ponto-de-comutacao-alcance-0-250bar-ifm\/#primaryimage","url":"https:\/\/motionup.com.br\/site\/wp-content\/uploads\/2023\/10\/OGT100-33.jpg","contentUrl":"https:\/\/motionup.com.br\/site\/wp-content\/uploads\/2023\/10\/OGT100-33.jpg","width":600,"height":600},{"@type":"BreadcrumbList","@id":"https:\/\/motionup.com.br\/site\/produto\/pk5521-interruptor-de-pressao-ajuste-indutivo-do-ponto-de-comutacao-alcance-0-250bar-ifm\/#breadcrumb","itemListElement":[{"@type":"ListItem","position":1,"name":"In\u00edcio","item":"https:\/\/motionup.com.br\/site\/"},{"@type":"ListItem","position":2,"name":"Produtos","item":"https:\/\/motionup.com.br\/site\/produtos\/"},{"@type":"ListItem","position":3,"name":"PK5521 &#8211; INTERRUPTOR DE PRESSAO (AJUSTE INDUTIVO DO PONTO DE COMUTA\u00c7\u00c3O) &#8211; ALCANCE: 0&#8230;250bar; SAIDAS DIGITAIS: 1 &#8211; IFM"}]},{"@type":"WebSite","@id":"https:\/\/motionup.com.br\/site\/#website","url":"https:\/\/motionup.com.br\/site\/","name":"Motion Up","description":"E-commerce Motion Up - Automa\u00e7\u00e3o Industrial","publisher":{"@id":"https:\/\/motionup.com.br\/site\/#organization"},"potentialAction":[{"@type":"SearchAction","target":{"@type":"EntryPoint","urlTemplate":"https:\/\/motionup.com.br\/site\/?s={search_term_string}"},"query-input":{"@type":"PropertyValueSpecification","valueRequired":true,"valueName":"search_term_string"}}],"inLanguage":"pt-BR"},{"@type":"Organization","@id":"https:\/\/motionup.com.br\/site\/#organization","name":"Motion Up","url":"https:\/\/motionup.com.br\/site\/","logo":{"@type":"ImageObject","inLanguage":"pt-BR","@id":"https:\/\/motionup.com.br\/site\/#\/schema\/logo\/image\/","url":"https:\/\/motionup.com.br\/site\/wp-content\/uploads\/2025\/05\/MOTIONUP.png","contentUrl":"https:\/\/motionup.com.br\/site\/wp-content\/uploads\/2025\/05\/MOTIONUP.png","width":1200,"height":601,"caption":"Motion Up"},"image":{"@id":"https:\/\/motionup.com.br\/site\/#\/schema\/logo\/image\/"},"sameAs":["https:\/\/m.facebook.com\/fp3motionup\/about\/","https:\/\/br.linkedin.com\/company\/fpn-controle-e-automao-industrial-ltda"]}]}},"_links":{"self":[{"href":"https:\/\/motionup.com.br\/site\/wp-json\/wp\/v2\/product\/7167","targetHints":{"allow":["GET"]}}],"collection":[{"href":"https:\/\/motionup.com.br\/site\/wp-json\/wp\/v2\/product"}],"about":[{"href":"https:\/\/motionup.com.br\/site\/wp-json\/wp\/v2\/types\/product"}],"wp:featuredmedia":[{"embeddable":true,"href":"https:\/\/motionup.com.br\/site\/wp-json\/wp\/v2\/media\/7168"}],"wp:attachment":[{"href":"https:\/\/motionup.com.br\/site\/wp-json\/wp\/v2\/media?parent=7167"}],"wp:term":[{"taxonomy":"product_brand","embeddable":true,"href":"https:\/\/motionup.com.br\/site\/wp-json\/wp\/v2\/product_brand?post=7167"},{"taxonomy":"product_cat","embeddable":true,"href":"https:\/\/motionup.com.br\/site\/wp-json\/wp\/v2\/product_cat?post=7167"},{"taxonomy":"product_tag","embeddable":true,"href":"https:\/\/motionup.com.br\/site\/wp-json\/wp\/v2\/product_tag?post=7167"}],"curies":[{"name":"wp","href":"https:\/\/api.w.org\/{rel}","templated":true}]}}