{"id":7404,"date":"2023-11-27T11:58:26","date_gmt":"2023-11-27T14:58:26","guid":{"rendered":"https:\/\/motionup.com.br\/site\/?post_type=product&#038;p=7404"},"modified":"2023-11-27T11:58:27","modified_gmt":"2023-11-27T14:58:27","slug":"rop522-encoder-incremental-de-eixo-oco-e-com-display-o-585-l-69-diametro-do-eixo-15mm-ifm","status":"publish","type":"product","link":"https:\/\/motionup.com.br\/site\/produto\/rop522-encoder-incremental-de-eixo-oco-e-com-display-o-585-l-69-diametro-do-eixo-15mm-ifm\/","title":{"rendered":"ROP522 &#8211; ENCODER INCREMENTAL DE EIXO OCO E COM DISPLAY (\u00d8 58,5 \/ L = 69) &#8211; DIAMETRO DO EIXO: 15mm &#8211; IFM"},"content":{"rendered":"<p>ROP522 &#8211; ENCODER INCREMENTAL DE EIXO OCO E COM DISPLAY (\u00d8 58,5 \/ L = 69) &#8211; DIAMETRO DO EIXO: 15mm &#8211; IFM<\/p>\n<p>Consultar um vendedor e solicitar um or\u00e7amento.<\/p>\n<p>vendas@motionup.com.br<\/p>\n<p>motionup@motionup.com.br<\/p>\n<hr \/>\n<blockquote><p><strong>CARACTERISTICAS DO PRODUTO<\/strong><\/p><\/blockquote>\n<ul>\n<li>Resolu\u00e7\u00e3o &#8212;&gt; 1&#8230;10000; (parametriz\u00e1vel; ajuste de f\u00e1brica: 1024) tra\u00e7os<\/li>\n<li>Interface de comunica\u00e7\u00e3o &#8212;&gt; IO-Link<\/li>\n<li>Vers\u00e3o do eixo &#8212;&gt; eixo oco unidirecional<\/li>\n<li>Di\u00e2metro do eixo [mm] &#8212;&gt; 15<\/li>\n<\/ul>\n<blockquote><p><strong>CAMPO DE APLICA\u00c7\u00c3O<\/strong><\/p><\/blockquote>\n<ul>\n<li>Princ\u00edpio de funcionamento &#8212;&gt; incremental<\/li>\n<li>Sistema de acionamento &#8212;&gt; magn\u00e9tico<\/li>\n<li>Aplica\u00e7\u00e3o &#8212;&gt; encoder; controlador de velocidade; contador<\/li>\n<\/ul>\n<blockquote><p><strong>DADOS MECANICOS<\/strong><\/p><\/blockquote>\n<ul>\n<li>Dimens\u00f5es [mm] &#8212;&gt; \u00d8 58,5 \/ L = 69<\/li>\n<li>Materiais &#8212;&gt; Flange: alum\u00ednio; inv\u00f3lucro: 1.4521 (a\u00e7o inoxid\u00e1vel \/ 444); janela do display: PEI<\/li>\n<li>Rota\u00e7\u00e3o mec\u00e2nica m\u00e1x. [U\/min] &#8212;&gt; 12000<\/li>\n<li>Torque inicial m\u00e1x. [Nm] &#8212;&gt; 2<\/li>\n<li>Torque da temperatura de refer\u00eancia [\u00b0C] &#8212;&gt; 20<\/li>\n<li>Vers\u00e3o do eixo &#8212;&gt; eixo oco unidirecional<\/li>\n<li>Di\u00e2metro do eixo [mm] &#8212;&gt; 15<\/li>\n<li>Material do eixo &#8212;&gt; a\u00e7o inoxid\u00e1vel<\/li>\n<li>Instala\u00e7\u00e3o profundidade \/ eixo [mm] &#8212;&gt; 27<\/li>\n<li>Alinhamento do eixo axial m\u00e1x. [mm] &#8212;&gt;0,5<\/li>\n<\/ul>\n","protected":false},"excerpt":{"rendered":"<p>ROP522 &#8211; ENCODER INCREMENTAL DE EIXO OCO E COM DISPLAY (\u00d8 58,5 \/ L = 69) &#8211; DIAMETRO DO EIXO: 15mm &#8211; IFM Consultar um vendedor e solicitar um or\u00e7amento. vendas@motionup.com.br motionup@motionup.com.br CARACTERISTICAS DO PRODUTO Resolu\u00e7\u00e3o &#8212;&gt; 1&#8230;10000; (parametriz\u00e1vel; ajuste de f\u00e1brica: 1024) tra\u00e7os Interface de comunica\u00e7\u00e3o &#8212;&gt; IO-Link Vers\u00e3o do eixo &#8212;&gt; eixo oco [&hellip;]<\/p>\n","protected":false},"featured_media":7405,"template":"","meta":[],"product_brand":[],"product_cat":[353,141],"product_tag":[],"class_list":{"0":"post-7404","1":"product","2":"type-product","3":"status-publish","4":"has-post-thumbnail","6":"product_cat-ifm","7":"product_cat-encoder","9":"first","10":"onbackorder","11":"shipping-taxable","12":"product-type-simple"},"yoast_head":"<!-- This site is optimized with the Yoast SEO plugin v26.3 - https:\/\/yoast.com\/wordpress\/plugins\/seo\/ -->\n<title>ROP522 - ENCODER INCREMENTAL DE EIXO OCO E COM DISPLAY (\u00d8 58,5 \/ L = 69) - DIAMETRO DO EIXO: 15mm - IFM - Loja Motion Up<\/title>\n<meta name=\"robots\" content=\"index, follow, max-snippet:-1, max-image-preview:large, max-video-preview:-1\" \/>\n<link rel=\"canonical\" href=\"https:\/\/motionup.com.br\/site\/produto\/rop522-encoder-incremental-de-eixo-oco-e-com-display-o-585-l-69-diametro-do-eixo-15mm-ifm\/\" \/>\n<meta property=\"og:locale\" content=\"pt_BR\" \/>\n<meta property=\"og:type\" content=\"article\" \/>\n<meta property=\"og:title\" content=\"ROP522 - ENCODER INCREMENTAL DE EIXO OCO E COM DISPLAY (\u00d8 58,5 \/ L = 69) - DIAMETRO DO EIXO: 15mm - IFM - Loja Motion Up\" \/>\n<meta property=\"og:description\" content=\"ROP522 &#8211; ENCODER INCREMENTAL DE EIXO OCO E COM DISPLAY (\u00d8 58,5 \/ L = 69) &#8211; DIAMETRO DO EIXO: 15mm &#8211; IFM Consultar um vendedor e solicitar um or\u00e7amento. vendas@motionup.com.br motionup@motionup.com.br CARACTERISTICAS DO PRODUTO Resolu\u00e7\u00e3o &#8212;&gt; 1&#8230;10000; (parametriz\u00e1vel; ajuste de f\u00e1brica: 1024) tra\u00e7os Interface de comunica\u00e7\u00e3o &#8212;&gt; IO-Link Vers\u00e3o do eixo &#8212;&gt; eixo oco [&hellip;]\" \/>\n<meta property=\"og:url\" content=\"https:\/\/motionup.com.br\/site\/produto\/rop522-encoder-incremental-de-eixo-oco-e-com-display-o-585-l-69-diametro-do-eixo-15mm-ifm\/\" \/>\n<meta property=\"og:site_name\" content=\"Loja Motion Up\" \/>\n<meta property=\"article:publisher\" content=\"https:\/\/m.facebook.com\/fp3motionup\/about\/\" \/>\n<meta property=\"article:modified_time\" content=\"2023-11-27T14:58:27+00:00\" \/>\n<meta property=\"og:image\" content=\"https:\/\/motionup.com.br\/site\/wp-content\/uploads\/2023\/11\/RB3100-7.jpg\" \/>\n\t<meta property=\"og:image:width\" content=\"600\" \/>\n\t<meta property=\"og:image:height\" content=\"600\" \/>\n\t<meta property=\"og:image:type\" content=\"image\/jpeg\" \/>\n<meta name=\"twitter:card\" content=\"summary_large_image\" \/>\n<meta name=\"twitter:label1\" content=\"Est. tempo de leitura\" \/>\n\t<meta name=\"twitter:data1\" content=\"1 minuto\" \/>\n<script type=\"application\/ld+json\" class=\"yoast-schema-graph\">{\"@context\":\"https:\/\/schema.org\",\"@graph\":[{\"@type\":\"WebPage\",\"@id\":\"https:\/\/motionup.com.br\/site\/produto\/rop522-encoder-incremental-de-eixo-oco-e-com-display-o-585-l-69-diametro-do-eixo-15mm-ifm\/\",\"url\":\"https:\/\/motionup.com.br\/site\/produto\/rop522-encoder-incremental-de-eixo-oco-e-com-display-o-585-l-69-diametro-do-eixo-15mm-ifm\/\",\"name\":\"ROP522 - ENCODER INCREMENTAL DE EIXO OCO E COM DISPLAY (\u00d8 58,5 \/ L = 69) - DIAMETRO DO EIXO: 15mm - IFM - Loja Motion Up\",\"isPartOf\":{\"@id\":\"https:\/\/motionup.com.br\/site\/#website\"},\"primaryImageOfPage\":{\"@id\":\"https:\/\/motionup.com.br\/site\/produto\/rop522-encoder-incremental-de-eixo-oco-e-com-display-o-585-l-69-diametro-do-eixo-15mm-ifm\/#primaryimage\"},\"image\":{\"@id\":\"https:\/\/motionup.com.br\/site\/produto\/rop522-encoder-incremental-de-eixo-oco-e-com-display-o-585-l-69-diametro-do-eixo-15mm-ifm\/#primaryimage\"},\"thumbnailUrl\":\"https:\/\/motionup.com.br\/site\/wp-content\/uploads\/2023\/11\/RB3100-7.jpg\",\"datePublished\":\"2023-11-27T14:58:26+00:00\",\"dateModified\":\"2023-11-27T14:58:27+00:00\",\"breadcrumb\":{\"@id\":\"https:\/\/motionup.com.br\/site\/produto\/rop522-encoder-incremental-de-eixo-oco-e-com-display-o-585-l-69-diametro-do-eixo-15mm-ifm\/#breadcrumb\"},\"inLanguage\":\"pt-BR\",\"potentialAction\":[{\"@type\":\"ReadAction\",\"target\":[\"https:\/\/motionup.com.br\/site\/produto\/rop522-encoder-incremental-de-eixo-oco-e-com-display-o-585-l-69-diametro-do-eixo-15mm-ifm\/\"]}]},{\"@type\":\"ImageObject\",\"inLanguage\":\"pt-BR\",\"@id\":\"https:\/\/motionup.com.br\/site\/produto\/rop522-encoder-incremental-de-eixo-oco-e-com-display-o-585-l-69-diametro-do-eixo-15mm-ifm\/#primaryimage\",\"url\":\"https:\/\/motionup.com.br\/site\/wp-content\/uploads\/2023\/11\/RB3100-7.jpg\",\"contentUrl\":\"https:\/\/motionup.com.br\/site\/wp-content\/uploads\/2023\/11\/RB3100-7.jpg\",\"width\":600,\"height\":600},{\"@type\":\"BreadcrumbList\",\"@id\":\"https:\/\/motionup.com.br\/site\/produto\/rop522-encoder-incremental-de-eixo-oco-e-com-display-o-585-l-69-diametro-do-eixo-15mm-ifm\/#breadcrumb\",\"itemListElement\":[{\"@type\":\"ListItem\",\"position\":1,\"name\":\"In\u00edcio\",\"item\":\"https:\/\/motionup.com.br\/site\/\"},{\"@type\":\"ListItem\",\"position\":2,\"name\":\"Produtos\",\"item\":\"https:\/\/motionup.com.br\/site\/produtos\/\"},{\"@type\":\"ListItem\",\"position\":3,\"name\":\"ROP522 &#8211; ENCODER INCREMENTAL DE EIXO OCO E COM DISPLAY (\u00d8 58,5 \/ L = 69) &#8211; DIAMETRO DO EIXO: 15mm &#8211; IFM\"}]},{\"@type\":\"WebSite\",\"@id\":\"https:\/\/motionup.com.br\/site\/#website\",\"url\":\"https:\/\/motionup.com.br\/site\/\",\"name\":\"Motion Up\",\"description\":\"E-commerce Motion Up - Automa\u00e7\u00e3o Industrial\",\"publisher\":{\"@id\":\"https:\/\/motionup.com.br\/site\/#organization\"},\"potentialAction\":[{\"@type\":\"SearchAction\",\"target\":{\"@type\":\"EntryPoint\",\"urlTemplate\":\"https:\/\/motionup.com.br\/site\/?s={search_term_string}\"},\"query-input\":{\"@type\":\"PropertyValueSpecification\",\"valueRequired\":true,\"valueName\":\"search_term_string\"}}],\"inLanguage\":\"pt-BR\"},{\"@type\":\"Organization\",\"@id\":\"https:\/\/motionup.com.br\/site\/#organization\",\"name\":\"Motion Up\",\"url\":\"https:\/\/motionup.com.br\/site\/\",\"logo\":{\"@type\":\"ImageObject\",\"inLanguage\":\"pt-BR\",\"@id\":\"https:\/\/motionup.com.br\/site\/#\/schema\/logo\/image\/\",\"url\":\"https:\/\/motionup.com.br\/site\/wp-content\/uploads\/2025\/05\/MOTIONUP.png\",\"contentUrl\":\"https:\/\/motionup.com.br\/site\/wp-content\/uploads\/2025\/05\/MOTIONUP.png\",\"width\":1200,\"height\":601,\"caption\":\"Motion Up\"},\"image\":{\"@id\":\"https:\/\/motionup.com.br\/site\/#\/schema\/logo\/image\/\"},\"sameAs\":[\"https:\/\/m.facebook.com\/fp3motionup\/about\/\",\"https:\/\/br.linkedin.com\/company\/fpn-controle-e-automao-industrial-ltda\"]}]}<\/script>\n<!-- \/ Yoast SEO plugin. -->","yoast_head_json":{"title":"ROP522 - ENCODER INCREMENTAL DE EIXO OCO E COM DISPLAY (\u00d8 58,5 \/ L = 69) - DIAMETRO DO EIXO: 15mm - IFM - Loja Motion Up","robots":{"index":"index","follow":"follow","max-snippet":"max-snippet:-1","max-image-preview":"max-image-preview:large","max-video-preview":"max-video-preview:-1"},"canonical":"https:\/\/motionup.com.br\/site\/produto\/rop522-encoder-incremental-de-eixo-oco-e-com-display-o-585-l-69-diametro-do-eixo-15mm-ifm\/","og_locale":"pt_BR","og_type":"article","og_title":"ROP522 - ENCODER INCREMENTAL DE EIXO OCO E COM DISPLAY (\u00d8 58,5 \/ L = 69) - DIAMETRO DO EIXO: 15mm - IFM - Loja Motion Up","og_description":"ROP522 &#8211; ENCODER INCREMENTAL DE EIXO OCO E COM DISPLAY (\u00d8 58,5 \/ L = 69) &#8211; DIAMETRO DO EIXO: 15mm &#8211; IFM Consultar um vendedor e solicitar um or\u00e7amento. vendas@motionup.com.br motionup@motionup.com.br CARACTERISTICAS DO PRODUTO Resolu\u00e7\u00e3o &#8212;&gt; 1&#8230;10000; (parametriz\u00e1vel; ajuste de f\u00e1brica: 1024) tra\u00e7os Interface de comunica\u00e7\u00e3o &#8212;&gt; IO-Link Vers\u00e3o do eixo &#8212;&gt; eixo oco [&hellip;]","og_url":"https:\/\/motionup.com.br\/site\/produto\/rop522-encoder-incremental-de-eixo-oco-e-com-display-o-585-l-69-diametro-do-eixo-15mm-ifm\/","og_site_name":"Loja Motion Up","article_publisher":"https:\/\/m.facebook.com\/fp3motionup\/about\/","article_modified_time":"2023-11-27T14:58:27+00:00","og_image":[{"width":600,"height":600,"url":"https:\/\/motionup.com.br\/site\/wp-content\/uploads\/2023\/11\/RB3100-7.jpg","type":"image\/jpeg"}],"twitter_card":"summary_large_image","twitter_misc":{"Est. tempo de leitura":"1 minuto"},"schema":{"@context":"https:\/\/schema.org","@graph":[{"@type":"WebPage","@id":"https:\/\/motionup.com.br\/site\/produto\/rop522-encoder-incremental-de-eixo-oco-e-com-display-o-585-l-69-diametro-do-eixo-15mm-ifm\/","url":"https:\/\/motionup.com.br\/site\/produto\/rop522-encoder-incremental-de-eixo-oco-e-com-display-o-585-l-69-diametro-do-eixo-15mm-ifm\/","name":"ROP522 - ENCODER INCREMENTAL DE EIXO OCO E COM DISPLAY (\u00d8 58,5 \/ L = 69) - DIAMETRO DO EIXO: 15mm - IFM - Loja Motion Up","isPartOf":{"@id":"https:\/\/motionup.com.br\/site\/#website"},"primaryImageOfPage":{"@id":"https:\/\/motionup.com.br\/site\/produto\/rop522-encoder-incremental-de-eixo-oco-e-com-display-o-585-l-69-diametro-do-eixo-15mm-ifm\/#primaryimage"},"image":{"@id":"https:\/\/motionup.com.br\/site\/produto\/rop522-encoder-incremental-de-eixo-oco-e-com-display-o-585-l-69-diametro-do-eixo-15mm-ifm\/#primaryimage"},"thumbnailUrl":"https:\/\/motionup.com.br\/site\/wp-content\/uploads\/2023\/11\/RB3100-7.jpg","datePublished":"2023-11-27T14:58:26+00:00","dateModified":"2023-11-27T14:58:27+00:00","breadcrumb":{"@id":"https:\/\/motionup.com.br\/site\/produto\/rop522-encoder-incremental-de-eixo-oco-e-com-display-o-585-l-69-diametro-do-eixo-15mm-ifm\/#breadcrumb"},"inLanguage":"pt-BR","potentialAction":[{"@type":"ReadAction","target":["https:\/\/motionup.com.br\/site\/produto\/rop522-encoder-incremental-de-eixo-oco-e-com-display-o-585-l-69-diametro-do-eixo-15mm-ifm\/"]}]},{"@type":"ImageObject","inLanguage":"pt-BR","@id":"https:\/\/motionup.com.br\/site\/produto\/rop522-encoder-incremental-de-eixo-oco-e-com-display-o-585-l-69-diametro-do-eixo-15mm-ifm\/#primaryimage","url":"https:\/\/motionup.com.br\/site\/wp-content\/uploads\/2023\/11\/RB3100-7.jpg","contentUrl":"https:\/\/motionup.com.br\/site\/wp-content\/uploads\/2023\/11\/RB3100-7.jpg","width":600,"height":600},{"@type":"BreadcrumbList","@id":"https:\/\/motionup.com.br\/site\/produto\/rop522-encoder-incremental-de-eixo-oco-e-com-display-o-585-l-69-diametro-do-eixo-15mm-ifm\/#breadcrumb","itemListElement":[{"@type":"ListItem","position":1,"name":"In\u00edcio","item":"https:\/\/motionup.com.br\/site\/"},{"@type":"ListItem","position":2,"name":"Produtos","item":"https:\/\/motionup.com.br\/site\/produtos\/"},{"@type":"ListItem","position":3,"name":"ROP522 &#8211; ENCODER INCREMENTAL DE EIXO OCO E COM DISPLAY (\u00d8 58,5 \/ L = 69) &#8211; DIAMETRO DO EIXO: 15mm &#8211; IFM"}]},{"@type":"WebSite","@id":"https:\/\/motionup.com.br\/site\/#website","url":"https:\/\/motionup.com.br\/site\/","name":"Motion Up","description":"E-commerce Motion Up - Automa\u00e7\u00e3o Industrial","publisher":{"@id":"https:\/\/motionup.com.br\/site\/#organization"},"potentialAction":[{"@type":"SearchAction","target":{"@type":"EntryPoint","urlTemplate":"https:\/\/motionup.com.br\/site\/?s={search_term_string}"},"query-input":{"@type":"PropertyValueSpecification","valueRequired":true,"valueName":"search_term_string"}}],"inLanguage":"pt-BR"},{"@type":"Organization","@id":"https:\/\/motionup.com.br\/site\/#organization","name":"Motion Up","url":"https:\/\/motionup.com.br\/site\/","logo":{"@type":"ImageObject","inLanguage":"pt-BR","@id":"https:\/\/motionup.com.br\/site\/#\/schema\/logo\/image\/","url":"https:\/\/motionup.com.br\/site\/wp-content\/uploads\/2025\/05\/MOTIONUP.png","contentUrl":"https:\/\/motionup.com.br\/site\/wp-content\/uploads\/2025\/05\/MOTIONUP.png","width":1200,"height":601,"caption":"Motion Up"},"image":{"@id":"https:\/\/motionup.com.br\/site\/#\/schema\/logo\/image\/"},"sameAs":["https:\/\/m.facebook.com\/fp3motionup\/about\/","https:\/\/br.linkedin.com\/company\/fpn-controle-e-automao-industrial-ltda"]}]}},"_links":{"self":[{"href":"https:\/\/motionup.com.br\/site\/wp-json\/wp\/v2\/product\/7404","targetHints":{"allow":["GET"]}}],"collection":[{"href":"https:\/\/motionup.com.br\/site\/wp-json\/wp\/v2\/product"}],"about":[{"href":"https:\/\/motionup.com.br\/site\/wp-json\/wp\/v2\/types\/product"}],"wp:featuredmedia":[{"embeddable":true,"href":"https:\/\/motionup.com.br\/site\/wp-json\/wp\/v2\/media\/7405"}],"wp:attachment":[{"href":"https:\/\/motionup.com.br\/site\/wp-json\/wp\/v2\/media?parent=7404"}],"wp:term":[{"taxonomy":"product_brand","embeddable":true,"href":"https:\/\/motionup.com.br\/site\/wp-json\/wp\/v2\/product_brand?post=7404"},{"taxonomy":"product_cat","embeddable":true,"href":"https:\/\/motionup.com.br\/site\/wp-json\/wp\/v2\/product_cat?post=7404"},{"taxonomy":"product_tag","embeddable":true,"href":"https:\/\/motionup.com.br\/site\/wp-json\/wp\/v2\/product_tag?post=7404"}],"curies":[{"name":"wp","href":"https:\/\/api.w.org\/{rel}","templated":true}]}}