{"id":7433,"date":"2023-11-27T17:14:12","date_gmt":"2023-11-27T20:14:12","guid":{"rendered":"https:\/\/motionup.com.br\/site\/?post_type=product&#038;p=7433"},"modified":"2023-11-27T17:14:13","modified_gmt":"2023-11-27T20:14:13","slug":"sl5101-controlador-de-circulacao-de-ar-1-saida-de-rele-diametro-23mm-ifm","status":"publish","type":"product","link":"https:\/\/motionup.com.br\/site\/produto\/sl5101-controlador-de-circulacao-de-ar-1-saida-de-rele-diametro-23mm-ifm\/","title":{"rendered":"SL5101 &#8211; CONTROLADOR DE CIRCULA\u00c7\u00c3O DE AR &#8211; 1 SAIDA DE RELE; DIAMETRO: 23mm &#8211; IFM"},"content":{"rendered":"<p>SL5101 &#8211; CONTROLADOR DE CIRCULA\u00c7\u00c3O DE AR &#8211; 1 SAIDA DE RELE; DIAMETRO: 23mm &#8211; IFM<\/p>\n<p>Consulte um vendedor e solicite um or\u00e7amento<\/p>\n<p>vendas@motionup.com.br<\/p>\n<p>motionup@motionup.com.br<\/p>\n<hr \/>\n<ul class=\"bulletpoint-list__entries\">\n<li>Monitoramento confi\u00e1vel da circula\u00e7\u00e3o de ar<\/li>\n<li>Para aplica\u00e7\u00e3o em sistemas de ventila\u00e7\u00e3o na tecnologia de constru\u00e7\u00e3o<\/li>\n<li>Confort\u00e1vel ajuste da profundidade desejada de imers\u00e3o do sensor<\/li>\n<li>Ajuste intuitivo do ponto de comuta\u00e7\u00e3o mediante potenci\u00f4metro<\/li>\n<li>Emiss\u00e3o de sinais atrav\u00e9s de contatos de rel\u00e9 secos<\/li>\n<\/ul>\n<blockquote><p><strong>CARACTERISTICAS DO PRODUTO<\/strong><\/p><\/blockquote>\n<ul>\n<li>Quantidade de entradas e sa\u00eddas &#8212;&gt; Quantidade de sa\u00eddas de rel\u00e9: 1<\/li>\n<li>Conex\u00e3o de processo &#8212;&gt; \u00d8 23 mm<\/li>\n<\/ul>\n<blockquote><p><strong>CAMPO DE APLICA\u00c7\u00c3O<\/strong><\/p><\/blockquote>\n<ul>\n<li>Temperatura do flu\u00eddo [\u00b0C] &#8212;&gt; -10&#8230;50<\/li>\n<li>Resist\u00eancia \u00e0 press\u00e3o [bar] &#8212;&gt; 1<\/li>\n<\/ul>\n","protected":false},"excerpt":{"rendered":"<p>SL5101 &#8211; CONTROLADOR DE CIRCULA\u00c7\u00c3O DE AR &#8211; 1 SAIDA DE RELE; DIAMETRO: 23mm &#8211; IFM Consulte um vendedor e solicite um or\u00e7amento vendas@motionup.com.br motionup@motionup.com.br Monitoramento confi\u00e1vel da circula\u00e7\u00e3o de ar Para aplica\u00e7\u00e3o em sistemas de ventila\u00e7\u00e3o na tecnologia de constru\u00e7\u00e3o Confort\u00e1vel ajuste da profundidade desejada de imers\u00e3o do sensor Ajuste intuitivo do ponto de [&hellip;]<\/p>\n","protected":false},"featured_media":7434,"template":"","meta":[],"product_brand":[],"product_cat":[353,56,249],"product_tag":[],"class_list":{"0":"post-7433","1":"product","2":"type-product","3":"status-publish","4":"has-post-thumbnail","6":"product_cat-ifm","7":"product_cat-sensores","8":"product_cat-monitor-de-fluxo","10":"first","11":"onbackorder","12":"shipping-taxable","13":"product-type-simple"},"yoast_head":"<!-- This site is optimized with the Yoast SEO plugin v26.3 - https:\/\/yoast.com\/wordpress\/plugins\/seo\/ -->\n<title>SL5101 - CONTROLADOR DE CIRCULA\u00c7\u00c3O DE AR - 1 SAIDA DE RELE; DIAMETRO: 23mm - IFM - Loja Motion Up<\/title>\n<meta name=\"robots\" content=\"index, follow, max-snippet:-1, max-image-preview:large, max-video-preview:-1\" \/>\n<link rel=\"canonical\" href=\"https:\/\/motionup.com.br\/site\/produto\/sl5101-controlador-de-circulacao-de-ar-1-saida-de-rele-diametro-23mm-ifm\/\" \/>\n<meta property=\"og:locale\" content=\"pt_BR\" \/>\n<meta property=\"og:type\" content=\"article\" \/>\n<meta property=\"og:title\" content=\"SL5101 - CONTROLADOR DE CIRCULA\u00c7\u00c3O DE AR - 1 SAIDA DE RELE; DIAMETRO: 23mm - IFM - Loja Motion Up\" \/>\n<meta property=\"og:description\" content=\"SL5101 &#8211; CONTROLADOR DE CIRCULA\u00c7\u00c3O DE AR &#8211; 1 SAIDA DE RELE; DIAMETRO: 23mm &#8211; IFM Consulte um vendedor e solicite um or\u00e7amento vendas@motionup.com.br motionup@motionup.com.br Monitoramento confi\u00e1vel da circula\u00e7\u00e3o de ar Para aplica\u00e7\u00e3o em sistemas de ventila\u00e7\u00e3o na tecnologia de constru\u00e7\u00e3o Confort\u00e1vel ajuste da profundidade desejada de imers\u00e3o do sensor Ajuste intuitivo do ponto de [&hellip;]\" \/>\n<meta property=\"og:url\" content=\"https:\/\/motionup.com.br\/site\/produto\/sl5101-controlador-de-circulacao-de-ar-1-saida-de-rele-diametro-23mm-ifm\/\" \/>\n<meta property=\"og:site_name\" content=\"Loja Motion Up\" \/>\n<meta property=\"article:publisher\" content=\"https:\/\/m.facebook.com\/fp3motionup\/about\/\" \/>\n<meta property=\"article:modified_time\" content=\"2023-11-27T20:14:13+00:00\" \/>\n<meta property=\"og:image\" content=\"https:\/\/motionup.com.br\/site\/wp-content\/uploads\/2023\/11\/RB3100-13.jpg\" \/>\n\t<meta property=\"og:image:width\" content=\"600\" \/>\n\t<meta property=\"og:image:height\" content=\"600\" \/>\n\t<meta property=\"og:image:type\" content=\"image\/jpeg\" \/>\n<meta name=\"twitter:card\" content=\"summary_large_image\" \/>\n<meta name=\"twitter:label1\" content=\"Est. tempo de leitura\" \/>\n\t<meta name=\"twitter:data1\" content=\"1 minuto\" \/>\n<script type=\"application\/ld+json\" class=\"yoast-schema-graph\">{\"@context\":\"https:\/\/schema.org\",\"@graph\":[{\"@type\":\"WebPage\",\"@id\":\"https:\/\/motionup.com.br\/site\/produto\/sl5101-controlador-de-circulacao-de-ar-1-saida-de-rele-diametro-23mm-ifm\/\",\"url\":\"https:\/\/motionup.com.br\/site\/produto\/sl5101-controlador-de-circulacao-de-ar-1-saida-de-rele-diametro-23mm-ifm\/\",\"name\":\"SL5101 - CONTROLADOR DE CIRCULA\u00c7\u00c3O DE AR - 1 SAIDA DE RELE; DIAMETRO: 23mm - IFM - Loja Motion Up\",\"isPartOf\":{\"@id\":\"https:\/\/motionup.com.br\/site\/#website\"},\"primaryImageOfPage\":{\"@id\":\"https:\/\/motionup.com.br\/site\/produto\/sl5101-controlador-de-circulacao-de-ar-1-saida-de-rele-diametro-23mm-ifm\/#primaryimage\"},\"image\":{\"@id\":\"https:\/\/motionup.com.br\/site\/produto\/sl5101-controlador-de-circulacao-de-ar-1-saida-de-rele-diametro-23mm-ifm\/#primaryimage\"},\"thumbnailUrl\":\"https:\/\/motionup.com.br\/site\/wp-content\/uploads\/2023\/11\/RB3100-13.jpg\",\"datePublished\":\"2023-11-27T20:14:12+00:00\",\"dateModified\":\"2023-11-27T20:14:13+00:00\",\"breadcrumb\":{\"@id\":\"https:\/\/motionup.com.br\/site\/produto\/sl5101-controlador-de-circulacao-de-ar-1-saida-de-rele-diametro-23mm-ifm\/#breadcrumb\"},\"inLanguage\":\"pt-BR\",\"potentialAction\":[{\"@type\":\"ReadAction\",\"target\":[\"https:\/\/motionup.com.br\/site\/produto\/sl5101-controlador-de-circulacao-de-ar-1-saida-de-rele-diametro-23mm-ifm\/\"]}]},{\"@type\":\"ImageObject\",\"inLanguage\":\"pt-BR\",\"@id\":\"https:\/\/motionup.com.br\/site\/produto\/sl5101-controlador-de-circulacao-de-ar-1-saida-de-rele-diametro-23mm-ifm\/#primaryimage\",\"url\":\"https:\/\/motionup.com.br\/site\/wp-content\/uploads\/2023\/11\/RB3100-13.jpg\",\"contentUrl\":\"https:\/\/motionup.com.br\/site\/wp-content\/uploads\/2023\/11\/RB3100-13.jpg\",\"width\":600,\"height\":600},{\"@type\":\"BreadcrumbList\",\"@id\":\"https:\/\/motionup.com.br\/site\/produto\/sl5101-controlador-de-circulacao-de-ar-1-saida-de-rele-diametro-23mm-ifm\/#breadcrumb\",\"itemListElement\":[{\"@type\":\"ListItem\",\"position\":1,\"name\":\"In\u00edcio\",\"item\":\"https:\/\/motionup.com.br\/site\/\"},{\"@type\":\"ListItem\",\"position\":2,\"name\":\"Produtos\",\"item\":\"https:\/\/motionup.com.br\/site\/produtos\/\"},{\"@type\":\"ListItem\",\"position\":3,\"name\":\"SL5101 &#8211; CONTROLADOR DE CIRCULA\u00c7\u00c3O DE AR &#8211; 1 SAIDA DE RELE; DIAMETRO: 23mm &#8211; IFM\"}]},{\"@type\":\"WebSite\",\"@id\":\"https:\/\/motionup.com.br\/site\/#website\",\"url\":\"https:\/\/motionup.com.br\/site\/\",\"name\":\"Motion Up\",\"description\":\"E-commerce Motion Up - Automa\u00e7\u00e3o Industrial\",\"publisher\":{\"@id\":\"https:\/\/motionup.com.br\/site\/#organization\"},\"potentialAction\":[{\"@type\":\"SearchAction\",\"target\":{\"@type\":\"EntryPoint\",\"urlTemplate\":\"https:\/\/motionup.com.br\/site\/?s={search_term_string}\"},\"query-input\":{\"@type\":\"PropertyValueSpecification\",\"valueRequired\":true,\"valueName\":\"search_term_string\"}}],\"inLanguage\":\"pt-BR\"},{\"@type\":\"Organization\",\"@id\":\"https:\/\/motionup.com.br\/site\/#organization\",\"name\":\"Motion Up\",\"url\":\"https:\/\/motionup.com.br\/site\/\",\"logo\":{\"@type\":\"ImageObject\",\"inLanguage\":\"pt-BR\",\"@id\":\"https:\/\/motionup.com.br\/site\/#\/schema\/logo\/image\/\",\"url\":\"https:\/\/motionup.com.br\/site\/wp-content\/uploads\/2025\/05\/MOTIONUP.png\",\"contentUrl\":\"https:\/\/motionup.com.br\/site\/wp-content\/uploads\/2025\/05\/MOTIONUP.png\",\"width\":1200,\"height\":601,\"caption\":\"Motion Up\"},\"image\":{\"@id\":\"https:\/\/motionup.com.br\/site\/#\/schema\/logo\/image\/\"},\"sameAs\":[\"https:\/\/m.facebook.com\/fp3motionup\/about\/\",\"https:\/\/br.linkedin.com\/company\/fpn-controle-e-automao-industrial-ltda\"]}]}<\/script>\n<!-- \/ Yoast SEO plugin. -->","yoast_head_json":{"title":"SL5101 - CONTROLADOR DE CIRCULA\u00c7\u00c3O DE AR - 1 SAIDA DE RELE; DIAMETRO: 23mm - IFM - Loja Motion Up","robots":{"index":"index","follow":"follow","max-snippet":"max-snippet:-1","max-image-preview":"max-image-preview:large","max-video-preview":"max-video-preview:-1"},"canonical":"https:\/\/motionup.com.br\/site\/produto\/sl5101-controlador-de-circulacao-de-ar-1-saida-de-rele-diametro-23mm-ifm\/","og_locale":"pt_BR","og_type":"article","og_title":"SL5101 - CONTROLADOR DE CIRCULA\u00c7\u00c3O DE AR - 1 SAIDA DE RELE; DIAMETRO: 23mm - IFM - Loja Motion Up","og_description":"SL5101 &#8211; CONTROLADOR DE CIRCULA\u00c7\u00c3O DE AR &#8211; 1 SAIDA DE RELE; DIAMETRO: 23mm &#8211; IFM Consulte um vendedor e solicite um or\u00e7amento vendas@motionup.com.br motionup@motionup.com.br Monitoramento confi\u00e1vel da circula\u00e7\u00e3o de ar Para aplica\u00e7\u00e3o em sistemas de ventila\u00e7\u00e3o na tecnologia de constru\u00e7\u00e3o Confort\u00e1vel ajuste da profundidade desejada de imers\u00e3o do sensor Ajuste intuitivo do ponto de [&hellip;]","og_url":"https:\/\/motionup.com.br\/site\/produto\/sl5101-controlador-de-circulacao-de-ar-1-saida-de-rele-diametro-23mm-ifm\/","og_site_name":"Loja Motion Up","article_publisher":"https:\/\/m.facebook.com\/fp3motionup\/about\/","article_modified_time":"2023-11-27T20:14:13+00:00","og_image":[{"width":600,"height":600,"url":"https:\/\/motionup.com.br\/site\/wp-content\/uploads\/2023\/11\/RB3100-13.jpg","type":"image\/jpeg"}],"twitter_card":"summary_large_image","twitter_misc":{"Est. tempo de leitura":"1 minuto"},"schema":{"@context":"https:\/\/schema.org","@graph":[{"@type":"WebPage","@id":"https:\/\/motionup.com.br\/site\/produto\/sl5101-controlador-de-circulacao-de-ar-1-saida-de-rele-diametro-23mm-ifm\/","url":"https:\/\/motionup.com.br\/site\/produto\/sl5101-controlador-de-circulacao-de-ar-1-saida-de-rele-diametro-23mm-ifm\/","name":"SL5101 - CONTROLADOR DE CIRCULA\u00c7\u00c3O DE AR - 1 SAIDA DE RELE; DIAMETRO: 23mm - IFM - Loja Motion Up","isPartOf":{"@id":"https:\/\/motionup.com.br\/site\/#website"},"primaryImageOfPage":{"@id":"https:\/\/motionup.com.br\/site\/produto\/sl5101-controlador-de-circulacao-de-ar-1-saida-de-rele-diametro-23mm-ifm\/#primaryimage"},"image":{"@id":"https:\/\/motionup.com.br\/site\/produto\/sl5101-controlador-de-circulacao-de-ar-1-saida-de-rele-diametro-23mm-ifm\/#primaryimage"},"thumbnailUrl":"https:\/\/motionup.com.br\/site\/wp-content\/uploads\/2023\/11\/RB3100-13.jpg","datePublished":"2023-11-27T20:14:12+00:00","dateModified":"2023-11-27T20:14:13+00:00","breadcrumb":{"@id":"https:\/\/motionup.com.br\/site\/produto\/sl5101-controlador-de-circulacao-de-ar-1-saida-de-rele-diametro-23mm-ifm\/#breadcrumb"},"inLanguage":"pt-BR","potentialAction":[{"@type":"ReadAction","target":["https:\/\/motionup.com.br\/site\/produto\/sl5101-controlador-de-circulacao-de-ar-1-saida-de-rele-diametro-23mm-ifm\/"]}]},{"@type":"ImageObject","inLanguage":"pt-BR","@id":"https:\/\/motionup.com.br\/site\/produto\/sl5101-controlador-de-circulacao-de-ar-1-saida-de-rele-diametro-23mm-ifm\/#primaryimage","url":"https:\/\/motionup.com.br\/site\/wp-content\/uploads\/2023\/11\/RB3100-13.jpg","contentUrl":"https:\/\/motionup.com.br\/site\/wp-content\/uploads\/2023\/11\/RB3100-13.jpg","width":600,"height":600},{"@type":"BreadcrumbList","@id":"https:\/\/motionup.com.br\/site\/produto\/sl5101-controlador-de-circulacao-de-ar-1-saida-de-rele-diametro-23mm-ifm\/#breadcrumb","itemListElement":[{"@type":"ListItem","position":1,"name":"In\u00edcio","item":"https:\/\/motionup.com.br\/site\/"},{"@type":"ListItem","position":2,"name":"Produtos","item":"https:\/\/motionup.com.br\/site\/produtos\/"},{"@type":"ListItem","position":3,"name":"SL5101 &#8211; CONTROLADOR DE CIRCULA\u00c7\u00c3O DE AR &#8211; 1 SAIDA DE RELE; DIAMETRO: 23mm &#8211; IFM"}]},{"@type":"WebSite","@id":"https:\/\/motionup.com.br\/site\/#website","url":"https:\/\/motionup.com.br\/site\/","name":"Motion Up","description":"E-commerce Motion Up - Automa\u00e7\u00e3o Industrial","publisher":{"@id":"https:\/\/motionup.com.br\/site\/#organization"},"potentialAction":[{"@type":"SearchAction","target":{"@type":"EntryPoint","urlTemplate":"https:\/\/motionup.com.br\/site\/?s={search_term_string}"},"query-input":{"@type":"PropertyValueSpecification","valueRequired":true,"valueName":"search_term_string"}}],"inLanguage":"pt-BR"},{"@type":"Organization","@id":"https:\/\/motionup.com.br\/site\/#organization","name":"Motion Up","url":"https:\/\/motionup.com.br\/site\/","logo":{"@type":"ImageObject","inLanguage":"pt-BR","@id":"https:\/\/motionup.com.br\/site\/#\/schema\/logo\/image\/","url":"https:\/\/motionup.com.br\/site\/wp-content\/uploads\/2025\/05\/MOTIONUP.png","contentUrl":"https:\/\/motionup.com.br\/site\/wp-content\/uploads\/2025\/05\/MOTIONUP.png","width":1200,"height":601,"caption":"Motion Up"},"image":{"@id":"https:\/\/motionup.com.br\/site\/#\/schema\/logo\/image\/"},"sameAs":["https:\/\/m.facebook.com\/fp3motionup\/about\/","https:\/\/br.linkedin.com\/company\/fpn-controle-e-automao-industrial-ltda"]}]}},"_links":{"self":[{"href":"https:\/\/motionup.com.br\/site\/wp-json\/wp\/v2\/product\/7433","targetHints":{"allow":["GET"]}}],"collection":[{"href":"https:\/\/motionup.com.br\/site\/wp-json\/wp\/v2\/product"}],"about":[{"href":"https:\/\/motionup.com.br\/site\/wp-json\/wp\/v2\/types\/product"}],"wp:featuredmedia":[{"embeddable":true,"href":"https:\/\/motionup.com.br\/site\/wp-json\/wp\/v2\/media\/7434"}],"wp:attachment":[{"href":"https:\/\/motionup.com.br\/site\/wp-json\/wp\/v2\/media?parent=7433"}],"wp:term":[{"taxonomy":"product_brand","embeddable":true,"href":"https:\/\/motionup.com.br\/site\/wp-json\/wp\/v2\/product_brand?post=7433"},{"taxonomy":"product_cat","embeddable":true,"href":"https:\/\/motionup.com.br\/site\/wp-json\/wp\/v2\/product_cat?post=7433"},{"taxonomy":"product_tag","embeddable":true,"href":"https:\/\/motionup.com.br\/site\/wp-json\/wp\/v2\/product_tag?post=7433"}],"curies":[{"name":"wp","href":"https:\/\/api.w.org\/{rel}","templated":true}]}}