{"id":7441,"date":"2023-11-28T10:29:52","date_gmt":"2023-11-28T13:29:52","guid":{"rendered":"https:\/\/motionup.com.br\/site\/?post_type=product&#038;p=7441"},"modified":"2023-11-28T10:29:52","modified_gmt":"2023-11-28T13:29:52","slug":"su8020-sensor-ultra-som-de-vazao-alcance-1-240-l-min-resistencia-100-bar-ifm","status":"publish","type":"product","link":"https:\/\/motionup.com.br\/site\/produto\/su8020-sensor-ultra-som-de-vazao-alcance-1-240-l-min-resistencia-100-bar-ifm\/","title":{"rendered":"SU8020 &#8211; SENSOR ULTRA-SOM DE VAZAO &#8211; ALCANCE: 1&#8230;240 l\/min; RESISTENCIA: 100 bar &#8211; IFM"},"content":{"rendered":"<p>SU8020 &#8211; SENSOR ULTRA-SOM DE VAZAO &#8211; ALCANCE: 1&#8230;240 l\/min; RESISTENCIA: 100 bar &#8211; IFM<\/p>\n<p>Consulte um vendedor e solicite um or\u00e7amento<\/p>\n<p>vendas@motionup.com.br<\/p>\n<p>motionup@motionup.com.br<\/p>\n<hr \/>\n<ul class=\"bulletpoint-list__entries\">\n<li>Medi\u00e7\u00e3o precisa da vaz\u00e3o de \u00e1gua ultrapura e \u00e1gua<\/li>\n<li>O tubo de medi\u00e7\u00e3o robusto de a\u00e7o-inox e sem componentes oferece alta resist\u00eancia a fluidos e veda\u00e7\u00e3o permanente<\/li>\n<li>O processo de medi\u00e7\u00e3o de alta precis\u00e3o em linha elimina qualquer influ\u00eancia relacionada \u00e0 varia\u00e7\u00e3o da espessura da parede e dos materiais dos tubos<\/li>\n<li>O LED de estados operacional sinaliza o estado do sensor e permite tirar conclus\u00f5es sobre a qualidade do processo<\/li>\n<\/ul>\n<blockquote><p><strong>CAMPO DE APLICA\u00c7\u00c3O<\/strong><\/p><\/blockquote>\n<ul>\n<li>Caracter\u00edstica especial &#8212;&gt; Contatos banhados a ouro<\/li>\n<li>Subst\u00e2ncias &#8212;&gt; \u00e1gua purificada; \u00e1gua; meios \u00e0 base de \u00e1gua<\/li>\n<li>Informa\u00e7\u00e3o sobre fluidos &#8212;&gt; meios \u00e0 base de \u00e1gua: para fluidos com &gt;10% de aditivos, \u00e9 oferecida somente a repetibilidade<\/li>\n<li>Temperatura do flu\u00eddo [\u00b0C] &#8212;&gt; -20&#8230;100<\/li>\n<li>Min. Berstdruck &#8212;&gt; 150 bar \/ 15 MPa<\/li>\n<li>Resist\u00eancia \u00e0 press\u00e3o &#8212;&gt; 100 bar \/ 10 Mpa<\/li>\n<li>Resist\u00eancia contra v\u00e1cuo [mbar] &#8212;&gt; -1000<\/li>\n<li>MAWP nas aplica\u00e7\u00f5es segundo CRN [bar] &#8212;&gt; 100<\/li>\n<\/ul>\n<blockquote><p><strong>FAIXA DE MEDI\u00c7\u00c3O\/DE AJUSTE<\/strong><\/p><\/blockquote>\n<ul>\n<li>Alcance de medi\u00e7\u00e3o &#8212;&gt; 1&#8230;240 l\/min; 60&#8230;14400 l\/h; 0,051&#8230;12,202 m\/s; 0,06&#8230;14,4 m\u00b3\/h<\/li>\n<li>Escala do display &#8212;&gt; -288&#8230;288 l\/min; -17280&#8230;17280 l\/h; -14,642&#8230;14,642 m\/s; -17,28&#8230;17,28 m\u00b3\/h<\/li>\n<li>Resolu\u00e7\u00e3o &#8212;&gt; 0,1 l\/min; 1 l\/h; 0,001 m\/s; 0,002 m\u00b3\/h<\/li>\n<li>Ponto de comuta\u00e7\u00e3o SP &#8212;&gt; 2,3&#8230;240 l\/min; 139&#8230;14400 l\/h; 0,118&#8230;12,202 m\/s; 0,139&#8230;14,4 m\u00b3\/h<\/li>\n<li>Ponto de comuta\u00e7\u00e3o e retorno rP &#8212;&gt; <em>1,1&#8230;238,8 l\/min<\/em>; <em>64&#8230;14325 l\/h<\/em>; <em>0,055&#8230;12,139 m\/s<\/em>; <em>0,064&#8230;14,325 m\u00b3\/h<\/em><\/li>\n<li>Ponto inicial do sinal anal\u00f3gico ASP &#8212;&gt; -240&#8230;192 l\/min; -14400&#8230;11522 l\/h; -12,202&#8230;9,763 m\/s; -14,4&#8230;11,522 m\u00b3\/h<\/li>\n<li>Ponto final do sinal anal\u00f3gico AEP &#8212;&gt; -192&#8230;240 l\/min; -11522&#8230;14400 l\/h; -9,763&#8230;12,202 m\/s; -11,522&#8230;14,4 m\u00b3\/h<\/li>\n<li>Sistema de corte para baixa vaz\u00e3o LFC &#8212;&gt; 1&#8230;12 l\/min; 60&#8230;720 l\/h; 0,051&#8230;0,61 m\/s; 0,06&#8230;0,72 m\u00b3\/h<\/li>\n<li>Ponto final de frequ\u00eancia FEP &#8212;&gt; 48,1&#8230;240 l\/min; 2889&#8230;14400 l\/h; 2,448&#8230;12,202 m\/s; 2,89&#8230;14,4 m\u00b3\/h<\/li>\n<li>Frequ\u00eancia no ponto final FRP [Hz] &#8212;&gt; 1&#8230;10000<\/li>\n<\/ul>\n","protected":false},"excerpt":{"rendered":"<p>SU8020 &#8211; SENSOR ULTRA-SOM DE VAZAO &#8211; ALCANCE: 1&#8230;240 l\/min; RESISTENCIA: 100 bar &#8211; IFM Consulte um vendedor e solicite um or\u00e7amento vendas@motionup.com.br motionup@motionup.com.br Medi\u00e7\u00e3o precisa da vaz\u00e3o de \u00e1gua ultrapura e \u00e1gua O tubo de medi\u00e7\u00e3o robusto de a\u00e7o-inox e sem componentes oferece alta resist\u00eancia a fluidos e veda\u00e7\u00e3o permanente O processo de medi\u00e7\u00e3o [&hellip;]<\/p>\n","protected":false},"featured_media":7443,"template":"","meta":[],"product_brand":[],"product_cat":[353,56,667],"product_tag":[],"class_list":{"0":"post-7441","1":"product","2":"type-product","3":"status-publish","4":"has-post-thumbnail","6":"product_cat-ifm","7":"product_cat-sensores","8":"product_cat-sensores-vazao","10":"first","11":"onbackorder","12":"shipping-taxable","13":"product-type-simple"},"yoast_head":"<!-- This site is optimized with the Yoast SEO plugin v26.3 - https:\/\/yoast.com\/wordpress\/plugins\/seo\/ -->\n<title>SU8020 - SENSOR ULTRA-SOM DE VAZAO - ALCANCE: 1...240 l\/min; RESISTENCIA: 100 bar - IFM - Loja Motion Up<\/title>\n<meta name=\"robots\" content=\"index, follow, max-snippet:-1, max-image-preview:large, max-video-preview:-1\" \/>\n<link rel=\"canonical\" href=\"https:\/\/motionup.com.br\/site\/produto\/su8020-sensor-ultra-som-de-vazao-alcance-1-240-l-min-resistencia-100-bar-ifm\/\" \/>\n<meta property=\"og:locale\" content=\"pt_BR\" \/>\n<meta property=\"og:type\" content=\"article\" \/>\n<meta property=\"og:title\" content=\"SU8020 - SENSOR ULTRA-SOM DE VAZAO - ALCANCE: 1...240 l\/min; RESISTENCIA: 100 bar - IFM - Loja Motion Up\" \/>\n<meta property=\"og:description\" content=\"SU8020 &#8211; SENSOR ULTRA-SOM DE VAZAO &#8211; ALCANCE: 1&#8230;240 l\/min; RESISTENCIA: 100 bar &#8211; IFM Consulte um vendedor e solicite um or\u00e7amento vendas@motionup.com.br motionup@motionup.com.br Medi\u00e7\u00e3o precisa da vaz\u00e3o de \u00e1gua ultrapura e \u00e1gua O tubo de medi\u00e7\u00e3o robusto de a\u00e7o-inox e sem componentes oferece alta resist\u00eancia a fluidos e veda\u00e7\u00e3o permanente O processo de medi\u00e7\u00e3o [&hellip;]\" \/>\n<meta property=\"og:url\" content=\"https:\/\/motionup.com.br\/site\/produto\/su8020-sensor-ultra-som-de-vazao-alcance-1-240-l-min-resistencia-100-bar-ifm\/\" \/>\n<meta property=\"og:site_name\" content=\"Loja Motion Up\" \/>\n<meta property=\"article:publisher\" content=\"https:\/\/m.facebook.com\/fp3motionup\/about\/\" \/>\n<meta property=\"og:image\" content=\"https:\/\/motionup.com.br\/site\/wp-content\/uploads\/2023\/11\/RB3100-15.jpg\" \/>\n\t<meta property=\"og:image:width\" content=\"600\" \/>\n\t<meta property=\"og:image:height\" content=\"600\" \/>\n\t<meta property=\"og:image:type\" content=\"image\/jpeg\" \/>\n<meta name=\"twitter:card\" content=\"summary_large_image\" \/>\n<meta name=\"twitter:label1\" content=\"Est. tempo de leitura\" \/>\n\t<meta name=\"twitter:data1\" content=\"2 minutos\" \/>\n<script type=\"application\/ld+json\" class=\"yoast-schema-graph\">{\"@context\":\"https:\/\/schema.org\",\"@graph\":[{\"@type\":\"WebPage\",\"@id\":\"https:\/\/motionup.com.br\/site\/produto\/su8020-sensor-ultra-som-de-vazao-alcance-1-240-l-min-resistencia-100-bar-ifm\/\",\"url\":\"https:\/\/motionup.com.br\/site\/produto\/su8020-sensor-ultra-som-de-vazao-alcance-1-240-l-min-resistencia-100-bar-ifm\/\",\"name\":\"SU8020 - SENSOR ULTRA-SOM DE VAZAO - ALCANCE: 1...240 l\/min; RESISTENCIA: 100 bar - IFM - Loja Motion Up\",\"isPartOf\":{\"@id\":\"https:\/\/motionup.com.br\/site\/#website\"},\"primaryImageOfPage\":{\"@id\":\"https:\/\/motionup.com.br\/site\/produto\/su8020-sensor-ultra-som-de-vazao-alcance-1-240-l-min-resistencia-100-bar-ifm\/#primaryimage\"},\"image\":{\"@id\":\"https:\/\/motionup.com.br\/site\/produto\/su8020-sensor-ultra-som-de-vazao-alcance-1-240-l-min-resistencia-100-bar-ifm\/#primaryimage\"},\"thumbnailUrl\":\"https:\/\/motionup.com.br\/site\/wp-content\/uploads\/2023\/11\/RB3100-15.jpg\",\"datePublished\":\"2023-11-28T13:29:52+00:00\",\"breadcrumb\":{\"@id\":\"https:\/\/motionup.com.br\/site\/produto\/su8020-sensor-ultra-som-de-vazao-alcance-1-240-l-min-resistencia-100-bar-ifm\/#breadcrumb\"},\"inLanguage\":\"pt-BR\",\"potentialAction\":[{\"@type\":\"ReadAction\",\"target\":[\"https:\/\/motionup.com.br\/site\/produto\/su8020-sensor-ultra-som-de-vazao-alcance-1-240-l-min-resistencia-100-bar-ifm\/\"]}]},{\"@type\":\"ImageObject\",\"inLanguage\":\"pt-BR\",\"@id\":\"https:\/\/motionup.com.br\/site\/produto\/su8020-sensor-ultra-som-de-vazao-alcance-1-240-l-min-resistencia-100-bar-ifm\/#primaryimage\",\"url\":\"https:\/\/motionup.com.br\/site\/wp-content\/uploads\/2023\/11\/RB3100-15.jpg\",\"contentUrl\":\"https:\/\/motionup.com.br\/site\/wp-content\/uploads\/2023\/11\/RB3100-15.jpg\",\"width\":600,\"height\":600},{\"@type\":\"BreadcrumbList\",\"@id\":\"https:\/\/motionup.com.br\/site\/produto\/su8020-sensor-ultra-som-de-vazao-alcance-1-240-l-min-resistencia-100-bar-ifm\/#breadcrumb\",\"itemListElement\":[{\"@type\":\"ListItem\",\"position\":1,\"name\":\"In\u00edcio\",\"item\":\"https:\/\/motionup.com.br\/site\/\"},{\"@type\":\"ListItem\",\"position\":2,\"name\":\"Produtos\",\"item\":\"https:\/\/motionup.com.br\/site\/produtos\/\"},{\"@type\":\"ListItem\",\"position\":3,\"name\":\"SU8020 &#8211; SENSOR ULTRA-SOM DE VAZAO &#8211; ALCANCE: 1&#8230;240 l\/min; RESISTENCIA: 100 bar &#8211; IFM\"}]},{\"@type\":\"WebSite\",\"@id\":\"https:\/\/motionup.com.br\/site\/#website\",\"url\":\"https:\/\/motionup.com.br\/site\/\",\"name\":\"Motion Up\",\"description\":\"E-commerce Motion Up - Automa\u00e7\u00e3o Industrial\",\"publisher\":{\"@id\":\"https:\/\/motionup.com.br\/site\/#organization\"},\"potentialAction\":[{\"@type\":\"SearchAction\",\"target\":{\"@type\":\"EntryPoint\",\"urlTemplate\":\"https:\/\/motionup.com.br\/site\/?s={search_term_string}\"},\"query-input\":{\"@type\":\"PropertyValueSpecification\",\"valueRequired\":true,\"valueName\":\"search_term_string\"}}],\"inLanguage\":\"pt-BR\"},{\"@type\":\"Organization\",\"@id\":\"https:\/\/motionup.com.br\/site\/#organization\",\"name\":\"Motion Up\",\"url\":\"https:\/\/motionup.com.br\/site\/\",\"logo\":{\"@type\":\"ImageObject\",\"inLanguage\":\"pt-BR\",\"@id\":\"https:\/\/motionup.com.br\/site\/#\/schema\/logo\/image\/\",\"url\":\"https:\/\/motionup.com.br\/site\/wp-content\/uploads\/2025\/05\/MOTIONUP.png\",\"contentUrl\":\"https:\/\/motionup.com.br\/site\/wp-content\/uploads\/2025\/05\/MOTIONUP.png\",\"width\":1200,\"height\":601,\"caption\":\"Motion Up\"},\"image\":{\"@id\":\"https:\/\/motionup.com.br\/site\/#\/schema\/logo\/image\/\"},\"sameAs\":[\"https:\/\/m.facebook.com\/fp3motionup\/about\/\",\"https:\/\/br.linkedin.com\/company\/fpn-controle-e-automao-industrial-ltda\"]}]}<\/script>\n<!-- \/ Yoast SEO plugin. -->","yoast_head_json":{"title":"SU8020 - SENSOR ULTRA-SOM DE VAZAO - ALCANCE: 1...240 l\/min; RESISTENCIA: 100 bar - IFM - Loja Motion Up","robots":{"index":"index","follow":"follow","max-snippet":"max-snippet:-1","max-image-preview":"max-image-preview:large","max-video-preview":"max-video-preview:-1"},"canonical":"https:\/\/motionup.com.br\/site\/produto\/su8020-sensor-ultra-som-de-vazao-alcance-1-240-l-min-resistencia-100-bar-ifm\/","og_locale":"pt_BR","og_type":"article","og_title":"SU8020 - SENSOR ULTRA-SOM DE VAZAO - ALCANCE: 1...240 l\/min; RESISTENCIA: 100 bar - IFM - Loja Motion Up","og_description":"SU8020 &#8211; SENSOR ULTRA-SOM DE VAZAO &#8211; ALCANCE: 1&#8230;240 l\/min; RESISTENCIA: 100 bar &#8211; IFM Consulte um vendedor e solicite um or\u00e7amento vendas@motionup.com.br motionup@motionup.com.br Medi\u00e7\u00e3o precisa da vaz\u00e3o de \u00e1gua ultrapura e \u00e1gua O tubo de medi\u00e7\u00e3o robusto de a\u00e7o-inox e sem componentes oferece alta resist\u00eancia a fluidos e veda\u00e7\u00e3o permanente O processo de medi\u00e7\u00e3o [&hellip;]","og_url":"https:\/\/motionup.com.br\/site\/produto\/su8020-sensor-ultra-som-de-vazao-alcance-1-240-l-min-resistencia-100-bar-ifm\/","og_site_name":"Loja Motion Up","article_publisher":"https:\/\/m.facebook.com\/fp3motionup\/about\/","og_image":[{"width":600,"height":600,"url":"https:\/\/motionup.com.br\/site\/wp-content\/uploads\/2023\/11\/RB3100-15.jpg","type":"image\/jpeg"}],"twitter_card":"summary_large_image","twitter_misc":{"Est. tempo de leitura":"2 minutos"},"schema":{"@context":"https:\/\/schema.org","@graph":[{"@type":"WebPage","@id":"https:\/\/motionup.com.br\/site\/produto\/su8020-sensor-ultra-som-de-vazao-alcance-1-240-l-min-resistencia-100-bar-ifm\/","url":"https:\/\/motionup.com.br\/site\/produto\/su8020-sensor-ultra-som-de-vazao-alcance-1-240-l-min-resistencia-100-bar-ifm\/","name":"SU8020 - SENSOR ULTRA-SOM DE VAZAO - ALCANCE: 1...240 l\/min; RESISTENCIA: 100 bar - IFM - Loja Motion Up","isPartOf":{"@id":"https:\/\/motionup.com.br\/site\/#website"},"primaryImageOfPage":{"@id":"https:\/\/motionup.com.br\/site\/produto\/su8020-sensor-ultra-som-de-vazao-alcance-1-240-l-min-resistencia-100-bar-ifm\/#primaryimage"},"image":{"@id":"https:\/\/motionup.com.br\/site\/produto\/su8020-sensor-ultra-som-de-vazao-alcance-1-240-l-min-resistencia-100-bar-ifm\/#primaryimage"},"thumbnailUrl":"https:\/\/motionup.com.br\/site\/wp-content\/uploads\/2023\/11\/RB3100-15.jpg","datePublished":"2023-11-28T13:29:52+00:00","breadcrumb":{"@id":"https:\/\/motionup.com.br\/site\/produto\/su8020-sensor-ultra-som-de-vazao-alcance-1-240-l-min-resistencia-100-bar-ifm\/#breadcrumb"},"inLanguage":"pt-BR","potentialAction":[{"@type":"ReadAction","target":["https:\/\/motionup.com.br\/site\/produto\/su8020-sensor-ultra-som-de-vazao-alcance-1-240-l-min-resistencia-100-bar-ifm\/"]}]},{"@type":"ImageObject","inLanguage":"pt-BR","@id":"https:\/\/motionup.com.br\/site\/produto\/su8020-sensor-ultra-som-de-vazao-alcance-1-240-l-min-resistencia-100-bar-ifm\/#primaryimage","url":"https:\/\/motionup.com.br\/site\/wp-content\/uploads\/2023\/11\/RB3100-15.jpg","contentUrl":"https:\/\/motionup.com.br\/site\/wp-content\/uploads\/2023\/11\/RB3100-15.jpg","width":600,"height":600},{"@type":"BreadcrumbList","@id":"https:\/\/motionup.com.br\/site\/produto\/su8020-sensor-ultra-som-de-vazao-alcance-1-240-l-min-resistencia-100-bar-ifm\/#breadcrumb","itemListElement":[{"@type":"ListItem","position":1,"name":"In\u00edcio","item":"https:\/\/motionup.com.br\/site\/"},{"@type":"ListItem","position":2,"name":"Produtos","item":"https:\/\/motionup.com.br\/site\/produtos\/"},{"@type":"ListItem","position":3,"name":"SU8020 &#8211; SENSOR ULTRA-SOM DE VAZAO &#8211; ALCANCE: 1&#8230;240 l\/min; RESISTENCIA: 100 bar &#8211; IFM"}]},{"@type":"WebSite","@id":"https:\/\/motionup.com.br\/site\/#website","url":"https:\/\/motionup.com.br\/site\/","name":"Motion Up","description":"E-commerce Motion Up - Automa\u00e7\u00e3o Industrial","publisher":{"@id":"https:\/\/motionup.com.br\/site\/#organization"},"potentialAction":[{"@type":"SearchAction","target":{"@type":"EntryPoint","urlTemplate":"https:\/\/motionup.com.br\/site\/?s={search_term_string}"},"query-input":{"@type":"PropertyValueSpecification","valueRequired":true,"valueName":"search_term_string"}}],"inLanguage":"pt-BR"},{"@type":"Organization","@id":"https:\/\/motionup.com.br\/site\/#organization","name":"Motion Up","url":"https:\/\/motionup.com.br\/site\/","logo":{"@type":"ImageObject","inLanguage":"pt-BR","@id":"https:\/\/motionup.com.br\/site\/#\/schema\/logo\/image\/","url":"https:\/\/motionup.com.br\/site\/wp-content\/uploads\/2025\/05\/MOTIONUP.png","contentUrl":"https:\/\/motionup.com.br\/site\/wp-content\/uploads\/2025\/05\/MOTIONUP.png","width":1200,"height":601,"caption":"Motion Up"},"image":{"@id":"https:\/\/motionup.com.br\/site\/#\/schema\/logo\/image\/"},"sameAs":["https:\/\/m.facebook.com\/fp3motionup\/about\/","https:\/\/br.linkedin.com\/company\/fpn-controle-e-automao-industrial-ltda"]}]}},"_links":{"self":[{"href":"https:\/\/motionup.com.br\/site\/wp-json\/wp\/v2\/product\/7441","targetHints":{"allow":["GET"]}}],"collection":[{"href":"https:\/\/motionup.com.br\/site\/wp-json\/wp\/v2\/product"}],"about":[{"href":"https:\/\/motionup.com.br\/site\/wp-json\/wp\/v2\/types\/product"}],"wp:featuredmedia":[{"embeddable":true,"href":"https:\/\/motionup.com.br\/site\/wp-json\/wp\/v2\/media\/7443"}],"wp:attachment":[{"href":"https:\/\/motionup.com.br\/site\/wp-json\/wp\/v2\/media?parent=7441"}],"wp:term":[{"taxonomy":"product_brand","embeddable":true,"href":"https:\/\/motionup.com.br\/site\/wp-json\/wp\/v2\/product_brand?post=7441"},{"taxonomy":"product_cat","embeddable":true,"href":"https:\/\/motionup.com.br\/site\/wp-json\/wp\/v2\/product_cat?post=7441"},{"taxonomy":"product_tag","embeddable":true,"href":"https:\/\/motionup.com.br\/site\/wp-json\/wp\/v2\/product_tag?post=7441"}],"curies":[{"name":"wp","href":"https:\/\/api.w.org\/{rel}","templated":true}]}}