{"id":7538,"date":"2023-12-01T10:11:51","date_gmt":"2023-12-01T13:11:51","guid":{"rendered":"https:\/\/motionup.com.br\/site\/?post_type=product&#038;p=7538"},"modified":"2023-12-01T10:11:51","modified_gmt":"2023-12-01T13:11:51","slug":"uit302-sensor-ultrassonico-inteiramente-metalico-tensao-de-saida-analogica-0-10v-ifm","status":"publish","type":"product","link":"https:\/\/motionup.com.br\/site\/produto\/uit302-sensor-ultrassonico-inteiramente-metalico-tensao-de-saida-analogica-0-10v-ifm\/","title":{"rendered":"UIT302 &#8211; SENSOR ULTRASSONICO INTEIRAMENTE METALICO &#8211; TENSAO DE SAIDA ANALOGICA: 0&#8230;10V &#8211; IFM"},"content":{"rendered":"<p>UIT302 &#8211; SENSOR ULTRASSONICO INTEIRAMENTE METALICO &#8211; TENSAO DE SAIDA ANALOGICA: 0&#8230;10V &#8211; IFM<\/p>\n<p>Consulte um vendedor e solicite um or\u00e7amento<\/p>\n<p>vendas@motionup.com.br<\/p>\n<p>motionup@motionup.com.br<\/p>\n<hr \/>\n<ul class=\"bulletpoint-list__entries\">\n<li>Medi\u00e7\u00e3o cont\u00ednua de fluxo e detec\u00e7\u00e3o de objetos para condi\u00e7\u00f5es ambientais adversas<\/li>\n<li>Resistente a fluidos agressivos<\/li>\n<li>Elevado alcance<\/li>\n<li>Sa\u00edda de comuta\u00e7\u00e3o program\u00e1vel com IO-Link e sa\u00edda anal\u00f3gica<\/li>\n<\/ul>\n<blockquote><p><strong>CARACTERISTICAS DO PRODUTO<\/strong><\/p><\/blockquote>\n<ul>\n<li>Fun\u00e7\u00e3o el\u00e9trica &#8212;&gt; PNP\/NPN; (parametriz\u00e1vel)<\/li>\n<li>Sa\u00edda &#8212;&gt; abertura \/ fechamento; (parametriz\u00e1vel)<\/li>\n<li>Alcance de detec\u00e7\u00e3o [mm] &#8212;&gt; 250&#8230;2500; (Alvo: 400 x 400 mm)<\/li>\n<li>Interface de comunica\u00e7\u00e3o &#8212;&gt; IO-Link<\/li>\n<li>Inv\u00f3lucro &#8212;&gt; forma construtiva de roscas<\/li>\n<li>Dimens\u00f5es [mm] &#8212;&gt; M30 x 1,5 \/ L = 103<\/li>\n<\/ul>\n<blockquote><p><strong>SAIDAS<\/strong><\/p><\/blockquote>\n<ul>\n<li>Sa\u00eddas totais &#8212;&gt; 2<\/li>\n<li>Fun\u00e7\u00e3o el\u00e9trica &#8212;&gt; PNP\/NPN; (parametriz\u00e1vel)<\/li>\n<li>Quantidade de sa\u00eddas digitais &#8212;&gt; 1<\/li>\n<li>Sa\u00edda &#8212;&gt; abertura \/ fechamento; (parametriz\u00e1vel)<\/li>\n<li>Queda de tens\u00e3o m\u00e1x. da sa\u00edda de comuta\u00e7\u00e3o DC [V] &#8212;&gt; 2,2<\/li>\n<li>Intensidade de corrente m\u00e1xima constante da sa\u00edda de comuta\u00e7\u00e3o DC [mA] &#8212;&gt; 100<\/li>\n<li>Frequ\u00eancia de comuta\u00e7\u00e3o DC [Hz] &#8212;&gt; 1<\/li>\n<li>Quantidade de sa\u00eddas anal\u00f3gicas &#8212;&gt; 1<\/li>\n<li>Tens\u00e3o da sa\u00edda anal\u00f3gica [V] &#8212;&gt; 0&#8230;10<\/li>\n<li>Min. resist\u00eancia de carga [\u03a9] &#8212;&gt; 3000<\/li>\n<li>Prote\u00e7\u00e3o contra curto-circuitos &#8212;&gt; sim<\/li>\n<li>Prote\u00e7\u00e3o contra sobrecarga &#8212;&gt; sim<\/li>\n<\/ul>\n","protected":false},"excerpt":{"rendered":"<p>UIT302 &#8211; SENSOR ULTRASSONICO INTEIRAMENTE METALICO &#8211; TENSAO DE SAIDA ANALOGICA: 0&#8230;10V &#8211; IFM Consulte um vendedor e solicite um or\u00e7amento vendas@motionup.com.br motionup@motionup.com.br Medi\u00e7\u00e3o cont\u00ednua de fluxo e detec\u00e7\u00e3o de objetos para condi\u00e7\u00f5es ambientais adversas Resistente a fluidos agressivos Elevado alcance Sa\u00edda de comuta\u00e7\u00e3o program\u00e1vel com IO-Link e sa\u00edda anal\u00f3gica CARACTERISTICAS DO PRODUTO Fun\u00e7\u00e3o el\u00e9trica [&hellip;]<\/p>\n","protected":false},"featured_media":7536,"template":"","meta":[],"product_brand":[],"product_cat":[353,56,669],"product_tag":[],"class_list":{"0":"post-7538","1":"product","2":"type-product","3":"status-publish","4":"has-post-thumbnail","6":"product_cat-ifm","7":"product_cat-sensores","8":"product_cat-sensores-ultrassonico","10":"first","11":"onbackorder","12":"shipping-taxable","13":"product-type-simple"},"yoast_head":"<!-- This site is optimized with the Yoast SEO plugin v26.3 - https:\/\/yoast.com\/wordpress\/plugins\/seo\/ -->\n<title>UIT302 - SENSOR ULTRASSONICO INTEIRAMENTE METALICO - TENSAO DE SAIDA ANALOGICA: 0...10V - IFM - Loja Motion Up<\/title>\n<meta name=\"robots\" content=\"index, follow, max-snippet:-1, max-image-preview:large, max-video-preview:-1\" \/>\n<link rel=\"canonical\" href=\"https:\/\/motionup.com.br\/site\/produto\/uit302-sensor-ultrassonico-inteiramente-metalico-tensao-de-saida-analogica-0-10v-ifm\/\" \/>\n<meta property=\"og:locale\" content=\"pt_BR\" \/>\n<meta property=\"og:type\" content=\"article\" \/>\n<meta property=\"og:title\" content=\"UIT302 - SENSOR ULTRASSONICO INTEIRAMENTE METALICO - TENSAO DE SAIDA ANALOGICA: 0...10V - IFM - Loja Motion Up\" \/>\n<meta property=\"og:description\" content=\"UIT302 &#8211; SENSOR ULTRASSONICO INTEIRAMENTE METALICO &#8211; TENSAO DE SAIDA ANALOGICA: 0&#8230;10V &#8211; IFM Consulte um vendedor e solicite um or\u00e7amento vendas@motionup.com.br motionup@motionup.com.br Medi\u00e7\u00e3o cont\u00ednua de fluxo e detec\u00e7\u00e3o de objetos para condi\u00e7\u00f5es ambientais adversas Resistente a fluidos agressivos Elevado alcance Sa\u00edda de comuta\u00e7\u00e3o program\u00e1vel com IO-Link e sa\u00edda anal\u00f3gica CARACTERISTICAS DO PRODUTO Fun\u00e7\u00e3o el\u00e9trica [&hellip;]\" \/>\n<meta property=\"og:url\" content=\"https:\/\/motionup.com.br\/site\/produto\/uit302-sensor-ultrassonico-inteiramente-metalico-tensao-de-saida-analogica-0-10v-ifm\/\" \/>\n<meta property=\"og:site_name\" content=\"Loja Motion Up\" \/>\n<meta property=\"article:publisher\" content=\"https:\/\/m.facebook.com\/fp3motionup\/about\/\" \/>\n<meta property=\"og:image\" content=\"https:\/\/motionup.com.br\/site\/wp-content\/uploads\/2023\/12\/RB3100-4.jpg\" \/>\n\t<meta property=\"og:image:width\" content=\"600\" \/>\n\t<meta property=\"og:image:height\" content=\"600\" \/>\n\t<meta property=\"og:image:type\" content=\"image\/jpeg\" \/>\n<meta name=\"twitter:card\" content=\"summary_large_image\" \/>\n<meta name=\"twitter:label1\" content=\"Est. tempo de leitura\" \/>\n\t<meta name=\"twitter:data1\" content=\"1 minuto\" \/>\n<script type=\"application\/ld+json\" class=\"yoast-schema-graph\">{\"@context\":\"https:\/\/schema.org\",\"@graph\":[{\"@type\":\"WebPage\",\"@id\":\"https:\/\/motionup.com.br\/site\/produto\/uit302-sensor-ultrassonico-inteiramente-metalico-tensao-de-saida-analogica-0-10v-ifm\/\",\"url\":\"https:\/\/motionup.com.br\/site\/produto\/uit302-sensor-ultrassonico-inteiramente-metalico-tensao-de-saida-analogica-0-10v-ifm\/\",\"name\":\"UIT302 - SENSOR ULTRASSONICO INTEIRAMENTE METALICO - TENSAO DE SAIDA ANALOGICA: 0...10V - IFM - Loja Motion Up\",\"isPartOf\":{\"@id\":\"https:\/\/motionup.com.br\/site\/#website\"},\"primaryImageOfPage\":{\"@id\":\"https:\/\/motionup.com.br\/site\/produto\/uit302-sensor-ultrassonico-inteiramente-metalico-tensao-de-saida-analogica-0-10v-ifm\/#primaryimage\"},\"image\":{\"@id\":\"https:\/\/motionup.com.br\/site\/produto\/uit302-sensor-ultrassonico-inteiramente-metalico-tensao-de-saida-analogica-0-10v-ifm\/#primaryimage\"},\"thumbnailUrl\":\"https:\/\/motionup.com.br\/site\/wp-content\/uploads\/2023\/12\/RB3100-4.jpg\",\"datePublished\":\"2023-12-01T13:11:51+00:00\",\"breadcrumb\":{\"@id\":\"https:\/\/motionup.com.br\/site\/produto\/uit302-sensor-ultrassonico-inteiramente-metalico-tensao-de-saida-analogica-0-10v-ifm\/#breadcrumb\"},\"inLanguage\":\"pt-BR\",\"potentialAction\":[{\"@type\":\"ReadAction\",\"target\":[\"https:\/\/motionup.com.br\/site\/produto\/uit302-sensor-ultrassonico-inteiramente-metalico-tensao-de-saida-analogica-0-10v-ifm\/\"]}]},{\"@type\":\"ImageObject\",\"inLanguage\":\"pt-BR\",\"@id\":\"https:\/\/motionup.com.br\/site\/produto\/uit302-sensor-ultrassonico-inteiramente-metalico-tensao-de-saida-analogica-0-10v-ifm\/#primaryimage\",\"url\":\"https:\/\/motionup.com.br\/site\/wp-content\/uploads\/2023\/12\/RB3100-4.jpg\",\"contentUrl\":\"https:\/\/motionup.com.br\/site\/wp-content\/uploads\/2023\/12\/RB3100-4.jpg\",\"width\":600,\"height\":600},{\"@type\":\"BreadcrumbList\",\"@id\":\"https:\/\/motionup.com.br\/site\/produto\/uit302-sensor-ultrassonico-inteiramente-metalico-tensao-de-saida-analogica-0-10v-ifm\/#breadcrumb\",\"itemListElement\":[{\"@type\":\"ListItem\",\"position\":1,\"name\":\"In\u00edcio\",\"item\":\"https:\/\/motionup.com.br\/site\/\"},{\"@type\":\"ListItem\",\"position\":2,\"name\":\"Produtos\",\"item\":\"https:\/\/motionup.com.br\/site\/produtos\/\"},{\"@type\":\"ListItem\",\"position\":3,\"name\":\"UIT302 &#8211; SENSOR ULTRASSONICO INTEIRAMENTE METALICO &#8211; TENSAO DE SAIDA ANALOGICA: 0&#8230;10V &#8211; IFM\"}]},{\"@type\":\"WebSite\",\"@id\":\"https:\/\/motionup.com.br\/site\/#website\",\"url\":\"https:\/\/motionup.com.br\/site\/\",\"name\":\"Motion Up\",\"description\":\"E-commerce Motion Up - Automa\u00e7\u00e3o Industrial\",\"publisher\":{\"@id\":\"https:\/\/motionup.com.br\/site\/#organization\"},\"potentialAction\":[{\"@type\":\"SearchAction\",\"target\":{\"@type\":\"EntryPoint\",\"urlTemplate\":\"https:\/\/motionup.com.br\/site\/?s={search_term_string}\"},\"query-input\":{\"@type\":\"PropertyValueSpecification\",\"valueRequired\":true,\"valueName\":\"search_term_string\"}}],\"inLanguage\":\"pt-BR\"},{\"@type\":\"Organization\",\"@id\":\"https:\/\/motionup.com.br\/site\/#organization\",\"name\":\"Motion Up\",\"url\":\"https:\/\/motionup.com.br\/site\/\",\"logo\":{\"@type\":\"ImageObject\",\"inLanguage\":\"pt-BR\",\"@id\":\"https:\/\/motionup.com.br\/site\/#\/schema\/logo\/image\/\",\"url\":\"https:\/\/motionup.com.br\/site\/wp-content\/uploads\/2025\/05\/MOTIONUP.png\",\"contentUrl\":\"https:\/\/motionup.com.br\/site\/wp-content\/uploads\/2025\/05\/MOTIONUP.png\",\"width\":1200,\"height\":601,\"caption\":\"Motion Up\"},\"image\":{\"@id\":\"https:\/\/motionup.com.br\/site\/#\/schema\/logo\/image\/\"},\"sameAs\":[\"https:\/\/m.facebook.com\/fp3motionup\/about\/\",\"https:\/\/br.linkedin.com\/company\/fpn-controle-e-automao-industrial-ltda\"]}]}<\/script>\n<!-- \/ Yoast SEO plugin. -->","yoast_head_json":{"title":"UIT302 - SENSOR ULTRASSONICO INTEIRAMENTE METALICO - TENSAO DE SAIDA ANALOGICA: 0...10V - IFM - Loja Motion Up","robots":{"index":"index","follow":"follow","max-snippet":"max-snippet:-1","max-image-preview":"max-image-preview:large","max-video-preview":"max-video-preview:-1"},"canonical":"https:\/\/motionup.com.br\/site\/produto\/uit302-sensor-ultrassonico-inteiramente-metalico-tensao-de-saida-analogica-0-10v-ifm\/","og_locale":"pt_BR","og_type":"article","og_title":"UIT302 - SENSOR ULTRASSONICO INTEIRAMENTE METALICO - TENSAO DE SAIDA ANALOGICA: 0...10V - IFM - Loja Motion Up","og_description":"UIT302 &#8211; SENSOR ULTRASSONICO INTEIRAMENTE METALICO &#8211; TENSAO DE SAIDA ANALOGICA: 0&#8230;10V &#8211; IFM Consulte um vendedor e solicite um or\u00e7amento vendas@motionup.com.br motionup@motionup.com.br Medi\u00e7\u00e3o cont\u00ednua de fluxo e detec\u00e7\u00e3o de objetos para condi\u00e7\u00f5es ambientais adversas Resistente a fluidos agressivos Elevado alcance Sa\u00edda de comuta\u00e7\u00e3o program\u00e1vel com IO-Link e sa\u00edda anal\u00f3gica CARACTERISTICAS DO PRODUTO Fun\u00e7\u00e3o el\u00e9trica [&hellip;]","og_url":"https:\/\/motionup.com.br\/site\/produto\/uit302-sensor-ultrassonico-inteiramente-metalico-tensao-de-saida-analogica-0-10v-ifm\/","og_site_name":"Loja Motion Up","article_publisher":"https:\/\/m.facebook.com\/fp3motionup\/about\/","og_image":[{"width":600,"height":600,"url":"https:\/\/motionup.com.br\/site\/wp-content\/uploads\/2023\/12\/RB3100-4.jpg","type":"image\/jpeg"}],"twitter_card":"summary_large_image","twitter_misc":{"Est. tempo de leitura":"1 minuto"},"schema":{"@context":"https:\/\/schema.org","@graph":[{"@type":"WebPage","@id":"https:\/\/motionup.com.br\/site\/produto\/uit302-sensor-ultrassonico-inteiramente-metalico-tensao-de-saida-analogica-0-10v-ifm\/","url":"https:\/\/motionup.com.br\/site\/produto\/uit302-sensor-ultrassonico-inteiramente-metalico-tensao-de-saida-analogica-0-10v-ifm\/","name":"UIT302 - SENSOR ULTRASSONICO INTEIRAMENTE METALICO - TENSAO DE SAIDA ANALOGICA: 0...10V - IFM - Loja Motion Up","isPartOf":{"@id":"https:\/\/motionup.com.br\/site\/#website"},"primaryImageOfPage":{"@id":"https:\/\/motionup.com.br\/site\/produto\/uit302-sensor-ultrassonico-inteiramente-metalico-tensao-de-saida-analogica-0-10v-ifm\/#primaryimage"},"image":{"@id":"https:\/\/motionup.com.br\/site\/produto\/uit302-sensor-ultrassonico-inteiramente-metalico-tensao-de-saida-analogica-0-10v-ifm\/#primaryimage"},"thumbnailUrl":"https:\/\/motionup.com.br\/site\/wp-content\/uploads\/2023\/12\/RB3100-4.jpg","datePublished":"2023-12-01T13:11:51+00:00","breadcrumb":{"@id":"https:\/\/motionup.com.br\/site\/produto\/uit302-sensor-ultrassonico-inteiramente-metalico-tensao-de-saida-analogica-0-10v-ifm\/#breadcrumb"},"inLanguage":"pt-BR","potentialAction":[{"@type":"ReadAction","target":["https:\/\/motionup.com.br\/site\/produto\/uit302-sensor-ultrassonico-inteiramente-metalico-tensao-de-saida-analogica-0-10v-ifm\/"]}]},{"@type":"ImageObject","inLanguage":"pt-BR","@id":"https:\/\/motionup.com.br\/site\/produto\/uit302-sensor-ultrassonico-inteiramente-metalico-tensao-de-saida-analogica-0-10v-ifm\/#primaryimage","url":"https:\/\/motionup.com.br\/site\/wp-content\/uploads\/2023\/12\/RB3100-4.jpg","contentUrl":"https:\/\/motionup.com.br\/site\/wp-content\/uploads\/2023\/12\/RB3100-4.jpg","width":600,"height":600},{"@type":"BreadcrumbList","@id":"https:\/\/motionup.com.br\/site\/produto\/uit302-sensor-ultrassonico-inteiramente-metalico-tensao-de-saida-analogica-0-10v-ifm\/#breadcrumb","itemListElement":[{"@type":"ListItem","position":1,"name":"In\u00edcio","item":"https:\/\/motionup.com.br\/site\/"},{"@type":"ListItem","position":2,"name":"Produtos","item":"https:\/\/motionup.com.br\/site\/produtos\/"},{"@type":"ListItem","position":3,"name":"UIT302 &#8211; SENSOR ULTRASSONICO INTEIRAMENTE METALICO &#8211; TENSAO DE SAIDA ANALOGICA: 0&#8230;10V &#8211; IFM"}]},{"@type":"WebSite","@id":"https:\/\/motionup.com.br\/site\/#website","url":"https:\/\/motionup.com.br\/site\/","name":"Motion Up","description":"E-commerce Motion Up - Automa\u00e7\u00e3o Industrial","publisher":{"@id":"https:\/\/motionup.com.br\/site\/#organization"},"potentialAction":[{"@type":"SearchAction","target":{"@type":"EntryPoint","urlTemplate":"https:\/\/motionup.com.br\/site\/?s={search_term_string}"},"query-input":{"@type":"PropertyValueSpecification","valueRequired":true,"valueName":"search_term_string"}}],"inLanguage":"pt-BR"},{"@type":"Organization","@id":"https:\/\/motionup.com.br\/site\/#organization","name":"Motion Up","url":"https:\/\/motionup.com.br\/site\/","logo":{"@type":"ImageObject","inLanguage":"pt-BR","@id":"https:\/\/motionup.com.br\/site\/#\/schema\/logo\/image\/","url":"https:\/\/motionup.com.br\/site\/wp-content\/uploads\/2025\/05\/MOTIONUP.png","contentUrl":"https:\/\/motionup.com.br\/site\/wp-content\/uploads\/2025\/05\/MOTIONUP.png","width":1200,"height":601,"caption":"Motion Up"},"image":{"@id":"https:\/\/motionup.com.br\/site\/#\/schema\/logo\/image\/"},"sameAs":["https:\/\/m.facebook.com\/fp3motionup\/about\/","https:\/\/br.linkedin.com\/company\/fpn-controle-e-automao-industrial-ltda"]}]}},"_links":{"self":[{"href":"https:\/\/motionup.com.br\/site\/wp-json\/wp\/v2\/product\/7538","targetHints":{"allow":["GET"]}}],"collection":[{"href":"https:\/\/motionup.com.br\/site\/wp-json\/wp\/v2\/product"}],"about":[{"href":"https:\/\/motionup.com.br\/site\/wp-json\/wp\/v2\/types\/product"}],"wp:featuredmedia":[{"embeddable":true,"href":"https:\/\/motionup.com.br\/site\/wp-json\/wp\/v2\/media\/7536"}],"wp:attachment":[{"href":"https:\/\/motionup.com.br\/site\/wp-json\/wp\/v2\/media?parent=7538"}],"wp:term":[{"taxonomy":"product_brand","embeddable":true,"href":"https:\/\/motionup.com.br\/site\/wp-json\/wp\/v2\/product_brand?post=7538"},{"taxonomy":"product_cat","embeddable":true,"href":"https:\/\/motionup.com.br\/site\/wp-json\/wp\/v2\/product_cat?post=7538"},{"taxonomy":"product_tag","embeddable":true,"href":"https:\/\/motionup.com.br\/site\/wp-json\/wp\/v2\/product_tag?post=7538"}],"curies":[{"name":"wp","href":"https:\/\/api.w.org\/{rel}","templated":true}]}}