{"id":7552,"date":"2024-01-02T09:13:37","date_gmt":"2024-01-02T12:13:37","guid":{"rendered":"https:\/\/motionup.com.br\/site\/?post_type=product&#038;p=7552"},"modified":"2025-06-24T14:19:58","modified_gmt":"2025-06-24T17:19:58","slug":"uit508-sensor-ultrassonico-alcance-600-8000mm-m30-x-15-l-1188-ifm","status":"publish","type":"product","link":"https:\/\/motionup.com.br\/site\/produto\/uit508-sensor-ultrassonico-alcance-600-8000mm-m30-x-15-l-1188-ifm\/","title":{"rendered":"UIT508 &#8211; SENSOR ULTRASSONICO &#8211; ALCANCE: 600&#8230;8000mm; M30 x 1,5 \/ L = 118,8 &#8211; IFM"},"content":{"rendered":"<p>UIT508 &#8211; SENSOR ULTRASSONICO &#8211; ALCANCE: 600&#8230;8000mm; M30 x 1,5 \/ L = 118,8 &#8211; IFM<\/p>\n<p>Consulte um vendedor e solicite um or\u00e7amento<\/p>\n<p>vendas@motionup.com.br<\/p>\n<p>motionup@motionup.com.br<\/p>\n<hr \/>\n<ul class=\"bulletpoint-list__entries\">\n<li>Faixa de detec\u00e7\u00e3o muito ampla<\/li>\n<li>Ajuste intuitivo da faixa de detec\u00e7\u00e3o mediante toque de bot\u00e3o ou IO-Link<\/li>\n<li>A largura do cone de som pode ser ajustada pelo IO-Link<\/li>\n<li>LEDs bem vis\u00edveis para indica\u00e7\u00e3o do estado de comuta\u00e7\u00e3o e do eco<\/li>\n<li>Com sa\u00edda de comuta\u00e7\u00e3o program\u00e1vel e sa\u00edda anal\u00f3gica gradu\u00e1vel<\/li>\n<li>Detec\u00e7\u00e3o sem contato de independente da cor, da transpar\u00eancia ou das caracter\u00edsticas da superf\u00edcie do objeto<\/li>\n<\/ul>\n<blockquote><p><strong>CARACTERISTICAS DO PRODUTO<\/strong><\/p><\/blockquote>\n<ul>\n<li>Fun\u00e7\u00e3o el\u00e9trica &#8212;&gt; PNP<\/li>\n<li>Sa\u00edda &#8212;&gt; abertura \/ fechamento; (parametriz\u00e1vel + 1x Sa\u00edda de tens\u00e3o)<\/li>\n<li>Alcance de detec\u00e7\u00e3o [mm] &#8212;&gt; 600&#8230;8000; (Alvo: 1000 x 1000 mm)<\/li>\n<li>Interface de comunica\u00e7\u00e3o &#8212;&gt; IO-Link<\/li>\n<li>Inv\u00f3lucro &#8212;&gt; forma construtiva de roscas<\/li>\n<li>Dimens\u00f5es [mm] &#8212;&gt; M30 x 1,5 \/ L = 118,8<\/li>\n<\/ul>\n","protected":false},"excerpt":{"rendered":"<p>UIT508 &#8211; SENSOR ULTRASSONICO &#8211; ALCANCE: 600&#8230;8000mm; M30 x 1,5 \/ L = 118,8 &#8211; IFM Consulte um vendedor e solicite um or\u00e7amento vendas@motionup.com.br motionup@motionup.com.br Faixa de detec\u00e7\u00e3o muito ampla Ajuste intuitivo da faixa de detec\u00e7\u00e3o mediante toque de bot\u00e3o ou IO-Link A largura do cone de som pode ser ajustada pelo IO-Link LEDs bem [&hellip;]<\/p>\n","protected":false},"featured_media":7553,"template":"","meta":[],"product_brand":[677],"product_cat":[353,56],"product_tag":[],"class_list":{"0":"post-7552","1":"product","2":"type-product","3":"status-publish","4":"has-post-thumbnail","6":"product_brand-ifm","7":"product_cat-ifm","8":"product_cat-sensores","10":"first","11":"onbackorder","12":"shipping-taxable","13":"product-type-simple"},"yoast_head":"<!-- This site is optimized with the Yoast SEO plugin v26.3 - https:\/\/yoast.com\/wordpress\/plugins\/seo\/ -->\n<title>UIT508 - SENSOR ULTRASSONICO - ALCANCE: 600...8000mm; M30 x 1,5 \/ L = 118,8 - IFM - Loja Motion Up<\/title>\n<meta name=\"robots\" content=\"index, follow, max-snippet:-1, max-image-preview:large, max-video-preview:-1\" \/>\n<link rel=\"canonical\" href=\"https:\/\/motionup.com.br\/site\/produto\/uit508-sensor-ultrassonico-alcance-600-8000mm-m30-x-15-l-1188-ifm\/\" \/>\n<meta property=\"og:locale\" content=\"pt_BR\" \/>\n<meta property=\"og:type\" content=\"article\" \/>\n<meta property=\"og:title\" content=\"UIT508 - SENSOR ULTRASSONICO - ALCANCE: 600...8000mm; M30 x 1,5 \/ L = 118,8 - IFM - Loja Motion Up\" \/>\n<meta property=\"og:description\" content=\"UIT508 &#8211; SENSOR ULTRASSONICO &#8211; ALCANCE: 600&#8230;8000mm; M30 x 1,5 \/ L = 118,8 &#8211; IFM Consulte um vendedor e solicite um or\u00e7amento vendas@motionup.com.br motionup@motionup.com.br Faixa de detec\u00e7\u00e3o muito ampla Ajuste intuitivo da faixa de detec\u00e7\u00e3o mediante toque de bot\u00e3o ou IO-Link A largura do cone de som pode ser ajustada pelo IO-Link LEDs bem [&hellip;]\" \/>\n<meta property=\"og:url\" content=\"https:\/\/motionup.com.br\/site\/produto\/uit508-sensor-ultrassonico-alcance-600-8000mm-m30-x-15-l-1188-ifm\/\" \/>\n<meta property=\"og:site_name\" content=\"Loja Motion Up\" \/>\n<meta property=\"article:publisher\" content=\"https:\/\/m.facebook.com\/fp3motionup\/about\/\" \/>\n<meta property=\"article:modified_time\" content=\"2025-06-24T17:19:58+00:00\" \/>\n<meta property=\"og:image\" content=\"https:\/\/motionup.com.br\/site\/wp-content\/uploads\/2024\/01\/UIT504-2.jpg\" \/>\n\t<meta property=\"og:image:width\" content=\"600\" \/>\n\t<meta property=\"og:image:height\" content=\"600\" \/>\n\t<meta property=\"og:image:type\" content=\"image\/jpeg\" \/>\n<meta name=\"twitter:card\" content=\"summary_large_image\" \/>\n<meta name=\"twitter:label1\" content=\"Est. tempo de leitura\" \/>\n\t<meta name=\"twitter:data1\" content=\"1 minuto\" \/>\n<script type=\"application\/ld+json\" class=\"yoast-schema-graph\">{\"@context\":\"https:\/\/schema.org\",\"@graph\":[{\"@type\":\"WebPage\",\"@id\":\"https:\/\/motionup.com.br\/site\/produto\/uit508-sensor-ultrassonico-alcance-600-8000mm-m30-x-15-l-1188-ifm\/\",\"url\":\"https:\/\/motionup.com.br\/site\/produto\/uit508-sensor-ultrassonico-alcance-600-8000mm-m30-x-15-l-1188-ifm\/\",\"name\":\"UIT508 - SENSOR ULTRASSONICO - ALCANCE: 600...8000mm; M30 x 1,5 \/ L = 118,8 - IFM - Loja Motion Up\",\"isPartOf\":{\"@id\":\"https:\/\/motionup.com.br\/site\/#website\"},\"primaryImageOfPage\":{\"@id\":\"https:\/\/motionup.com.br\/site\/produto\/uit508-sensor-ultrassonico-alcance-600-8000mm-m30-x-15-l-1188-ifm\/#primaryimage\"},\"image\":{\"@id\":\"https:\/\/motionup.com.br\/site\/produto\/uit508-sensor-ultrassonico-alcance-600-8000mm-m30-x-15-l-1188-ifm\/#primaryimage\"},\"thumbnailUrl\":\"https:\/\/motionup.com.br\/site\/wp-content\/uploads\/2024\/01\/UIT504-2.jpg\",\"datePublished\":\"2024-01-02T12:13:37+00:00\",\"dateModified\":\"2025-06-24T17:19:58+00:00\",\"breadcrumb\":{\"@id\":\"https:\/\/motionup.com.br\/site\/produto\/uit508-sensor-ultrassonico-alcance-600-8000mm-m30-x-15-l-1188-ifm\/#breadcrumb\"},\"inLanguage\":\"pt-BR\",\"potentialAction\":[{\"@type\":\"ReadAction\",\"target\":[\"https:\/\/motionup.com.br\/site\/produto\/uit508-sensor-ultrassonico-alcance-600-8000mm-m30-x-15-l-1188-ifm\/\"]}]},{\"@type\":\"ImageObject\",\"inLanguage\":\"pt-BR\",\"@id\":\"https:\/\/motionup.com.br\/site\/produto\/uit508-sensor-ultrassonico-alcance-600-8000mm-m30-x-15-l-1188-ifm\/#primaryimage\",\"url\":\"https:\/\/motionup.com.br\/site\/wp-content\/uploads\/2024\/01\/UIT504-2.jpg\",\"contentUrl\":\"https:\/\/motionup.com.br\/site\/wp-content\/uploads\/2024\/01\/UIT504-2.jpg\",\"width\":600,\"height\":600},{\"@type\":\"BreadcrumbList\",\"@id\":\"https:\/\/motionup.com.br\/site\/produto\/uit508-sensor-ultrassonico-alcance-600-8000mm-m30-x-15-l-1188-ifm\/#breadcrumb\",\"itemListElement\":[{\"@type\":\"ListItem\",\"position\":1,\"name\":\"In\u00edcio\",\"item\":\"https:\/\/motionup.com.br\/site\/\"},{\"@type\":\"ListItem\",\"position\":2,\"name\":\"Produtos\",\"item\":\"https:\/\/motionup.com.br\/site\/produtos\/\"},{\"@type\":\"ListItem\",\"position\":3,\"name\":\"UIT508 &#8211; SENSOR ULTRASSONICO &#8211; ALCANCE: 600&#8230;8000mm; M30 x 1,5 \/ L = 118,8 &#8211; IFM\"}]},{\"@type\":\"WebSite\",\"@id\":\"https:\/\/motionup.com.br\/site\/#website\",\"url\":\"https:\/\/motionup.com.br\/site\/\",\"name\":\"Motion Up\",\"description\":\"E-commerce Motion Up - Automa\u00e7\u00e3o Industrial\",\"publisher\":{\"@id\":\"https:\/\/motionup.com.br\/site\/#organization\"},\"potentialAction\":[{\"@type\":\"SearchAction\",\"target\":{\"@type\":\"EntryPoint\",\"urlTemplate\":\"https:\/\/motionup.com.br\/site\/?s={search_term_string}\"},\"query-input\":{\"@type\":\"PropertyValueSpecification\",\"valueRequired\":true,\"valueName\":\"search_term_string\"}}],\"inLanguage\":\"pt-BR\"},{\"@type\":\"Organization\",\"@id\":\"https:\/\/motionup.com.br\/site\/#organization\",\"name\":\"Motion Up\",\"url\":\"https:\/\/motionup.com.br\/site\/\",\"logo\":{\"@type\":\"ImageObject\",\"inLanguage\":\"pt-BR\",\"@id\":\"https:\/\/motionup.com.br\/site\/#\/schema\/logo\/image\/\",\"url\":\"https:\/\/motionup.com.br\/site\/wp-content\/uploads\/2025\/05\/MOTIONUP.png\",\"contentUrl\":\"https:\/\/motionup.com.br\/site\/wp-content\/uploads\/2025\/05\/MOTIONUP.png\",\"width\":1200,\"height\":601,\"caption\":\"Motion Up\"},\"image\":{\"@id\":\"https:\/\/motionup.com.br\/site\/#\/schema\/logo\/image\/\"},\"sameAs\":[\"https:\/\/m.facebook.com\/fp3motionup\/about\/\",\"https:\/\/br.linkedin.com\/company\/fpn-controle-e-automao-industrial-ltda\"]}]}<\/script>\n<!-- \/ Yoast SEO plugin. -->","yoast_head_json":{"title":"UIT508 - SENSOR ULTRASSONICO - ALCANCE: 600...8000mm; M30 x 1,5 \/ L = 118,8 - IFM - Loja Motion Up","robots":{"index":"index","follow":"follow","max-snippet":"max-snippet:-1","max-image-preview":"max-image-preview:large","max-video-preview":"max-video-preview:-1"},"canonical":"https:\/\/motionup.com.br\/site\/produto\/uit508-sensor-ultrassonico-alcance-600-8000mm-m30-x-15-l-1188-ifm\/","og_locale":"pt_BR","og_type":"article","og_title":"UIT508 - SENSOR ULTRASSONICO - ALCANCE: 600...8000mm; M30 x 1,5 \/ L = 118,8 - IFM - Loja Motion Up","og_description":"UIT508 &#8211; SENSOR ULTRASSONICO &#8211; ALCANCE: 600&#8230;8000mm; M30 x 1,5 \/ L = 118,8 &#8211; IFM Consulte um vendedor e solicite um or\u00e7amento vendas@motionup.com.br motionup@motionup.com.br Faixa de detec\u00e7\u00e3o muito ampla Ajuste intuitivo da faixa de detec\u00e7\u00e3o mediante toque de bot\u00e3o ou IO-Link A largura do cone de som pode ser ajustada pelo IO-Link LEDs bem [&hellip;]","og_url":"https:\/\/motionup.com.br\/site\/produto\/uit508-sensor-ultrassonico-alcance-600-8000mm-m30-x-15-l-1188-ifm\/","og_site_name":"Loja Motion Up","article_publisher":"https:\/\/m.facebook.com\/fp3motionup\/about\/","article_modified_time":"2025-06-24T17:19:58+00:00","og_image":[{"width":600,"height":600,"url":"https:\/\/motionup.com.br\/site\/wp-content\/uploads\/2024\/01\/UIT504-2.jpg","type":"image\/jpeg"}],"twitter_card":"summary_large_image","twitter_misc":{"Est. tempo de leitura":"1 minuto"},"schema":{"@context":"https:\/\/schema.org","@graph":[{"@type":"WebPage","@id":"https:\/\/motionup.com.br\/site\/produto\/uit508-sensor-ultrassonico-alcance-600-8000mm-m30-x-15-l-1188-ifm\/","url":"https:\/\/motionup.com.br\/site\/produto\/uit508-sensor-ultrassonico-alcance-600-8000mm-m30-x-15-l-1188-ifm\/","name":"UIT508 - SENSOR ULTRASSONICO - ALCANCE: 600...8000mm; M30 x 1,5 \/ L = 118,8 - IFM - Loja Motion Up","isPartOf":{"@id":"https:\/\/motionup.com.br\/site\/#website"},"primaryImageOfPage":{"@id":"https:\/\/motionup.com.br\/site\/produto\/uit508-sensor-ultrassonico-alcance-600-8000mm-m30-x-15-l-1188-ifm\/#primaryimage"},"image":{"@id":"https:\/\/motionup.com.br\/site\/produto\/uit508-sensor-ultrassonico-alcance-600-8000mm-m30-x-15-l-1188-ifm\/#primaryimage"},"thumbnailUrl":"https:\/\/motionup.com.br\/site\/wp-content\/uploads\/2024\/01\/UIT504-2.jpg","datePublished":"2024-01-02T12:13:37+00:00","dateModified":"2025-06-24T17:19:58+00:00","breadcrumb":{"@id":"https:\/\/motionup.com.br\/site\/produto\/uit508-sensor-ultrassonico-alcance-600-8000mm-m30-x-15-l-1188-ifm\/#breadcrumb"},"inLanguage":"pt-BR","potentialAction":[{"@type":"ReadAction","target":["https:\/\/motionup.com.br\/site\/produto\/uit508-sensor-ultrassonico-alcance-600-8000mm-m30-x-15-l-1188-ifm\/"]}]},{"@type":"ImageObject","inLanguage":"pt-BR","@id":"https:\/\/motionup.com.br\/site\/produto\/uit508-sensor-ultrassonico-alcance-600-8000mm-m30-x-15-l-1188-ifm\/#primaryimage","url":"https:\/\/motionup.com.br\/site\/wp-content\/uploads\/2024\/01\/UIT504-2.jpg","contentUrl":"https:\/\/motionup.com.br\/site\/wp-content\/uploads\/2024\/01\/UIT504-2.jpg","width":600,"height":600},{"@type":"BreadcrumbList","@id":"https:\/\/motionup.com.br\/site\/produto\/uit508-sensor-ultrassonico-alcance-600-8000mm-m30-x-15-l-1188-ifm\/#breadcrumb","itemListElement":[{"@type":"ListItem","position":1,"name":"In\u00edcio","item":"https:\/\/motionup.com.br\/site\/"},{"@type":"ListItem","position":2,"name":"Produtos","item":"https:\/\/motionup.com.br\/site\/produtos\/"},{"@type":"ListItem","position":3,"name":"UIT508 &#8211; SENSOR ULTRASSONICO &#8211; ALCANCE: 600&#8230;8000mm; M30 x 1,5 \/ L = 118,8 &#8211; IFM"}]},{"@type":"WebSite","@id":"https:\/\/motionup.com.br\/site\/#website","url":"https:\/\/motionup.com.br\/site\/","name":"Motion Up","description":"E-commerce Motion Up - Automa\u00e7\u00e3o Industrial","publisher":{"@id":"https:\/\/motionup.com.br\/site\/#organization"},"potentialAction":[{"@type":"SearchAction","target":{"@type":"EntryPoint","urlTemplate":"https:\/\/motionup.com.br\/site\/?s={search_term_string}"},"query-input":{"@type":"PropertyValueSpecification","valueRequired":true,"valueName":"search_term_string"}}],"inLanguage":"pt-BR"},{"@type":"Organization","@id":"https:\/\/motionup.com.br\/site\/#organization","name":"Motion Up","url":"https:\/\/motionup.com.br\/site\/","logo":{"@type":"ImageObject","inLanguage":"pt-BR","@id":"https:\/\/motionup.com.br\/site\/#\/schema\/logo\/image\/","url":"https:\/\/motionup.com.br\/site\/wp-content\/uploads\/2025\/05\/MOTIONUP.png","contentUrl":"https:\/\/motionup.com.br\/site\/wp-content\/uploads\/2025\/05\/MOTIONUP.png","width":1200,"height":601,"caption":"Motion Up"},"image":{"@id":"https:\/\/motionup.com.br\/site\/#\/schema\/logo\/image\/"},"sameAs":["https:\/\/m.facebook.com\/fp3motionup\/about\/","https:\/\/br.linkedin.com\/company\/fpn-controle-e-automao-industrial-ltda"]}]}},"_links":{"self":[{"href":"https:\/\/motionup.com.br\/site\/wp-json\/wp\/v2\/product\/7552","targetHints":{"allow":["GET"]}}],"collection":[{"href":"https:\/\/motionup.com.br\/site\/wp-json\/wp\/v2\/product"}],"about":[{"href":"https:\/\/motionup.com.br\/site\/wp-json\/wp\/v2\/types\/product"}],"wp:featuredmedia":[{"embeddable":true,"href":"https:\/\/motionup.com.br\/site\/wp-json\/wp\/v2\/media\/7553"}],"wp:attachment":[{"href":"https:\/\/motionup.com.br\/site\/wp-json\/wp\/v2\/media?parent=7552"}],"wp:term":[{"taxonomy":"product_brand","embeddable":true,"href":"https:\/\/motionup.com.br\/site\/wp-json\/wp\/v2\/product_brand?post=7552"},{"taxonomy":"product_cat","embeddable":true,"href":"https:\/\/motionup.com.br\/site\/wp-json\/wp\/v2\/product_cat?post=7552"},{"taxonomy":"product_tag","embeddable":true,"href":"https:\/\/motionup.com.br\/site\/wp-json\/wp\/v2\/product_tag?post=7552"}],"curies":[{"name":"wp","href":"https:\/\/api.w.org\/{rel}","templated":true}]}}