{"id":7556,"date":"2024-01-02T11:19:18","date_gmt":"2024-01-02T14:19:18","guid":{"rendered":"https:\/\/motionup.com.br\/site\/?post_type=product&#038;p=7556"},"modified":"2025-06-24T14:20:21","modified_gmt":"2025-06-24T17:20:21","slug":"vsa005-sensor-de-aceleracao-cabo-10-metros-pur-faixa-de-frequencia-1-10000hz-ifm","status":"publish","type":"product","link":"https:\/\/motionup.com.br\/site\/produto\/vsa005-sensor-de-aceleracao-cabo-10-metros-pur-faixa-de-frequencia-1-10000hz-ifm\/","title":{"rendered":"VSA005 &#8211; SENSOR DE ACELERA\u00c7\u00c3O &#8211; CABO: 10 METROS (PUR); FAIXA DE FREQUENCIA: 1&#8230;10000Hz &#8211; IFM"},"content":{"rendered":"<p>VSA005 &#8211; SENSOR DE ACELERA\u00c7\u00c3O &#8211; CABO: 10 METROS (PUR); FAIXA DE FREQUENCIA: 1&#8230;10000Hz &#8211; IFM<\/p>\n<p>Consulte um vendedor e solicite um or\u00e7amento<\/p>\n<p>vendas@motionup.com.br<\/p>\n<p>motionup@motionup.com.br<\/p>\n<hr \/>\n<ul class=\"bulletpoint-list__entries\">\n<li>Para a detec\u00e7\u00e3o confi\u00e1vel da vibra\u00e7\u00e3o em m\u00e1quinas e instala\u00e7\u00f5es<\/li>\n<li>Para conex\u00e3o a um sistema eletr\u00f4nico de diagn\u00f3stico para sensores de vibra\u00e7\u00e3o<\/li>\n<li>Ampla faixa de temperatura operacional e alto grau de prote\u00e7\u00e3o para atender aos requisitos de ambientes industriais duros<\/li>\n<li>Inv\u00f3lucro de a\u00e7o inoxid\u00e1vel compacto e robusto com elevada resist\u00eancia mec\u00e2nica a sobrecarga<\/li>\n<li>Excelente repetibilidade e baixo desvio de linearidade<\/li>\n<\/ul>\n<blockquote><p><strong>CARACTERISTICAS DO PRODUTO<\/strong><\/p><\/blockquote>\n<ul>\n<li>Vibra\u00e7\u00e3o da \u00e1rea de medi\u00e7\u00e3o [g] &#8212;&gt; -25&#8230;25<\/li>\n<li>Faixa de freq\u00fc\u00eancia [Hz] &#8212;&gt; 1&#8230;10000<\/li>\n<li>Principio de medida &#8212;&gt; capacitivo<\/li>\n<\/ul>\n<blockquote><p><strong>CONEXAO ELETRICA<\/strong><\/p><\/blockquote>\n<ul>\n<li>cabo: 10 m, PUR, \u00d8 4 mm, blindado; Comprimento m\u00e1x. do cabo: 250 m; condutor de refer\u00eancia conectado ao inv\u00f3lucro; 4 x 0,14 mm\u00b2<\/li>\n<\/ul>\n","protected":false},"excerpt":{"rendered":"<p>VSA005 &#8211; SENSOR DE ACELERA\u00c7\u00c3O &#8211; CABO: 10 METROS (PUR); FAIXA DE FREQUENCIA: 1&#8230;10000Hz &#8211; IFM Consulte um vendedor e solicite um or\u00e7amento vendas@motionup.com.br motionup@motionup.com.br Para a detec\u00e7\u00e3o confi\u00e1vel da vibra\u00e7\u00e3o em m\u00e1quinas e instala\u00e7\u00f5es Para conex\u00e3o a um sistema eletr\u00f4nico de diagn\u00f3stico para sensores de vibra\u00e7\u00e3o Ampla faixa de temperatura operacional e alto grau [&hellip;]<\/p>\n","protected":false},"featured_media":7557,"template":"","meta":[],"product_brand":[677],"product_cat":[353,56],"product_tag":[689],"class_list":{"0":"post-7556","1":"product","2":"type-product","3":"status-publish","4":"has-post-thumbnail","6":"product_brand-ifm","7":"product_cat-ifm","8":"product_cat-sensores","9":"product_tag-sensor-sensor-de-aceleracao-ifm","11":"first","12":"onbackorder","13":"shipping-taxable","14":"product-type-simple"},"yoast_head":"<!-- This site is optimized with the Yoast SEO plugin v26.3 - https:\/\/yoast.com\/wordpress\/plugins\/seo\/ -->\n<title>VSA005 - SENSOR DE ACELERA\u00c7\u00c3O - CABO: 10 METROS (PUR); FAIXA DE FREQUENCIA: 1...10000Hz - IFM - Loja Motion Up<\/title>\n<meta name=\"robots\" content=\"index, follow, max-snippet:-1, max-image-preview:large, max-video-preview:-1\" \/>\n<link rel=\"canonical\" href=\"https:\/\/motionup.com.br\/site\/produto\/vsa005-sensor-de-aceleracao-cabo-10-metros-pur-faixa-de-frequencia-1-10000hz-ifm\/\" \/>\n<meta property=\"og:locale\" content=\"pt_BR\" \/>\n<meta property=\"og:type\" content=\"article\" \/>\n<meta property=\"og:title\" content=\"VSA005 - SENSOR DE ACELERA\u00c7\u00c3O - CABO: 10 METROS (PUR); FAIXA DE FREQUENCIA: 1...10000Hz - IFM - Loja Motion Up\" \/>\n<meta property=\"og:description\" content=\"VSA005 &#8211; SENSOR DE ACELERA\u00c7\u00c3O &#8211; CABO: 10 METROS (PUR); FAIXA DE FREQUENCIA: 1&#8230;10000Hz &#8211; IFM Consulte um vendedor e solicite um or\u00e7amento vendas@motionup.com.br motionup@motionup.com.br Para a detec\u00e7\u00e3o confi\u00e1vel da vibra\u00e7\u00e3o em m\u00e1quinas e instala\u00e7\u00f5es Para conex\u00e3o a um sistema eletr\u00f4nico de diagn\u00f3stico para sensores de vibra\u00e7\u00e3o Ampla faixa de temperatura operacional e alto grau [&hellip;]\" \/>\n<meta property=\"og:url\" content=\"https:\/\/motionup.com.br\/site\/produto\/vsa005-sensor-de-aceleracao-cabo-10-metros-pur-faixa-de-frequencia-1-10000hz-ifm\/\" \/>\n<meta property=\"og:site_name\" content=\"Loja Motion Up\" \/>\n<meta property=\"article:publisher\" content=\"https:\/\/m.facebook.com\/fp3motionup\/about\/\" \/>\n<meta property=\"article:modified_time\" content=\"2025-06-24T17:20:21+00:00\" \/>\n<meta property=\"og:image\" content=\"https:\/\/motionup.com.br\/site\/wp-content\/uploads\/2024\/01\/UIT504-3.jpg\" \/>\n\t<meta property=\"og:image:width\" content=\"600\" \/>\n\t<meta property=\"og:image:height\" content=\"600\" \/>\n\t<meta property=\"og:image:type\" content=\"image\/jpeg\" \/>\n<meta name=\"twitter:card\" content=\"summary_large_image\" \/>\n<meta name=\"twitter:label1\" content=\"Est. tempo de leitura\" \/>\n\t<meta name=\"twitter:data1\" content=\"1 minuto\" \/>\n<script type=\"application\/ld+json\" class=\"yoast-schema-graph\">{\"@context\":\"https:\/\/schema.org\",\"@graph\":[{\"@type\":\"WebPage\",\"@id\":\"https:\/\/motionup.com.br\/site\/produto\/vsa005-sensor-de-aceleracao-cabo-10-metros-pur-faixa-de-frequencia-1-10000hz-ifm\/\",\"url\":\"https:\/\/motionup.com.br\/site\/produto\/vsa005-sensor-de-aceleracao-cabo-10-metros-pur-faixa-de-frequencia-1-10000hz-ifm\/\",\"name\":\"VSA005 - SENSOR DE ACELERA\u00c7\u00c3O - CABO: 10 METROS (PUR); FAIXA DE FREQUENCIA: 1...10000Hz - IFM - Loja Motion Up\",\"isPartOf\":{\"@id\":\"https:\/\/motionup.com.br\/site\/#website\"},\"primaryImageOfPage\":{\"@id\":\"https:\/\/motionup.com.br\/site\/produto\/vsa005-sensor-de-aceleracao-cabo-10-metros-pur-faixa-de-frequencia-1-10000hz-ifm\/#primaryimage\"},\"image\":{\"@id\":\"https:\/\/motionup.com.br\/site\/produto\/vsa005-sensor-de-aceleracao-cabo-10-metros-pur-faixa-de-frequencia-1-10000hz-ifm\/#primaryimage\"},\"thumbnailUrl\":\"https:\/\/motionup.com.br\/site\/wp-content\/uploads\/2024\/01\/UIT504-3.jpg\",\"datePublished\":\"2024-01-02T14:19:18+00:00\",\"dateModified\":\"2025-06-24T17:20:21+00:00\",\"breadcrumb\":{\"@id\":\"https:\/\/motionup.com.br\/site\/produto\/vsa005-sensor-de-aceleracao-cabo-10-metros-pur-faixa-de-frequencia-1-10000hz-ifm\/#breadcrumb\"},\"inLanguage\":\"pt-BR\",\"potentialAction\":[{\"@type\":\"ReadAction\",\"target\":[\"https:\/\/motionup.com.br\/site\/produto\/vsa005-sensor-de-aceleracao-cabo-10-metros-pur-faixa-de-frequencia-1-10000hz-ifm\/\"]}]},{\"@type\":\"ImageObject\",\"inLanguage\":\"pt-BR\",\"@id\":\"https:\/\/motionup.com.br\/site\/produto\/vsa005-sensor-de-aceleracao-cabo-10-metros-pur-faixa-de-frequencia-1-10000hz-ifm\/#primaryimage\",\"url\":\"https:\/\/motionup.com.br\/site\/wp-content\/uploads\/2024\/01\/UIT504-3.jpg\",\"contentUrl\":\"https:\/\/motionup.com.br\/site\/wp-content\/uploads\/2024\/01\/UIT504-3.jpg\",\"width\":600,\"height\":600},{\"@type\":\"BreadcrumbList\",\"@id\":\"https:\/\/motionup.com.br\/site\/produto\/vsa005-sensor-de-aceleracao-cabo-10-metros-pur-faixa-de-frequencia-1-10000hz-ifm\/#breadcrumb\",\"itemListElement\":[{\"@type\":\"ListItem\",\"position\":1,\"name\":\"In\u00edcio\",\"item\":\"https:\/\/motionup.com.br\/site\/\"},{\"@type\":\"ListItem\",\"position\":2,\"name\":\"Produtos\",\"item\":\"https:\/\/motionup.com.br\/site\/produtos\/\"},{\"@type\":\"ListItem\",\"position\":3,\"name\":\"VSA005 &#8211; SENSOR DE ACELERA\u00c7\u00c3O &#8211; CABO: 10 METROS (PUR); FAIXA DE FREQUENCIA: 1&#8230;10000Hz &#8211; IFM\"}]},{\"@type\":\"WebSite\",\"@id\":\"https:\/\/motionup.com.br\/site\/#website\",\"url\":\"https:\/\/motionup.com.br\/site\/\",\"name\":\"Motion Up\",\"description\":\"E-commerce Motion Up - Automa\u00e7\u00e3o Industrial\",\"publisher\":{\"@id\":\"https:\/\/motionup.com.br\/site\/#organization\"},\"potentialAction\":[{\"@type\":\"SearchAction\",\"target\":{\"@type\":\"EntryPoint\",\"urlTemplate\":\"https:\/\/motionup.com.br\/site\/?s={search_term_string}\"},\"query-input\":{\"@type\":\"PropertyValueSpecification\",\"valueRequired\":true,\"valueName\":\"search_term_string\"}}],\"inLanguage\":\"pt-BR\"},{\"@type\":\"Organization\",\"@id\":\"https:\/\/motionup.com.br\/site\/#organization\",\"name\":\"Motion Up\",\"url\":\"https:\/\/motionup.com.br\/site\/\",\"logo\":{\"@type\":\"ImageObject\",\"inLanguage\":\"pt-BR\",\"@id\":\"https:\/\/motionup.com.br\/site\/#\/schema\/logo\/image\/\",\"url\":\"https:\/\/motionup.com.br\/site\/wp-content\/uploads\/2025\/05\/MOTIONUP.png\",\"contentUrl\":\"https:\/\/motionup.com.br\/site\/wp-content\/uploads\/2025\/05\/MOTIONUP.png\",\"width\":1200,\"height\":601,\"caption\":\"Motion Up\"},\"image\":{\"@id\":\"https:\/\/motionup.com.br\/site\/#\/schema\/logo\/image\/\"},\"sameAs\":[\"https:\/\/m.facebook.com\/fp3motionup\/about\/\",\"https:\/\/br.linkedin.com\/company\/fpn-controle-e-automao-industrial-ltda\"]}]}<\/script>\n<!-- \/ Yoast SEO plugin. -->","yoast_head_json":{"title":"VSA005 - SENSOR DE ACELERA\u00c7\u00c3O - CABO: 10 METROS (PUR); FAIXA DE FREQUENCIA: 1...10000Hz - IFM - Loja Motion Up","robots":{"index":"index","follow":"follow","max-snippet":"max-snippet:-1","max-image-preview":"max-image-preview:large","max-video-preview":"max-video-preview:-1"},"canonical":"https:\/\/motionup.com.br\/site\/produto\/vsa005-sensor-de-aceleracao-cabo-10-metros-pur-faixa-de-frequencia-1-10000hz-ifm\/","og_locale":"pt_BR","og_type":"article","og_title":"VSA005 - SENSOR DE ACELERA\u00c7\u00c3O - CABO: 10 METROS (PUR); FAIXA DE FREQUENCIA: 1...10000Hz - IFM - Loja Motion Up","og_description":"VSA005 &#8211; SENSOR DE ACELERA\u00c7\u00c3O &#8211; CABO: 10 METROS (PUR); FAIXA DE FREQUENCIA: 1&#8230;10000Hz &#8211; IFM Consulte um vendedor e solicite um or\u00e7amento vendas@motionup.com.br motionup@motionup.com.br Para a detec\u00e7\u00e3o confi\u00e1vel da vibra\u00e7\u00e3o em m\u00e1quinas e instala\u00e7\u00f5es Para conex\u00e3o a um sistema eletr\u00f4nico de diagn\u00f3stico para sensores de vibra\u00e7\u00e3o Ampla faixa de temperatura operacional e alto grau [&hellip;]","og_url":"https:\/\/motionup.com.br\/site\/produto\/vsa005-sensor-de-aceleracao-cabo-10-metros-pur-faixa-de-frequencia-1-10000hz-ifm\/","og_site_name":"Loja Motion Up","article_publisher":"https:\/\/m.facebook.com\/fp3motionup\/about\/","article_modified_time":"2025-06-24T17:20:21+00:00","og_image":[{"width":600,"height":600,"url":"https:\/\/motionup.com.br\/site\/wp-content\/uploads\/2024\/01\/UIT504-3.jpg","type":"image\/jpeg"}],"twitter_card":"summary_large_image","twitter_misc":{"Est. tempo de leitura":"1 minuto"},"schema":{"@context":"https:\/\/schema.org","@graph":[{"@type":"WebPage","@id":"https:\/\/motionup.com.br\/site\/produto\/vsa005-sensor-de-aceleracao-cabo-10-metros-pur-faixa-de-frequencia-1-10000hz-ifm\/","url":"https:\/\/motionup.com.br\/site\/produto\/vsa005-sensor-de-aceleracao-cabo-10-metros-pur-faixa-de-frequencia-1-10000hz-ifm\/","name":"VSA005 - SENSOR DE ACELERA\u00c7\u00c3O - CABO: 10 METROS (PUR); FAIXA DE FREQUENCIA: 1...10000Hz - IFM - Loja Motion Up","isPartOf":{"@id":"https:\/\/motionup.com.br\/site\/#website"},"primaryImageOfPage":{"@id":"https:\/\/motionup.com.br\/site\/produto\/vsa005-sensor-de-aceleracao-cabo-10-metros-pur-faixa-de-frequencia-1-10000hz-ifm\/#primaryimage"},"image":{"@id":"https:\/\/motionup.com.br\/site\/produto\/vsa005-sensor-de-aceleracao-cabo-10-metros-pur-faixa-de-frequencia-1-10000hz-ifm\/#primaryimage"},"thumbnailUrl":"https:\/\/motionup.com.br\/site\/wp-content\/uploads\/2024\/01\/UIT504-3.jpg","datePublished":"2024-01-02T14:19:18+00:00","dateModified":"2025-06-24T17:20:21+00:00","breadcrumb":{"@id":"https:\/\/motionup.com.br\/site\/produto\/vsa005-sensor-de-aceleracao-cabo-10-metros-pur-faixa-de-frequencia-1-10000hz-ifm\/#breadcrumb"},"inLanguage":"pt-BR","potentialAction":[{"@type":"ReadAction","target":["https:\/\/motionup.com.br\/site\/produto\/vsa005-sensor-de-aceleracao-cabo-10-metros-pur-faixa-de-frequencia-1-10000hz-ifm\/"]}]},{"@type":"ImageObject","inLanguage":"pt-BR","@id":"https:\/\/motionup.com.br\/site\/produto\/vsa005-sensor-de-aceleracao-cabo-10-metros-pur-faixa-de-frequencia-1-10000hz-ifm\/#primaryimage","url":"https:\/\/motionup.com.br\/site\/wp-content\/uploads\/2024\/01\/UIT504-3.jpg","contentUrl":"https:\/\/motionup.com.br\/site\/wp-content\/uploads\/2024\/01\/UIT504-3.jpg","width":600,"height":600},{"@type":"BreadcrumbList","@id":"https:\/\/motionup.com.br\/site\/produto\/vsa005-sensor-de-aceleracao-cabo-10-metros-pur-faixa-de-frequencia-1-10000hz-ifm\/#breadcrumb","itemListElement":[{"@type":"ListItem","position":1,"name":"In\u00edcio","item":"https:\/\/motionup.com.br\/site\/"},{"@type":"ListItem","position":2,"name":"Produtos","item":"https:\/\/motionup.com.br\/site\/produtos\/"},{"@type":"ListItem","position":3,"name":"VSA005 &#8211; SENSOR DE ACELERA\u00c7\u00c3O &#8211; CABO: 10 METROS (PUR); FAIXA DE FREQUENCIA: 1&#8230;10000Hz &#8211; IFM"}]},{"@type":"WebSite","@id":"https:\/\/motionup.com.br\/site\/#website","url":"https:\/\/motionup.com.br\/site\/","name":"Motion Up","description":"E-commerce Motion Up - Automa\u00e7\u00e3o Industrial","publisher":{"@id":"https:\/\/motionup.com.br\/site\/#organization"},"potentialAction":[{"@type":"SearchAction","target":{"@type":"EntryPoint","urlTemplate":"https:\/\/motionup.com.br\/site\/?s={search_term_string}"},"query-input":{"@type":"PropertyValueSpecification","valueRequired":true,"valueName":"search_term_string"}}],"inLanguage":"pt-BR"},{"@type":"Organization","@id":"https:\/\/motionup.com.br\/site\/#organization","name":"Motion Up","url":"https:\/\/motionup.com.br\/site\/","logo":{"@type":"ImageObject","inLanguage":"pt-BR","@id":"https:\/\/motionup.com.br\/site\/#\/schema\/logo\/image\/","url":"https:\/\/motionup.com.br\/site\/wp-content\/uploads\/2025\/05\/MOTIONUP.png","contentUrl":"https:\/\/motionup.com.br\/site\/wp-content\/uploads\/2025\/05\/MOTIONUP.png","width":1200,"height":601,"caption":"Motion Up"},"image":{"@id":"https:\/\/motionup.com.br\/site\/#\/schema\/logo\/image\/"},"sameAs":["https:\/\/m.facebook.com\/fp3motionup\/about\/","https:\/\/br.linkedin.com\/company\/fpn-controle-e-automao-industrial-ltda"]}]}},"_links":{"self":[{"href":"https:\/\/motionup.com.br\/site\/wp-json\/wp\/v2\/product\/7556","targetHints":{"allow":["GET"]}}],"collection":[{"href":"https:\/\/motionup.com.br\/site\/wp-json\/wp\/v2\/product"}],"about":[{"href":"https:\/\/motionup.com.br\/site\/wp-json\/wp\/v2\/types\/product"}],"wp:featuredmedia":[{"embeddable":true,"href":"https:\/\/motionup.com.br\/site\/wp-json\/wp\/v2\/media\/7557"}],"wp:attachment":[{"href":"https:\/\/motionup.com.br\/site\/wp-json\/wp\/v2\/media?parent=7556"}],"wp:term":[{"taxonomy":"product_brand","embeddable":true,"href":"https:\/\/motionup.com.br\/site\/wp-json\/wp\/v2\/product_brand?post=7556"},{"taxonomy":"product_cat","embeddable":true,"href":"https:\/\/motionup.com.br\/site\/wp-json\/wp\/v2\/product_cat?post=7556"},{"taxonomy":"product_tag","embeddable":true,"href":"https:\/\/motionup.com.br\/site\/wp-json\/wp\/v2\/product_tag?post=7556"}],"curies":[{"name":"wp","href":"https:\/\/api.w.org\/{rel}","templated":true}]}}