{"id":7565,"date":"2024-01-02T15:04:44","date_gmt":"2024-01-02T18:04:44","guid":{"rendered":"https:\/\/motionup.com.br\/site\/?post_type=product&#038;p=7565"},"modified":"2025-06-24T14:22:25","modified_gmt":"2025-06-24T17:22:25","slug":"vvb001-sensor-de-vibracao-freq-2-10000hz-medida-capacitivo-ifm","status":"publish","type":"product","link":"https:\/\/motionup.com.br\/site\/produto\/vvb001-sensor-de-vibracao-freq-2-10000hz-medida-capacitivo-ifm\/","title":{"rendered":"VVB001 &#8211; SENSOR DE VIBRA\u00c7\u00c3O &#8211; FREQ: 2&#8230;10000Hz; MEDIDA: CAPACITIVO &#8211; IFM"},"content":{"rendered":"<p>VVB001 &#8211; SENSOR DE VIBRA\u00c7\u00c3O &#8211; FREQ: 2&#8230;10000Hz; MEDIDA: CAPACITIVO &#8211; IFM<\/p>\n<p>Consulte um vendedor e solicite um or\u00e7amento<\/p>\n<p>vendas@motionup.com.br<\/p>\n<p>motionup@motionup.com.br<\/p>\n<hr \/>\n<ul class=\"bulletpoint-list__entries\">\n<li>Conserva\u00e7\u00e3o baseada no estado gra\u00e7as ao monitoramento de desbalanceamentos e do estado do rolamento ou da engrenagem<\/li>\n<li>Ampla faixa de temperatura operacional e alto grau de prote\u00e7\u00e3o para atender aos requisitos de ambientes industriais duros<\/li>\n<li>Monitoramento confi\u00e1vel e permanente de valores caracter\u00edsticos incluindo o registro de dados brutos<\/li>\n<li>Integra\u00e7\u00e3o em sistemas industriais Ethernet sem quadro de distribui\u00e7\u00e3o e sem cabeamento complexo<\/li>\n<li>Transmiss\u00e3o ass\u00edncrona de dados brutos (BLOB) e contador integrado de horas de opera\u00e7\u00e3o<\/li>\n<\/ul>\n<blockquote><p><strong>CAMPO DE APLICA\u00c7\u00c3O<\/strong><\/p><\/blockquote>\n<ul>\n<li>Aplica\u00e7\u00e3o &#8212;&gt; M\u00e1quinas industriais<\/li>\n<\/ul>\n","protected":false},"excerpt":{"rendered":"<p>VVB001 &#8211; SENSOR DE VIBRA\u00c7\u00c3O &#8211; FREQ: 2&#8230;10000Hz; MEDIDA: CAPACITIVO &#8211; IFM Consulte um vendedor e solicite um or\u00e7amento vendas@motionup.com.br motionup@motionup.com.br Conserva\u00e7\u00e3o baseada no estado gra\u00e7as ao monitoramento de desbalanceamentos e do estado do rolamento ou da engrenagem Ampla faixa de temperatura operacional e alto grau de prote\u00e7\u00e3o para atender aos requisitos de ambientes industriais [&hellip;]<\/p>\n","protected":false},"featured_media":7566,"template":"","meta":[],"product_brand":[677],"product_cat":[56],"product_tag":[58,57],"class_list":{"0":"post-7565","1":"product","2":"type-product","3":"status-publish","4":"has-post-thumbnail","6":"product_brand-ifm","7":"product_cat-sensores","8":"product_tag-ifm","9":"product_tag-sensor","11":"first","12":"onbackorder","13":"shipping-taxable","14":"product-type-simple"},"yoast_head":"<!-- This site is optimized with the Yoast SEO plugin v26.3 - https:\/\/yoast.com\/wordpress\/plugins\/seo\/ -->\n<title>VVB001 - SENSOR DE VIBRA\u00c7\u00c3O - FREQ: 2...10000Hz; MEDIDA: CAPACITIVO - IFM - Loja Motion Up<\/title>\n<meta name=\"robots\" content=\"index, follow, max-snippet:-1, max-image-preview:large, max-video-preview:-1\" \/>\n<link rel=\"canonical\" href=\"https:\/\/motionup.com.br\/site\/produto\/vvb001-sensor-de-vibracao-freq-2-10000hz-medida-capacitivo-ifm\/\" \/>\n<meta property=\"og:locale\" content=\"pt_BR\" \/>\n<meta property=\"og:type\" content=\"article\" \/>\n<meta property=\"og:title\" content=\"VVB001 - SENSOR DE VIBRA\u00c7\u00c3O - FREQ: 2...10000Hz; MEDIDA: CAPACITIVO - IFM - Loja Motion Up\" \/>\n<meta property=\"og:description\" content=\"VVB001 &#8211; SENSOR DE VIBRA\u00c7\u00c3O &#8211; FREQ: 2&#8230;10000Hz; MEDIDA: CAPACITIVO &#8211; IFM Consulte um vendedor e solicite um or\u00e7amento vendas@motionup.com.br motionup@motionup.com.br Conserva\u00e7\u00e3o baseada no estado gra\u00e7as ao monitoramento de desbalanceamentos e do estado do rolamento ou da engrenagem Ampla faixa de temperatura operacional e alto grau de prote\u00e7\u00e3o para atender aos requisitos de ambientes industriais [&hellip;]\" \/>\n<meta property=\"og:url\" content=\"https:\/\/motionup.com.br\/site\/produto\/vvb001-sensor-de-vibracao-freq-2-10000hz-medida-capacitivo-ifm\/\" \/>\n<meta property=\"og:site_name\" content=\"Loja Motion Up\" \/>\n<meta property=\"article:publisher\" content=\"https:\/\/m.facebook.com\/fp3motionup\/about\/\" \/>\n<meta property=\"article:modified_time\" content=\"2025-06-24T17:22:25+00:00\" \/>\n<meta property=\"og:image\" content=\"https:\/\/motionup.com.br\/site\/wp-content\/uploads\/2024\/01\/UIT504-5.jpg\" \/>\n\t<meta property=\"og:image:width\" content=\"600\" \/>\n\t<meta property=\"og:image:height\" content=\"600\" \/>\n\t<meta property=\"og:image:type\" content=\"image\/jpeg\" \/>\n<meta name=\"twitter:card\" content=\"summary_large_image\" \/>\n<meta name=\"twitter:label1\" content=\"Est. tempo de leitura\" \/>\n\t<meta name=\"twitter:data1\" content=\"1 minuto\" \/>\n<script type=\"application\/ld+json\" class=\"yoast-schema-graph\">{\"@context\":\"https:\/\/schema.org\",\"@graph\":[{\"@type\":\"WebPage\",\"@id\":\"https:\/\/motionup.com.br\/site\/produto\/vvb001-sensor-de-vibracao-freq-2-10000hz-medida-capacitivo-ifm\/\",\"url\":\"https:\/\/motionup.com.br\/site\/produto\/vvb001-sensor-de-vibracao-freq-2-10000hz-medida-capacitivo-ifm\/\",\"name\":\"VVB001 - SENSOR DE VIBRA\u00c7\u00c3O - FREQ: 2...10000Hz; MEDIDA: CAPACITIVO - IFM - Loja Motion Up\",\"isPartOf\":{\"@id\":\"https:\/\/motionup.com.br\/site\/#website\"},\"primaryImageOfPage\":{\"@id\":\"https:\/\/motionup.com.br\/site\/produto\/vvb001-sensor-de-vibracao-freq-2-10000hz-medida-capacitivo-ifm\/#primaryimage\"},\"image\":{\"@id\":\"https:\/\/motionup.com.br\/site\/produto\/vvb001-sensor-de-vibracao-freq-2-10000hz-medida-capacitivo-ifm\/#primaryimage\"},\"thumbnailUrl\":\"https:\/\/motionup.com.br\/site\/wp-content\/uploads\/2024\/01\/UIT504-5.jpg\",\"datePublished\":\"2024-01-02T18:04:44+00:00\",\"dateModified\":\"2025-06-24T17:22:25+00:00\",\"breadcrumb\":{\"@id\":\"https:\/\/motionup.com.br\/site\/produto\/vvb001-sensor-de-vibracao-freq-2-10000hz-medida-capacitivo-ifm\/#breadcrumb\"},\"inLanguage\":\"pt-BR\",\"potentialAction\":[{\"@type\":\"ReadAction\",\"target\":[\"https:\/\/motionup.com.br\/site\/produto\/vvb001-sensor-de-vibracao-freq-2-10000hz-medida-capacitivo-ifm\/\"]}]},{\"@type\":\"ImageObject\",\"inLanguage\":\"pt-BR\",\"@id\":\"https:\/\/motionup.com.br\/site\/produto\/vvb001-sensor-de-vibracao-freq-2-10000hz-medida-capacitivo-ifm\/#primaryimage\",\"url\":\"https:\/\/motionup.com.br\/site\/wp-content\/uploads\/2024\/01\/UIT504-5.jpg\",\"contentUrl\":\"https:\/\/motionup.com.br\/site\/wp-content\/uploads\/2024\/01\/UIT504-5.jpg\",\"width\":600,\"height\":600},{\"@type\":\"BreadcrumbList\",\"@id\":\"https:\/\/motionup.com.br\/site\/produto\/vvb001-sensor-de-vibracao-freq-2-10000hz-medida-capacitivo-ifm\/#breadcrumb\",\"itemListElement\":[{\"@type\":\"ListItem\",\"position\":1,\"name\":\"In\u00edcio\",\"item\":\"https:\/\/motionup.com.br\/site\/\"},{\"@type\":\"ListItem\",\"position\":2,\"name\":\"Produtos\",\"item\":\"https:\/\/motionup.com.br\/site\/produtos\/\"},{\"@type\":\"ListItem\",\"position\":3,\"name\":\"VVB001 &#8211; SENSOR DE VIBRA\u00c7\u00c3O &#8211; FREQ: 2&#8230;10000Hz; MEDIDA: CAPACITIVO &#8211; IFM\"}]},{\"@type\":\"WebSite\",\"@id\":\"https:\/\/motionup.com.br\/site\/#website\",\"url\":\"https:\/\/motionup.com.br\/site\/\",\"name\":\"Motion Up\",\"description\":\"E-commerce Motion Up - Automa\u00e7\u00e3o Industrial\",\"publisher\":{\"@id\":\"https:\/\/motionup.com.br\/site\/#organization\"},\"potentialAction\":[{\"@type\":\"SearchAction\",\"target\":{\"@type\":\"EntryPoint\",\"urlTemplate\":\"https:\/\/motionup.com.br\/site\/?s={search_term_string}\"},\"query-input\":{\"@type\":\"PropertyValueSpecification\",\"valueRequired\":true,\"valueName\":\"search_term_string\"}}],\"inLanguage\":\"pt-BR\"},{\"@type\":\"Organization\",\"@id\":\"https:\/\/motionup.com.br\/site\/#organization\",\"name\":\"Motion Up\",\"url\":\"https:\/\/motionup.com.br\/site\/\",\"logo\":{\"@type\":\"ImageObject\",\"inLanguage\":\"pt-BR\",\"@id\":\"https:\/\/motionup.com.br\/site\/#\/schema\/logo\/image\/\",\"url\":\"https:\/\/motionup.com.br\/site\/wp-content\/uploads\/2025\/05\/MOTIONUP.png\",\"contentUrl\":\"https:\/\/motionup.com.br\/site\/wp-content\/uploads\/2025\/05\/MOTIONUP.png\",\"width\":1200,\"height\":601,\"caption\":\"Motion Up\"},\"image\":{\"@id\":\"https:\/\/motionup.com.br\/site\/#\/schema\/logo\/image\/\"},\"sameAs\":[\"https:\/\/m.facebook.com\/fp3motionup\/about\/\",\"https:\/\/br.linkedin.com\/company\/fpn-controle-e-automao-industrial-ltda\"]}]}<\/script>\n<!-- \/ Yoast SEO plugin. -->","yoast_head_json":{"title":"VVB001 - SENSOR DE VIBRA\u00c7\u00c3O - FREQ: 2...10000Hz; MEDIDA: CAPACITIVO - IFM - Loja Motion Up","robots":{"index":"index","follow":"follow","max-snippet":"max-snippet:-1","max-image-preview":"max-image-preview:large","max-video-preview":"max-video-preview:-1"},"canonical":"https:\/\/motionup.com.br\/site\/produto\/vvb001-sensor-de-vibracao-freq-2-10000hz-medida-capacitivo-ifm\/","og_locale":"pt_BR","og_type":"article","og_title":"VVB001 - SENSOR DE VIBRA\u00c7\u00c3O - FREQ: 2...10000Hz; MEDIDA: CAPACITIVO - IFM - Loja Motion Up","og_description":"VVB001 &#8211; SENSOR DE VIBRA\u00c7\u00c3O &#8211; FREQ: 2&#8230;10000Hz; MEDIDA: CAPACITIVO &#8211; IFM Consulte um vendedor e solicite um or\u00e7amento vendas@motionup.com.br motionup@motionup.com.br Conserva\u00e7\u00e3o baseada no estado gra\u00e7as ao monitoramento de desbalanceamentos e do estado do rolamento ou da engrenagem Ampla faixa de temperatura operacional e alto grau de prote\u00e7\u00e3o para atender aos requisitos de ambientes industriais [&hellip;]","og_url":"https:\/\/motionup.com.br\/site\/produto\/vvb001-sensor-de-vibracao-freq-2-10000hz-medida-capacitivo-ifm\/","og_site_name":"Loja Motion Up","article_publisher":"https:\/\/m.facebook.com\/fp3motionup\/about\/","article_modified_time":"2025-06-24T17:22:25+00:00","og_image":[{"width":600,"height":600,"url":"https:\/\/motionup.com.br\/site\/wp-content\/uploads\/2024\/01\/UIT504-5.jpg","type":"image\/jpeg"}],"twitter_card":"summary_large_image","twitter_misc":{"Est. tempo de leitura":"1 minuto"},"schema":{"@context":"https:\/\/schema.org","@graph":[{"@type":"WebPage","@id":"https:\/\/motionup.com.br\/site\/produto\/vvb001-sensor-de-vibracao-freq-2-10000hz-medida-capacitivo-ifm\/","url":"https:\/\/motionup.com.br\/site\/produto\/vvb001-sensor-de-vibracao-freq-2-10000hz-medida-capacitivo-ifm\/","name":"VVB001 - SENSOR DE VIBRA\u00c7\u00c3O - FREQ: 2...10000Hz; MEDIDA: CAPACITIVO - IFM - Loja Motion Up","isPartOf":{"@id":"https:\/\/motionup.com.br\/site\/#website"},"primaryImageOfPage":{"@id":"https:\/\/motionup.com.br\/site\/produto\/vvb001-sensor-de-vibracao-freq-2-10000hz-medida-capacitivo-ifm\/#primaryimage"},"image":{"@id":"https:\/\/motionup.com.br\/site\/produto\/vvb001-sensor-de-vibracao-freq-2-10000hz-medida-capacitivo-ifm\/#primaryimage"},"thumbnailUrl":"https:\/\/motionup.com.br\/site\/wp-content\/uploads\/2024\/01\/UIT504-5.jpg","datePublished":"2024-01-02T18:04:44+00:00","dateModified":"2025-06-24T17:22:25+00:00","breadcrumb":{"@id":"https:\/\/motionup.com.br\/site\/produto\/vvb001-sensor-de-vibracao-freq-2-10000hz-medida-capacitivo-ifm\/#breadcrumb"},"inLanguage":"pt-BR","potentialAction":[{"@type":"ReadAction","target":["https:\/\/motionup.com.br\/site\/produto\/vvb001-sensor-de-vibracao-freq-2-10000hz-medida-capacitivo-ifm\/"]}]},{"@type":"ImageObject","inLanguage":"pt-BR","@id":"https:\/\/motionup.com.br\/site\/produto\/vvb001-sensor-de-vibracao-freq-2-10000hz-medida-capacitivo-ifm\/#primaryimage","url":"https:\/\/motionup.com.br\/site\/wp-content\/uploads\/2024\/01\/UIT504-5.jpg","contentUrl":"https:\/\/motionup.com.br\/site\/wp-content\/uploads\/2024\/01\/UIT504-5.jpg","width":600,"height":600},{"@type":"BreadcrumbList","@id":"https:\/\/motionup.com.br\/site\/produto\/vvb001-sensor-de-vibracao-freq-2-10000hz-medida-capacitivo-ifm\/#breadcrumb","itemListElement":[{"@type":"ListItem","position":1,"name":"In\u00edcio","item":"https:\/\/motionup.com.br\/site\/"},{"@type":"ListItem","position":2,"name":"Produtos","item":"https:\/\/motionup.com.br\/site\/produtos\/"},{"@type":"ListItem","position":3,"name":"VVB001 &#8211; SENSOR DE VIBRA\u00c7\u00c3O &#8211; FREQ: 2&#8230;10000Hz; MEDIDA: CAPACITIVO &#8211; IFM"}]},{"@type":"WebSite","@id":"https:\/\/motionup.com.br\/site\/#website","url":"https:\/\/motionup.com.br\/site\/","name":"Motion Up","description":"E-commerce Motion Up - Automa\u00e7\u00e3o Industrial","publisher":{"@id":"https:\/\/motionup.com.br\/site\/#organization"},"potentialAction":[{"@type":"SearchAction","target":{"@type":"EntryPoint","urlTemplate":"https:\/\/motionup.com.br\/site\/?s={search_term_string}"},"query-input":{"@type":"PropertyValueSpecification","valueRequired":true,"valueName":"search_term_string"}}],"inLanguage":"pt-BR"},{"@type":"Organization","@id":"https:\/\/motionup.com.br\/site\/#organization","name":"Motion Up","url":"https:\/\/motionup.com.br\/site\/","logo":{"@type":"ImageObject","inLanguage":"pt-BR","@id":"https:\/\/motionup.com.br\/site\/#\/schema\/logo\/image\/","url":"https:\/\/motionup.com.br\/site\/wp-content\/uploads\/2025\/05\/MOTIONUP.png","contentUrl":"https:\/\/motionup.com.br\/site\/wp-content\/uploads\/2025\/05\/MOTIONUP.png","width":1200,"height":601,"caption":"Motion Up"},"image":{"@id":"https:\/\/motionup.com.br\/site\/#\/schema\/logo\/image\/"},"sameAs":["https:\/\/m.facebook.com\/fp3motionup\/about\/","https:\/\/br.linkedin.com\/company\/fpn-controle-e-automao-industrial-ltda"]}]}},"_links":{"self":[{"href":"https:\/\/motionup.com.br\/site\/wp-json\/wp\/v2\/product\/7565","targetHints":{"allow":["GET"]}}],"collection":[{"href":"https:\/\/motionup.com.br\/site\/wp-json\/wp\/v2\/product"}],"about":[{"href":"https:\/\/motionup.com.br\/site\/wp-json\/wp\/v2\/types\/product"}],"wp:featuredmedia":[{"embeddable":true,"href":"https:\/\/motionup.com.br\/site\/wp-json\/wp\/v2\/media\/7566"}],"wp:attachment":[{"href":"https:\/\/motionup.com.br\/site\/wp-json\/wp\/v2\/media?parent=7565"}],"wp:term":[{"taxonomy":"product_brand","embeddable":true,"href":"https:\/\/motionup.com.br\/site\/wp-json\/wp\/v2\/product_brand?post=7565"},{"taxonomy":"product_cat","embeddable":true,"href":"https:\/\/motionup.com.br\/site\/wp-json\/wp\/v2\/product_cat?post=7565"},{"taxonomy":"product_tag","embeddable":true,"href":"https:\/\/motionup.com.br\/site\/wp-json\/wp\/v2\/product_tag?post=7565"}],"curies":[{"name":"wp","href":"https:\/\/api.w.org\/{rel}","templated":true}]}}